{"id":7129,"date":"2023-11-07T12:37:01","date_gmt":"2023-11-07T12:37:01","guid":{"rendered":"https:\/\/bomedia.net\/product\/gelb-ador-solvent-tintenpatrone"},"modified":"2023-11-07T12:37:01","modified_gmt":"2023-11-07T12:37:01","slug":"gelb-ador-solvent-tintenpatrone","status":"publish","type":"product","link":"https:\/\/bomedia.net\/de\/produkt\/gelb-ador-solvent-tintenpatrone","title":{"rendered":"Gelb &#8211; Ador Solvent Tintenpatrone"},"content":{"rendered":"<p><strong>SOLVENTTINTE ADOR GELB<\/strong><\/p>\n<p>Die L\u00f6semitteltinte von Ador wurde speziell f\u00fcr das Ador Druckmodul entwickelt, um die bestm\u00f6gliche Farbbrillanz f\u00fcr Ihre Motive zu gew\u00e4hrleisten.<\/p>\n<p><strong>MEHR FARBEN F\u00dcR FARBMISCHUNGEN ODER FARBVERLAUFSDRUCKE W\u00c4HLEN:<\/strong><\/p>\n<ul>\n<li>Cyan<\/li>\n<li>Magenta<\/li>\n<li>Gelb<\/li>\n<li>Schwarz<\/li>\n<\/ul>\n<p><strong>TINTENSPEICHER:<\/strong><\/p>\n<p>Sie k\u00f6nnen Tintenpatronen bis zu 6 Monate lang aufbewahren.<\/p>\n","protected":false},"excerpt":{"rendered":"<p><strong>Nachf\u00fcllpatrone Gelb<\/strong><\/p>\n<p>Die L\u00f6semitteltinte von Ador wurde speziell f\u00fcr das Ador Druckmodul entwickelt, um die bestm\u00f6gliche Farbbrillanz f\u00fcr Ihre Motive zu gew\u00e4hrleisten.<\/p>\n","protected":false},"featured_media":7077,"template":"","meta":{"zakra_page_container_layout":"customizer","zakra_page_sidebar_layout":"customizer","zakra_remove_content_margin":false,"zakra_sidebar":"customizer","zakra_transparent_header":"customizer","zakra_logo":0,"zakra_main_header_style":"default","zakra_menu_item_color":"","zakra_menu_item_hover_color":"","zakra_menu_item_active_color":"","zakra_menu_active_style":"","zakra_page_header":true,"_eb_attr":""},"product_brand":[],"product_cat":[243],"product_tag":[],"class_list":{"0":"post-7129","1":"product","2":"type-product","3":"status-publish","4":"has-post-thumbnail","6":"product_cat-fluxlaser","8":"first","9":"onbackorder","10":"taxable","11":"shipping-taxable","12":"purchasable","13":"product-type-simple"},"_links":{"self":[{"href":"https:\/\/bomedia.net\/de\/wp-json\/wp\/v2\/product\/7129","targetHints":{"allow":["GET"]}}],"collection":[{"href":"https:\/\/bomedia.net\/de\/wp-json\/wp\/v2\/product"}],"about":[{"href":"https:\/\/bomedia.net\/de\/wp-json\/wp\/v2\/types\/product"}],"version-history":[{"count":0,"href":"https:\/\/bomedia.net\/de\/wp-json\/wp\/v2\/product\/7129\/revisions"}],"wp:featuredmedia":[{"embeddable":true,"href":"https:\/\/bomedia.net\/de\/wp-json\/wp\/v2\/media\/7077"}],"wp:attachment":[{"href":"https:\/\/bomedia.net\/de\/wp-json\/wp\/v2\/media?parent=7129"}],"wp:term":[{"taxonomy":"product_brand","embeddable":true,"href":"https:\/\/bomedia.net\/de\/wp-json\/wp\/v2\/product_brand?post=7129"},{"taxonomy":"product_cat","embeddable":true,"href":"https:\/\/bomedia.net\/de\/wp-json\/wp\/v2\/product_cat?post=7129"},{"taxonomy":"product_tag","embeddable":true,"href":"https:\/\/bomedia.net\/de\/wp-json\/wp\/v2\/product_tag?post=7129"}],"curies":[{"name":"wp","href":"https:\/\/api.w.org\/{rel}","templated":true}]}}