{"id":7157,"date":"2023-11-07T12:06:47","date_gmt":"2023-11-07T12:06:47","guid":{"rendered":"https:\/\/bomedia.net\/product\/flux-ador-20w-modul-nur-modul"},"modified":"2023-11-07T12:06:47","modified_gmt":"2023-11-07T12:06:47","slug":"flux-ador-20w-modul-nur-modul","status":"publish","type":"product","link":"https:\/\/bomedia.net\/de\/produkt\/flux-ador-20w-modul-nur-modul","title":{"rendered":"FLUX ADOR 20W MODUL (NUR MODUL)"},"content":{"rendered":"<h2>ADOR MODUL 20W (NUR MODUL)<\/h2>\n<p>Wenn Sie auf mehr Leistung aufr\u00fcsten m\u00f6chten, ben\u00f6tigen Sie das Ador 20-W-Modul.<\/p>\n<p>Dies gilt nur f\u00fcr das Modul und nicht f\u00fcr das Ador-Ger\u00e4t.<\/p>\n<h3>WAS IST IN DER SCHACHTEL?<\/h3>\n<ul>\n<li>1 x 20-W-Diodenlaser-Modul<\/li>\n<li>1x Netzadapter<\/li>\n<\/ul>\n","protected":false},"excerpt":{"rendered":"<p>Wenn Sie auf mehr Leistung aufr\u00fcsten m\u00f6chten, ben\u00f6tigen Sie das Ador 20-W-Modul.<br \/>\nDies gilt nur f\u00fcr das Modul und nicht f\u00fcr das Ador-Ger\u00e4t.<\/p>\n","protected":false},"featured_media":6895,"template":"","meta":{"zakra_page_container_layout":"customizer","zakra_page_sidebar_layout":"customizer","zakra_remove_content_margin":false,"zakra_sidebar":"customizer","zakra_transparent_header":"customizer","zakra_logo":0,"zakra_main_header_style":"default","zakra_menu_item_color":"","zakra_menu_item_hover_color":"","zakra_menu_item_active_color":"","zakra_menu_active_style":"","zakra_page_header":true,"_eb_attr":""},"product_brand":[],"product_cat":[243],"product_tag":[],"class_list":{"0":"post-7157","1":"product","2":"type-product","3":"status-publish","4":"has-post-thumbnail","6":"product_cat-fluxlaser","8":"first","9":"onbackorder","10":"taxable","11":"shipping-taxable","12":"purchasable","13":"product-type-simple"},"_links":{"self":[{"href":"https:\/\/bomedia.net\/de\/wp-json\/wp\/v2\/product\/7157","targetHints":{"allow":["GET"]}}],"collection":[{"href":"https:\/\/bomedia.net\/de\/wp-json\/wp\/v2\/product"}],"about":[{"href":"https:\/\/bomedia.net\/de\/wp-json\/wp\/v2\/types\/product"}],"version-history":[{"count":0,"href":"https:\/\/bomedia.net\/de\/wp-json\/wp\/v2\/product\/7157\/revisions"}],"wp:featuredmedia":[{"embeddable":true,"href":"https:\/\/bomedia.net\/de\/wp-json\/wp\/v2\/media\/6895"}],"wp:attachment":[{"href":"https:\/\/bomedia.net\/de\/wp-json\/wp\/v2\/media?parent=7157"}],"wp:term":[{"taxonomy":"product_brand","embeddable":true,"href":"https:\/\/bomedia.net\/de\/wp-json\/wp\/v2\/product_brand?post=7157"},{"taxonomy":"product_cat","embeddable":true,"href":"https:\/\/bomedia.net\/de\/wp-json\/wp\/v2\/product_cat?post=7157"},{"taxonomy":"product_tag","embeddable":true,"href":"https:\/\/bomedia.net\/de\/wp-json\/wp\/v2\/product_tag?post=7157"}],"curies":[{"name":"wp","href":"https:\/\/api.w.org\/{rel}","templated":true}]}}