{"id":7163,"date":"2023-07-25T10:42:14","date_gmt":"2023-07-25T10:42:14","guid":{"rendered":"https:\/\/bomedia.net\/product\/laser-1390-mbo-co2-plotter-praezisionsschneiden-gravieren-und-stanzen"},"modified":"2023-07-25T10:42:14","modified_gmt":"2023-07-25T10:42:14","slug":"laser-1390-mbo-co2-plotter-praezisionsschneiden-gravieren-und-stanzen","status":"publish","type":"product","link":"https:\/\/bomedia.net\/de\/produkt\/laser-1390-mbo-co2-plotter-praezisionsschneiden-gravieren-und-stanzen","title":{"rendered":"Laser 1390 MBO CO2 Plotter &#8211; Pr\u00e4zisionsschneiden, Gravieren und Stanzen"},"content":{"rendered":"<p><b>Herausragende Vorteile:<\/b><\/p>\n<ol>\n<li> <b> \u00dcberlegene Leistung:<\/b> Mit einem vergr\u00f6\u00dferten Arbeitsbereich und einer verbesserten Leistung im Vergleich zu unserem Modell MBO1390 bietet Ihnen diese CO2-Lasermaschine eine au\u00dfergew\u00f6hnliche Leistung. Es schneidet, schneidet und graviert organische Materialien mit Leichtigkeit.<\/li>\n<li> <b> Kompatibilit\u00e4t mit Ihren Lieblingsprogrammen:<\/b> Gestalten Sie ohne Grenzen dank der Kompatibilit\u00e4t mit f\u00fchrenden Designprogrammen wie CorelDraw, Photoshop und AutoCAD. F\u00f6rdern Sie Ihre Kreativit\u00e4t und verwirklichen Sie Ihre Ideen mit Pr\u00e4zision.<\/li>\n<li> <b> Erweiterte DSP-Steuerung:<\/b> Die kontinuierliche Kurvensteuerung und die optimierte Pfadfunktion erm\u00f6glichen es Ihnen, die Produktivit\u00e4t zu steigern und bei jedem Projekt professionelle Ergebnisse zu erzielen.<\/li>\n<li> <b> Einfache Vorab-Visualisierung:<\/b> \u00dcberpr\u00fcfen Sie mit der Vorschaufunktion, ob Ihr Entwurf auf das Material passt, bevor Sie den Auftrag ausf\u00fchren, und sorgen Sie so f\u00fcr eine effiziente Nutzung Ihrer Materialien.<\/li>\n<li> <b> Gro\u00dfe Materialvielfalt:<\/b> Gravieren und schneiden Sie m\u00fchelos eine Vielzahl von Materialien, darunter Holz, Acryl, Stoffe, lackierte Metalle und zweischichtige Kunststoffe.<\/li>\n<\/ol>\n<p><b>Anwendungen ohne Grenzen:<\/b><\/p>\n<p>Mit dem Plotter 1390 sind Ihre M\u00f6glichkeiten endlos. Von der Werbe- und Schilderindustrie bis zur Dekoration und Innenarchitektur ist alles m\u00f6glich! Experimentieren Sie mit einer Vielzahl von Materialien, wie Acryl, Holz, Methacrylat, Textilien, Leder, Gummi, Kunststoff und mehr. Gestalten Sie Leuchtschilder, Displays, Messest\u00e4nde und verleihen Sie Ihren Geschenken eine handgefertigte und pers\u00f6nliche Note.<\/p>\n<p>Wenn Sie auf der Suche nach einem Laserger\u00e4t sind, das Ihre Kreativit\u00e4t auf die n\u00e4chste Stufe hebt und Ihnen professionelle Ergebnisse liefert, ist der Laser MBO Plotter 1390 Ihre perfekte Wahl. Holen Sie mit diesem leistungsstarken Gravier- und Schneidewerkzeug das Beste aus Ihren Projekten heraus!<\/p>\n","protected":false},"excerpt":{"rendered":"<p>Entdecken Sie die Vielseitigkeit des CO2-Lasersystems unseres 1390 Plotters! Diese leistungsstarke Lasermaschine ist die perfekte L\u00f6sung f\u00fcr Ihre Gravur- und Schneidanforderungen. Seine fortschrittliche DSP (Digital Signal Processing)-Technologie steuert kontinuierliche Kurven und optimiert den Weg, was eine un\u00fcbertroffene Produktivit\u00e4t gew\u00e4hrleistet. Dar\u00fcber hinaus gleicht er die Laserleistung w\u00e4hrend des gesamten Vorgangs automatisch aus, um perfekte Schnitte bei jeder Geometrie zu erzielen. Mit nur einem Klick erwacht Ihr Entwurf auf der Maschine zum Leben.<\/p>\n","protected":false},"featured_media":5962,"template":"","meta":{"zakra_page_container_layout":"customizer","zakra_page_sidebar_layout":"customizer","zakra_remove_content_margin":false,"zakra_sidebar":"customizer","zakra_transparent_header":"customizer","zakra_logo":0,"zakra_main_header_style":"default","zakra_menu_item_color":"","zakra_menu_item_hover_color":"","zakra_menu_item_active_color":"","zakra_menu_active_style":"","zakra_page_header":true,"_eb_attr":""},"product_brand":[],"product_cat":[364,276],"product_tag":[],"class_list":{"0":"post-7163","1":"product","2":"type-product","3":"status-publish","4":"has-post-thumbnail","6":"product_cat-mbo-co2-laser-de","7":"product_cat-mbo-laser","9":"first","10":"instock","11":"featured","12":"taxable","13":"shipping-taxable","14":"purchasable","15":"product-type-simple"},"_links":{"self":[{"href":"https:\/\/bomedia.net\/de\/wp-json\/wp\/v2\/product\/7163","targetHints":{"allow":["GET"]}}],"collection":[{"href":"https:\/\/bomedia.net\/de\/wp-json\/wp\/v2\/product"}],"about":[{"href":"https:\/\/bomedia.net\/de\/wp-json\/wp\/v2\/types\/product"}],"version-history":[{"count":0,"href":"https:\/\/bomedia.net\/de\/wp-json\/wp\/v2\/product\/7163\/revisions"}],"wp:featuredmedia":[{"embeddable":true,"href":"https:\/\/bomedia.net\/de\/wp-json\/wp\/v2\/media\/5962"}],"wp:attachment":[{"href":"https:\/\/bomedia.net\/de\/wp-json\/wp\/v2\/media?parent=7163"}],"wp:term":[{"taxonomy":"product_brand","embeddable":true,"href":"https:\/\/bomedia.net\/de\/wp-json\/wp\/v2\/product_brand?post=7163"},{"taxonomy":"product_cat","embeddable":true,"href":"https:\/\/bomedia.net\/de\/wp-json\/wp\/v2\/product_cat?post=7163"},{"taxonomy":"product_tag","embeddable":true,"href":"https:\/\/bomedia.net\/de\/wp-json\/wp\/v2\/product_tag?post=7163"}],"curies":[{"name":"wp","href":"https:\/\/api.w.org\/{rel}","templated":true}]}}