{"id":7168,"date":"2023-07-25T10:21:01","date_gmt":"2023-07-25T10:21:01","guid":{"rendered":"https:\/\/bomedia.net\/product\/mini-tec-cam-60-90-cnc-fraesmaschine"},"modified":"2023-07-25T10:21:01","modified_gmt":"2023-07-25T10:21:01","slug":"mini-tec-cam-60-90-cnc-fraesmaschine","status":"publish","type":"product","link":"https:\/\/bomedia.net\/de\/produkt\/mini-tec-cam-60-90-cnc-fraesmaschine","title":{"rendered":"Mini TEC-CAM 60\/90 CNC-Fr\u00e4smaschine"},"content":{"rendered":"<p><span style=\"font-weight: 400;\">Sie suchen eine CNC-Fr\u00e4se, die Ihre Kreationen entscheidend verbessern wird? Die  <\/span><b>Mini TEC-CAM 60\/90<\/b><span style=\"font-weight: 400;\">  ist die Antwort. Mit ihrem kompakten Design und ihrer \u00fcberragenden Leistung ist diese Maschine ideal, um Ihre Fertigungsprojekte auf die n\u00e4chste Stufe zu heben.<\/span><\/p>\n<p><b>Vielseitigkeit f\u00fcr alle Arten von Anwendungen<\/b><\/p>\n<p><span style=\"font-weight: 400;\">Die Mini TEC-CAM 60\/90 ist eine CNC-Fr\u00e4smaschine, die sich an Ihre Bed\u00fcrfnisse anpasst. Ob Sie nun Schilder, Banner, Medaillen, Modelle oder Schalttafeln herstellen, diese Maschine kann eine Vielzahl von Materialien verarbeiten, darunter  <\/span><b>Aluminium, Kupfer, Kunststoff und Holz<\/b><span style=\"font-weight: 400;\">. Lass deiner Fantasie freien Lauf und kreiere einzigartige St\u00fccke!<\/span><\/p>\n<p><b>Kraft und Pr\u00e4zision bei jedem Schnitt<\/b><\/p>\n<p><span style=\"font-weight: 400;\">Mit einer leistungsstarken Spindel von <\/span><b>1,5 kW<\/b><span style=\"font-weight: 400;\"> und einer Geschwindigkeit von bis zu <\/span><b>2400 U\/min.<\/b><span style=\"font-weight: 400;\">Die Mini TEC-CAM 60\/90 bietet schnelle und pr\u00e4zise Schnitte. Dar\u00fcber hinaus sorgt die Wasserk\u00fchlung f\u00fcr eine optimale Leistung w\u00e4hrend des gesamten Fr\u00e4sprozesses.<\/span><\/p>\n<p><b>Zus\u00e4tzliche Optionen zur Maximierung Ihrer Produktivit\u00e4t<\/b><\/p>\n<p><span style=\"font-weight: 400;\">Die TEC-CAM 60\/90 Mini Fr\u00e4smaschine verf\u00fcgt \u00fcber zus\u00e4tzliche Optionen, die Ihnen helfen, einwandfreie Ergebnisse zu erzielen. Sie k\u00f6nnen w\u00e4hlen zwischen einer  <\/span><b>Material-K\u00fchlmittel<\/b><span style=\"font-weight: 400;\"> zur Aufrechterhaltung einer optimalen Temperatur, eine <\/span><b>2,2 kW-Vakuumturbine<\/b><span style=\"font-weight: 400;\"> f\u00fcr sicheres Spannen und ein <\/span><b>Sp\u00e4ne-Absaugsystem<\/b><span style=\"font-weight: 400;\"> um Ihren Arbeitsbereich sauber und ordentlich zu halten.<\/span><\/p>\n<p><b>Einhaltung von Vorschriften und einfache Installation<\/b><\/p>\n<p><span style=\"font-weight: 400;\">Seien Sie versichert, dass die Mini TEC-CAM 60\/90 alle Bestimmungen der Maschinenrichtlinie 2006\/42\/EG erf\u00fcllt und somit Qualit\u00e4t und Sicherheit garantiert. Unsere Techniker sind f\u00fcr eine schnelle und effiziente Installation geschult, so dass Sie in k\u00fcrzester Zeit betriebsbereit sind.<\/span><\/p>\n<p><b>Bringen Sie Ihre Fertigungsprojekte mit der Mini TEC-CAM 60\/90 auf Touren<\/b><\/p>\n<p><span style=\"font-weight: 400;\">Verlieren Sie keine Zeit mehr und entdecken Sie, wie die TEC-CAM 60\/90 Mini CNC-Fr\u00e4smaschine Ihre Ideen in die Realit\u00e4t umsetzen kann. Setzen Sie sich noch heute mit uns in Verbindung und machen Sie den Sprung zu Spitzenleistungen in der Fertigung.<\/span><\/p>\n<h3><b>Zus\u00e4tzliche Optionen<\/b><\/h3>\n<ul>\n<li>Material K\u00fchlmittel<\/li>\n<li>2,2 kW Vakuumturbine<\/li>\n<li>Sp\u00e4neabsauganlage<\/li>\n<\/ul>\n","protected":false},"excerpt":{"rendered":"<h3>Kraft und Pr\u00e4zision in Ihren H\u00e4nden mit der TEC-CAM 60\/90 Mini CNC-Fr\u00e4se!<\/h3>\n<p><b>Entdecken Sie die modernste CNC-Fr\u00e4smaschine<\/b><span style=\"font-weight: 400;\"> f\u00fcr Ihre Fertigungsprojekte<\/span><\/p>\n<p><b>Unbegrenzte Vielseitigkeit<\/b><span style=\"font-weight: 400;\"> zur Erstellung von Beschilderungen, Bannern, Mock-ups und mehr<\/span><\/p>\n<p><b>Au\u00dfergew\u00f6hnliche Leistung und Pr\u00e4zision<\/b><span style=\"font-weight: 400;\"> f\u00fcr die Bearbeitung von metallischen und nicht-metallischen Materialien<\/span><\/p>\n","protected":false},"featured_media":5956,"template":"","meta":{"zakra_page_container_layout":"customizer","zakra_page_sidebar_layout":"customizer","zakra_remove_content_margin":false,"zakra_sidebar":"customizer","zakra_transparent_header":"customizer","zakra_logo":0,"zakra_main_header_style":"default","zakra_menu_item_color":"","zakra_menu_item_hover_color":"","zakra_menu_item_active_color":"","zakra_menu_active_style":"","zakra_page_header":true,"_eb_attr":""},"product_brand":[],"product_cat":[400,276],"product_tag":[],"class_list":{"0":"post-7168","1":"product","2":"type-product","3":"status-publish","4":"has-post-thumbnail","6":"product_cat-mbo-cnc-frasmaschinen","7":"product_cat-mbo-laser","9":"first","10":"instock","11":"featured","12":"taxable","13":"shipping-taxable","14":"purchasable","15":"product-type-simple"},"_links":{"self":[{"href":"https:\/\/bomedia.net\/de\/wp-json\/wp\/v2\/product\/7168","targetHints":{"allow":["GET"]}}],"collection":[{"href":"https:\/\/bomedia.net\/de\/wp-json\/wp\/v2\/product"}],"about":[{"href":"https:\/\/bomedia.net\/de\/wp-json\/wp\/v2\/types\/product"}],"version-history":[{"count":0,"href":"https:\/\/bomedia.net\/de\/wp-json\/wp\/v2\/product\/7168\/revisions"}],"wp:featuredmedia":[{"embeddable":true,"href":"https:\/\/bomedia.net\/de\/wp-json\/wp\/v2\/media\/5956"}],"wp:attachment":[{"href":"https:\/\/bomedia.net\/de\/wp-json\/wp\/v2\/media?parent=7168"}],"wp:term":[{"taxonomy":"product_brand","embeddable":true,"href":"https:\/\/bomedia.net\/de\/wp-json\/wp\/v2\/product_brand?post=7168"},{"taxonomy":"product_cat","embeddable":true,"href":"https:\/\/bomedia.net\/de\/wp-json\/wp\/v2\/product_cat?post=7168"},{"taxonomy":"product_tag","embeddable":true,"href":"https:\/\/bomedia.net\/de\/wp-json\/wp\/v2\/product_tag?post=7168"}],"curies":[{"name":"wp","href":"https:\/\/api.w.org\/{rel}","templated":true}]}}