{"id":7511,"date":"2021-12-14T11:31:16","date_gmt":"2021-12-14T11:31:16","guid":{"rendered":"https:\/\/bomedia.net\/product\/8-kanal-dickstoffroehren"},"modified":"2021-12-14T11:31:16","modified_gmt":"2021-12-14T11:31:16","slug":"8-kanal-dickstoffroehren","status":"publish","type":"product","link":"https:\/\/bomedia.net\/de\/produkt\/8-kanal-dickstoffroehren","title":{"rendered":"8-Kanal-Dickstoffr\u00f6hren"},"content":{"rendered":"","protected":false},"excerpt":{"rendered":"<p>Ersatztintenschl\u00e4uche f\u00fcr Led Artis UV-Drucker (3000Pro, 5000, Young) und MBO 4060 und MBO 6090 Drucker.<\/p>\n","protected":false},"featured_media":5541,"template":"","meta":{"zakra_page_container_layout":"customizer","zakra_page_sidebar_layout":"customizer","zakra_remove_content_margin":false,"zakra_sidebar":"customizer","zakra_transparent_header":"customizer","zakra_logo":0,"zakra_main_header_style":"default","zakra_menu_item_color":"","zakra_menu_item_hover_color":"","zakra_menu_item_active_color":"","zakra_menu_active_style":"","zakra_page_header":true,"_eb_attr":""},"product_brand":[],"product_cat":[258,259,155],"product_tag":[],"class_list":{"0":"post-7511","1":"product","2":"type-product","3":"status-publish","4":"has-post-thumbnail","6":"product_cat-mbo-printers-ersatzteile","7":"product_cat-mbo-drucker","8":"product_cat-uv-led-ersatzteile","10":"first","11":"instock","12":"taxable","13":"shipping-taxable","14":"purchasable","15":"product-type-simple"},"_links":{"self":[{"href":"https:\/\/bomedia.net\/de\/wp-json\/wp\/v2\/product\/7511","targetHints":{"allow":["GET"]}}],"collection":[{"href":"https:\/\/bomedia.net\/de\/wp-json\/wp\/v2\/product"}],"about":[{"href":"https:\/\/bomedia.net\/de\/wp-json\/wp\/v2\/types\/product"}],"version-history":[{"count":0,"href":"https:\/\/bomedia.net\/de\/wp-json\/wp\/v2\/product\/7511\/revisions"}],"wp:featuredmedia":[{"embeddable":true,"href":"https:\/\/bomedia.net\/de\/wp-json\/wp\/v2\/media\/5541"}],"wp:attachment":[{"href":"https:\/\/bomedia.net\/de\/wp-json\/wp\/v2\/media?parent=7511"}],"wp:term":[{"taxonomy":"product_brand","embeddable":true,"href":"https:\/\/bomedia.net\/de\/wp-json\/wp\/v2\/product_brand?post=7511"},{"taxonomy":"product_cat","embeddable":true,"href":"https:\/\/bomedia.net\/de\/wp-json\/wp\/v2\/product_cat?post=7511"},{"taxonomy":"product_tag","embeddable":true,"href":"https:\/\/bomedia.net\/de\/wp-json\/wp\/v2\/product_tag?post=7511"}],"curies":[{"name":"wp","href":"https:\/\/api.w.org\/{rel}","templated":true}]}}