{"id":7610,"date":"2021-09-19T14:58:55","date_gmt":"2021-09-19T14:58:55","guid":{"rendered":"https:\/\/bomedia.net\/product\/artis-3000u-pro-8c-drucker"},"modified":"2021-09-19T14:58:55","modified_gmt":"2021-09-19T14:58:55","slug":"artis-3000u-pro-8c-drucker","status":"publish","type":"product","link":"https:\/\/bomedia.net\/de\/produkt\/artis-3000u-pro-8c-drucker","title":{"rendered":"Artis 3000U Pro 8C Drucker"},"content":{"rendered":"<p>Der Drucker Artis 3000U Pro 8C ist mit einem 8-Kanal-Druckkopf ausgestattet, der verschiedene Kombinationen erm\u00f6glicht: Farbe + 4 Wei\u00df oder Farbe + Wei\u00df + Lack. Dank der Verwendung wei\u00dfer Tinte, die wasser-, kratz- und sonnenlichtbest\u00e4ndig ist, kann er auf fast alle Materialien drucken. Dieser UV-Drucker eignet sich hervorragend f\u00fcr die Herstellung von personalisierten Geschenken, Werbeartikeln, Handyh\u00fcllen, USB-Sticks, Powerbanks, Kugelschreibern, Feuerzeugen, Schildern, Leinw\u00e4nden und allgemein f\u00fcr alle Arten von Werbeartikeln.<\/p>\n<p>Der Artis 3000U Pro 8C ist mit einem 8-Kanal-Epson DX7-Druckkopf ausgestattet und bietet au\u00dfergew\u00f6hnliche Fotoqualit\u00e4t zu einem sehr g\u00fcnstigen Preis. Zus\u00e4tzlich zur Druckqualit\u00e4t k\u00f6nnen Sie Ihre Produkte mit einer Glanzlackschicht veredeln, die als zus\u00e4tzliche Farbe aufgetragen wird.<\/p>\n<p>Es erm\u00f6glicht den Druck auf eine Vielzahl von Materialien: Holz, Metall, Glas, Keramik, Kunststoff, Leder &#8230;.<\/p>\n<p>Die maximale Druckgr\u00f6\u00dfe betr\u00e4gt 347x490mm und kann Objekte bis zu einer H\u00f6he von 170mm aufnehmen. Dank des beidseitig offenen Rahmens k\u00f6nnen wesentlich l\u00e4ngere Gegenst\u00e4nde in die Maschine eingef\u00fchrt werden.<\/p>\n<p>Es ist ein Drehaufsatz erh\u00e4ltlich, der den 360\u00b0-Druck von zylindrischen Objekten mit einem Durchmesser von 3 bis 13 cm erm\u00f6glicht.<\/p>\n<p>Die Kosten pro Druck sind in vielen F\u00e4llen nur halb so hoch wie bei anderen Marken, da Tinte in Flaschen statt in Patronen verwendet wird.<\/p>\n<p>Die Ger\u00e4te enthalten eine RIP-Software f\u00fcr die Verwaltung von Drucken und Farbprofilen. Dar\u00fcber hinaus steht ein fortschrittlicher RIP zur Verf\u00fcgung, der mit der h\u00f6chsten Aufl\u00f6sung arbeitet und es erm\u00f6glicht, sowohl wei\u00dfe als auch farbige Schichten im selben Durchgang zu drucken.<\/p>\n<p>ArtisJet verf\u00fcgt \u00fcber einen eigenen technischen Dienst, der schnell und effizient Antworten und L\u00f6sungen anbietet. Wir sind auf KMUs spezialisiert und bieten einen direkten und pers\u00f6nlichen Service, der es unseren Kunden erm\u00f6glicht, mit vollem Vertrauen und in aller Ruhe zu arbeiten.<\/p>\n<p>Aufgrund des niedrigen Preises, des geringen Tintenverbrauchs und des minimalen Wartungsaufwands ist der 3000U Pro 8C das am besten geeignete Modell f\u00fcr kleine und mittlere Unternehmen.<\/p>\n","protected":false},"excerpt":{"rendered":"<hr>\n<h6>ENTWICKELT, UM IHRE IDEEN IN ECHTE PRODUKTE ZU VERWANDELN<\/h6>\n<ul>\n<li>Personalisierung von Werbespr\u00fcchen aller Art, Beschriftungen, Fotogeschenken, USB-Sticks, Etuis usw.<\/li>\n<li>Direktdruck auf eine Vielzahl von starren und flexiblen Materialien<\/li>\n<li>8 Farbkan\u00e4le WWWWCMYK \/ VV+WWWCMYK<\/li>\n<li>Druckfl\u00e4che 34,7x49cm<\/li>\n<li>Maximale H\u00f6he des zu bedruckenden Objekts: 17 cm<\/li>\n<li>Es k\u00f6nnen zylindrische Objekte mit einem Durchmesser von 3 bis 13 cm gedruckt werden.<\/li>\n<li>Automatische Tischh\u00f6henverstellung<\/li>\n<\/ul>\n<p>&nbsp;<\/p>\n<h6 class=\"blue-didact uppercase-text\">HERAUSRAGENDE MERKMALE<\/h6>\n<ul>\n<li>Einfache Bedienung dank&nbsp; seiner<strong>einzigartigen Seitenlade-Architektur<\/strong>&nbsp;<strong> <\/strong><\/li>\n<li>Geringere Betriebskosten durch&nbsp;<strong>kontinuierliches Tintenzufuhrsystem<\/strong><\/li>\n<li>Hochaufl\u00f6sender Druck auf Kunststoffen dank des<strong>antistatischen Moduls<\/strong>&nbsp;<\/li>\n<li>Ink Flash Firing System, das die Lebensdauer des Druckkopfs verl\u00e4ngert<\/li>\n<li>Minimale Wartung<\/li>\n<li>Sicherer Betrieb durch <strong>automatische H\u00f6henverstellung<\/strong><strong>&nbsp;<\/strong><\/li>\n<li>Fl\u00fcssigkeitsk\u00fchlung<\/li>\n<li><strong>UV-LED-Leistungseinstellung<\/strong> zur Anpassung an unterschiedliche Materialien<\/li>\n<li>Hochgeschwindigkeits-Laubs\u00e4gearbeiten f\u00fcr bessere Farb\u00fcberg\u00e4nge<\/li>\n<li>2 zus\u00e4tzliche Kan\u00e4le f\u00fcr Lack oder Wei\u00df<\/li>\n<\/ul>\n<div class=\"row\">&nbsp;<\/div>\n<div>&nbsp;<a class=\"fasc-button fasc-size-large fasc-type-glossy fasc-rounded-medium fasc-ico-before dashicons-edit\" style=\"background-color: #1290b4; color: #ffffff;\" href=\"\/contacto\/\">Preis oder weitere Informationen anfordern<\/a><\/div>\n<div>&nbsp;<\/div>\n<div>&nbsp;<\/div>\n","protected":false},"featured_media":5264,"template":"","meta":{"zakra_page_container_layout":"customizer","zakra_page_sidebar_layout":"customizer","zakra_remove_content_margin":false,"zakra_sidebar":"customizer","zakra_transparent_header":"customizer","zakra_logo":0,"zakra_main_header_style":"default","zakra_menu_item_color":"","zakra_menu_item_hover_color":"","zakra_menu_item_active_color":"","zakra_menu_active_style":"","zakra_page_header":true,"_eb_attr":""},"product_brand":[],"product_cat":[472],"product_tag":[],"class_list":{"0":"post-7610","1":"product","2":"type-product","3":"status-publish","4":"has-post-thumbnail","6":"product_cat-uv-led-drucker","8":"first","9":"instock","10":"featured","11":"taxable","12":"shipping-taxable","13":"product-type-simple"},"_links":{"self":[{"href":"https:\/\/bomedia.net\/de\/wp-json\/wp\/v2\/product\/7610","targetHints":{"allow":["GET"]}}],"collection":[{"href":"https:\/\/bomedia.net\/de\/wp-json\/wp\/v2\/product"}],"about":[{"href":"https:\/\/bomedia.net\/de\/wp-json\/wp\/v2\/types\/product"}],"version-history":[{"count":0,"href":"https:\/\/bomedia.net\/de\/wp-json\/wp\/v2\/product\/7610\/revisions"}],"wp:featuredmedia":[{"embeddable":true,"href":"https:\/\/bomedia.net\/de\/wp-json\/wp\/v2\/media\/5264"}],"wp:attachment":[{"href":"https:\/\/bomedia.net\/de\/wp-json\/wp\/v2\/media?parent=7610"}],"wp:term":[{"taxonomy":"product_brand","embeddable":true,"href":"https:\/\/bomedia.net\/de\/wp-json\/wp\/v2\/product_brand?post=7610"},{"taxonomy":"product_cat","embeddable":true,"href":"https:\/\/bomedia.net\/de\/wp-json\/wp\/v2\/product_cat?post=7610"},{"taxonomy":"product_tag","embeddable":true,"href":"https:\/\/bomedia.net\/de\/wp-json\/wp\/v2\/product_tag?post=7610"}],"curies":[{"name":"wp","href":"https:\/\/api.w.org\/{rel}","templated":true}]}}