{"id":7619,"date":"2021-06-09T13:38:28","date_gmt":"2021-06-09T13:38:28","guid":{"rendered":"https:\/\/bomedia.net\/product\/isopropylalkohol-1-liter"},"modified":"2021-06-09T13:38:28","modified_gmt":"2021-06-09T13:38:28","slug":"isopropylalkohol-1-liter","status":"publish","type":"product","link":"https:\/\/bomedia.net\/de\/produkt\/isopropylalkohol-1-liter","title":{"rendered":"Isopropylalkohol 1 Liter"},"content":{"rendered":"<p>Isopropylalkohol (Isopropanol, Propanol-2-ol, 2-Propanol, Alkohol oder API). Es handelt sich um eine farblose, brennbare chemische Verbindung mit starkem Geruch. Es ist ein Strukturisomer von Propanol.<\/p>\n<p>Isopropylalkohol oder Isopropanol wird \u00fcblicherweise als Reinigungsmittel f\u00fcr elektrische und elektronische Kontakte in stromlosen Ger\u00e4ten verwendet. Auch zum Reinigen und Entfetten. Weit verbreitet f\u00fcr die Reinigung von fotografischen Linsen und Kontakten von elektronischen Ger\u00e4ten, da es keine Spuren hinterl\u00e4sst und schnell verdunstet.<\/p>\n","protected":false},"excerpt":{"rendered":"<p>Flasche mit 1l. Isopropylalkohol<\/p>\n<p>Perfekt f\u00fcr die Reinigung von Druckerteilen<\/p>\n","protected":false},"featured_media":5424,"template":"","meta":{"zakra_page_container_layout":"customizer","zakra_page_sidebar_layout":"customizer","zakra_remove_content_margin":false,"zakra_sidebar":"customizer","zakra_transparent_header":"customizer","zakra_logo":0,"zakra_main_header_style":"default","zakra_menu_item_color":"","zakra_menu_item_hover_color":"","zakra_menu_item_active_color":"","zakra_menu_active_style":"","zakra_page_header":true,"_eb_attr":""},"product_brand":[],"product_cat":[258,259,480,155],"product_tag":[],"class_list":{"0":"post-7619","1":"product","2":"type-product","3":"status-publish","4":"has-post-thumbnail","6":"product_cat-mbo-printers-ersatzteile","7":"product_cat-mbo-drucker","8":"product_cat-uv-led-eco-solvent-und-textil-dtg-tinten","9":"product_cat-uv-led-ersatzteile","11":"first","12":"instock","13":"taxable","14":"shipping-taxable","15":"purchasable","16":"product-type-simple"},"_links":{"self":[{"href":"https:\/\/bomedia.net\/de\/wp-json\/wp\/v2\/product\/7619","targetHints":{"allow":["GET"]}}],"collection":[{"href":"https:\/\/bomedia.net\/de\/wp-json\/wp\/v2\/product"}],"about":[{"href":"https:\/\/bomedia.net\/de\/wp-json\/wp\/v2\/types\/product"}],"version-history":[{"count":0,"href":"https:\/\/bomedia.net\/de\/wp-json\/wp\/v2\/product\/7619\/revisions"}],"wp:featuredmedia":[{"embeddable":true,"href":"https:\/\/bomedia.net\/de\/wp-json\/wp\/v2\/media\/5424"}],"wp:attachment":[{"href":"https:\/\/bomedia.net\/de\/wp-json\/wp\/v2\/media?parent=7619"}],"wp:term":[{"taxonomy":"product_brand","embeddable":true,"href":"https:\/\/bomedia.net\/de\/wp-json\/wp\/v2\/product_brand?post=7619"},{"taxonomy":"product_cat","embeddable":true,"href":"https:\/\/bomedia.net\/de\/wp-json\/wp\/v2\/product_cat?post=7619"},{"taxonomy":"product_tag","embeddable":true,"href":"https:\/\/bomedia.net\/de\/wp-json\/wp\/v2\/product_tag?post=7619"}],"curies":[{"name":"wp","href":"https:\/\/api.w.org\/{rel}","templated":true}]}}