{"id":7622,"date":"2021-09-20T10:56:50","date_gmt":"2021-09-20T10:56:50","guid":{"rendered":"https:\/\/bomedia.net\/product\/artis-young-uv-led"},"modified":"2021-09-20T10:56:50","modified_gmt":"2021-09-20T10:56:50","slug":"artis-young-uv-led","status":"publish","type":"product","link":"https:\/\/bomedia.net\/de\/produkt\/artis-young-uv-led","title":{"rendered":"Artis Young UV Led"},"content":{"rendered":"<h3>Artis Young UV LED<\/h3>\n<ul>\n<li>20 x 30 cm Druckfl\u00e4che<\/li>\n<li>Objekte mit einer maximalen H\u00f6he von 5 cm.<\/li>\n<li>Kombiniert Qualit\u00e4t mit Geschwindigkeit<\/li>\n<li>Einfache Wartung<\/li>\n<li>Leistungsstarker und langlebiger Epson Plotter-Druckkopf<\/li>\n<li>Interner Luftfilter<\/li>\n<li>Wei\u00dfe Tinte wird auch f\u00fcr den Direktdruck in Farbe auf dunklem Hintergrund verwendet (nicht f\u00fcr transparente Objekte).<\/li>\n<li>Automatische H\u00f6henanpassung (nicht f\u00fcr transparente Objekte)<\/li>\n<li>Ger\u00e4uscharme Luftk\u00fchlung<\/li>\n<li>LED-Flash-On-Ink-System<\/li>\n<li>Niedrige Betriebs- und Wartungskosten<\/li>\n<\/ul>\n<p>&nbsp;<\/p>\n<p>UV Artis Young erm\u00f6glicht den Digitaldruck auf Aluminium, Metall, Kupfer, Holz, MDF, Karton, Kunststoff, Plexiglas, Leder, OCT, Glas und vielen anderen Materialien, und zwar direkt in Farbe und Wei\u00df.<\/p>\n<p>Es kann eine ma\u00dfgeschneiderte Anwendung entwickelt werden, die es erm\u00f6glicht, Fotos direkt von den Handys der Verbraucher in die Ger\u00e4tesoftware herunterzuladen und zu drucken.<\/p>\n<p>Optimieren Sie Ihre Produktivit\u00e4t!<\/p>\n<p><img fetchpriority=\"high\" decoding=\"async\" class=\"alignnone size-large wp-image-1193\" src=\"https:\/\/boprint.net\/wp-content\/uploads\/2020\/10\/Imagen-1-1024x613.png\" alt=\"\" width=\"750\" height=\"449\"><\/p>\n<p><strong>F\u00f6rdern Sie Ihre Kreativit\u00e4t und lassen Sie die Magie geschehen.<\/strong><\/p>\n<p>H\u00f6ren Sie nie auf zu erfinden, zu erforschen, Grenzen zu \u00fcberschreiten und nach neuen Wegen zu suchen, um Wachstum zu erzielen. Wir laden Sie ein, mit uns und dem artisJet Young A4 LED-UV-Desktopdrucker eine neue \u00c4ra zu beginnen. Ein tragbarer und sicherer Drucker mit einem multifunktionalen Flachbett, der Ihre Designs und Ideen hervorhebt.<\/p>\n<div class=\"zak-oembed-container\"><iframe title=\"artisJet Young A4 LED UV Desktop printer - the Signature 2.5D-3D Printer\" width=\"812\" height=\"457\" src=\"https:\/\/www.youtube.com\/embed\/yy0Ya9bzGzw?feature=oembed\" frameborder=\"0\" allow=\"accelerometer; autoplay; clipboard-write; encrypted-media; gyroscope; picture-in-picture; web-share\" referrerpolicy=\"strict-origin-when-cross-origin\" allowfullscreen><\/iframe><\/div>\n<h4><strong>Was k\u00f6nnen Sie mit Ihrem Young tun?<\/strong><\/h4>\n<p><strong>Druck von Bildern auf verschiedenen Materialien und Produkten<\/strong><\/p>\n<p>Der ArtisJet Young ist ein vielseitiger, hochpr\u00e4ziser UV-Flachbettdrucker mit einer Druckh\u00f6he von bis zu 5 cm, der die Dynamik eines kleinen Druckers ver\u00e4ndert, indem er die personalisierten Produktionsm\u00f6glichkeiten von Unternehmen verbessert.<\/p>\n\n<h4>Welche Druckergebnisse werden Sie mit ArtisYoung UV LED erzielen?<\/h4>\n<p><strong>Drucken Sie Fotos, Texte und Designs direkt, mit taktiler Braille-Textur und 2,5D-Qualit\u00e4t.<\/strong><\/p>\n<p>Ein zuverl\u00e4ssiger UV-Tintenstrahldrucker, der von einer Vielzahl von Druckeffekten profitiert &#8211; einschlie\u00dflich taktilem Blindenschriftdruck und Pr\u00e4gedruckeffekt &#8211; und gleichm\u00e4\u00dfige, gestochen scharfe Farbqualit\u00e4t und fotorealistische Bilder liefert.<\/p>\n<h3><img decoding=\"async\" class=\"alignnone size-large wp-image-1185\" src=\"https:\/\/boprint.net\/wp-content\/uploads\/2020\/10\/Imagen-9-1024x506.png\" alt=\"\" width=\"750\" height=\"371\"><\/h3>\n<h4>ArtisJet Young, f\u00fcr alle, die tr\u00e4umen, entdecken und etwas erreichen wollen.<\/h4>\n<p><strong>Modernste Technologie f\u00fcr einfache Anpassung<\/strong><\/p>\n<p>Geringe Gr\u00f6\u00dfe und kompaktes Design; ideal f\u00fcr alle, die ihre Produkte ohne gro\u00dfen Aufwand personalisieren m\u00f6chten. Der ArtisJet Young zeichnet sich durch seine einfache Bedienung und Wartung aus. Dies ist das Ergebnis gut durchdachter Hard- und Software, eines Duos, das einen intelligenten und einfachen Druckworkflow erm\u00f6glicht.<\/p>\n<h3><\/h3>\n<p><img decoding=\"async\" class=\"alignnone size-large wp-image-1184\" src=\"https:\/\/boprint.net\/wp-content\/uploads\/2020\/10\/Imagen-10-1024x773.png\" alt=\"\" width=\"750\" height=\"566\"> <img loading=\"lazy\" decoding=\"async\" class=\"alignnone size-large wp-image-1182\" src=\"https:\/\/boprint.net\/wp-content\/uploads\/2020\/10\/Imagen-12-1024x140.png\" alt=\"\" width=\"750\" height=\"103\"><\/p>\n<h4>Wo k\u00f6nnen Sie Artis Young UV LED verwenden?<\/h4>\n<p><strong>Geringe Gr\u00f6\u00dfe, intelligente Leistung \u00fcberall und zu jeder Zeit<\/strong><\/p>\n<p>Reibungsloser Produktionsablauf und keine Verz\u00f6gerungen f\u00fcr die Entwicklung von Start-up-Unternehmen, Heim-, Laden-, B\u00fcro- oder Einkaufszentren sowie f\u00fcr den Online-Handel: Wenn Sie t\u00e4glich Produkte personalisieren m\u00f6chten, hat der artisJet Young die richtige Gr\u00f6\u00dfe und den richtigen Druckbereich f\u00fcr die von Ihnen ben\u00f6tigte Leistung.<\/p>\n<p><img loading=\"lazy\" decoding=\"async\" class=\"alignnone wp-image-1183 size-medium\" src=\"https:\/\/boprint.net\/wp-content\/uploads\/2020\/10\/Imagen-11-300x213.png\" alt=\"\" width=\"300\" height=\"213\"> <img loading=\"lazy\" decoding=\"async\" class=\"alignnone wp-image-1180 size-medium\" src=\"https:\/\/boprint.net\/wp-content\/uploads\/2020\/10\/Imagen-14-300x213.png\" alt=\"\" width=\"300\" height=\"213\"> <img loading=\"lazy\" decoding=\"async\" class=\"alignnone size-medium wp-image-1179\" src=\"https:\/\/boprint.net\/wp-content\/uploads\/2020\/10\/Imagen-15-300x213.png\" alt=\"\" width=\"300\" height=\"213\"><\/p>\n<h4>Wodurch unterscheidet sich der Artis Young UV LED von anderen Druckern?<\/h4>\n<p><strong>Die Technologie ist ein Funke, der Sie motiviert, weiter zu gehen.<\/strong><\/p>\n<p>Ganz anders als herk\u00f6mmliche Drucker er\u00f6ffnet der artisJet Young A4 UV-LED-Desktopdrucker eine neue Dimension f\u00fcr alle Designer, Kreativen, Tr\u00e4umer und Markenentwickler.<\/p>\n<table border=\"0\" width=\"100%\" cellspacing=\"10\" cellpadding=\"0\">\n<tbody>\n<tr>\n<td width=\"50%\"><strong>Automatische Positionierung<\/strong><\/p>\n<p>Zeitsparende L\u00f6sung mit automatischer Druckh\u00f6henanpassung von bis zu 5 cm mit einem Klick. (nicht f\u00fcr transparente Objekte)<\/p>\n<p><img loading=\"lazy\" decoding=\"async\" class=\"aligncenter size-medium wp-image-1178\" src=\"https:\/\/boprint.net\/wp-content\/uploads\/2020\/10\/Imagen-16-300x217.png\" alt=\"\" width=\"300\" height=\"217\"><\/td>\n<td width=\"50%\"><strong>Drucken mit einem Klick<\/strong><\/p>\n<p>Einfache Anpassung der Vorlage.<br \/>\n<img loading=\"lazy\" decoding=\"async\" class=\"aligncenter size-medium wp-image-1177\" src=\"https:\/\/boprint.net\/wp-content\/uploads\/2020\/10\/Imagen-17-300x217.png\" alt=\"\" width=\"300\" height=\"217\"><\/td>\n<\/tr>\n<tr>\n<td><strong>Einfache Wartung<\/strong><\/p>\n<p>Mit dem Gedanken, dass das System f\u00fcr jedermann geeignet ist, haben wir das Ger\u00e4t mit einem leistungsstarken Epson Plotter-Druckkopf, Selbstreinigungsfunktionen und wartungsfreundlichen Austauscheinheiten in Modulen ausgestattet.<br \/>\n<img loading=\"lazy\" decoding=\"async\" class=\"aligncenter size-medium wp-image-1176\" src=\"https:\/\/boprint.net\/wp-content\/uploads\/2020\/10\/Imagen-18-300x217.png\" alt=\"\" width=\"300\" height=\"217\"><\/td>\n<td><strong>Versicherung f\u00fcr Schule und Gewerbe<\/strong><\/p>\n<p>Ausgestattet mit einem professionellen Luftreinigungssystem mit mehreren Filtern und einem STOP-IF-OPEN-System, reduziert der neue UV-LED-A4-Drucker die Schadstoffemissionen, sorgt f\u00fcr KOMFORT und tr\u00e4gt zu einer SICHEREN ARBEITSUMGEBUNG bei.<br \/>\n<img loading=\"lazy\" decoding=\"async\" class=\"aligncenter size-medium wp-image-1175\" src=\"https:\/\/boprint.net\/wp-content\/uploads\/2020\/10\/Imagen-19-300x217.png\" alt=\"\" width=\"300\" height=\"217\"><\/td>\n<\/tr>\n<tr>\n<td><strong>Die Installation dauert nur ein paar Minuten.<\/strong><\/p>\n<p>Stellen Sie den Drucker auf eine ebene Fl\u00e4che, setzen Sie die Tintenpatronen ein und klicken Sie auf das Softwaresymbol f\u00fcr die sofortige Erstinstallation.<br \/>\n<img loading=\"lazy\" decoding=\"async\" class=\"aligncenter size-medium wp-image-1174\" src=\"https:\/\/boprint.net\/wp-content\/uploads\/2020\/10\/Imagen-20-300x217.png\" alt=\"\" width=\"300\" height=\"217\"><\/td>\n<td><strong>2.5D &#8211; Hochaufl\u00f6sender 3D-Druck<\/strong><\/p>\n<p>Der Micro-Piezo-Tintenstrahldruck mit 1440 DPI und 1,5PL-Tintentr\u00f6pfchengr\u00f6\u00dfe sorgt f\u00fcr perfekte Details und gestochen scharfe, lebendige und naturgetreue Fotos.<br \/>\n<img loading=\"lazy\" decoding=\"async\" class=\"aligncenter size-medium wp-image-1173\" src=\"https:\/\/boprint.net\/wp-content\/uploads\/2020\/10\/Imagen-21-300x217.png\" alt=\"\" width=\"300\" height=\"217\"><\/td>\n<\/tr>\n<tr>\n<td><strong>Akkurates Drucken<\/strong><\/p>\n<p>Mit dem MES (Magnetic Encoding System) erzeugt der artisJet Young NULL Fehleinz\u00fcge beim Druck.<br \/>\n<img loading=\"lazy\" decoding=\"async\" class=\"aligncenter size-medium wp-image-1172\" src=\"https:\/\/boprint.net\/wp-content\/uploads\/2020\/10\/Imagen-22-300x217.png\" alt=\"\" width=\"300\" height=\"217\"><\/td>\n<td><strong>Braille-Zeichen auf Knopfdruck<\/strong><\/p>\n<p>Dank der einzigartigen Braille-Technologie von BPAP k\u00f6nnen Sie mit dem artisJet Young Braille-Schilder mit wei\u00dfer Tinte in einem einzigen Durchgang drucken.<br \/>\n<img loading=\"lazy\" decoding=\"async\" class=\"aligncenter size-medium wp-image-1171\" src=\"https:\/\/boprint.net\/wp-content\/uploads\/2020\/10\/Imagen-23-300x217.png\" alt=\"\" width=\"300\" height=\"217\"><\/td>\n<\/tr>\n<tr>\n<td><strong>Wirtschaftlicher Betrieb<\/strong><\/p>\n<p>Der geringe Tintenverbrauch reduziert die Kosten auf wenige Cent pro Druck. Wartungsvertr\u00e4ge sind nicht erforderlich<br \/>\n<img loading=\"lazy\" decoding=\"async\" class=\"aligncenter size-medium wp-image-1170\" src=\"https:\/\/boprint.net\/wp-content\/uploads\/2020\/10\/Imagen-25-300x217.png\" alt=\"\" width=\"300\" height=\"217\"><\/td>\n<td><\/td>\n<\/tr>\n<\/tbody>\n<\/table>\n","protected":false},"excerpt":{"rendered":"<p>Der neue Artis Young UV-Drucker ist ein kompaktes Ger\u00e4t, das f\u00fcr kleine und mittlere Arbeitspl\u00e4tze konzipiert ist. Er ist ideal f\u00fcr die Personalisierung von Handyzubeh\u00f6r, Werbeartikeln, kosmetischen Accessoires, Mode- und Designartikeln, Geschenken, Preisen, Brillenetuis, Schulbedarf, Powerbanks, Ladeger\u00e4ten oder 3D-gedruckten PVC-Visitenkarten und \u00e4hnlichen Produkten. Der artis Young UV-Drucker kann Bilder in Fotoqualit\u00e4t direkt am Arbeitsplatz oder im Gesch\u00e4ft drucken, w\u00e4hrend die Kunden warten. Auf diese Weise werden alle Arten von Produkten personalisiert und haben in den Augen der Verbraucher sofort einen ganz anderen Wert. Auch am Point of Sale ist er dank seiner neuen Technologie und seines attraktiven Designs ein Blickfang. Die Kunden werden mehr Gr\u00fcnde haben, die Produkte Ihrer Marke anderen zu zeigen, sowohl \u00fcber die sozialen Medien als auch direkt bei Menschen, die ihnen nahe stehen.<\/p>\n<p>&nbsp;<\/p>\n<p>&nbsp;<a class=\"fasc-button fasc-size-large fasc-type-glossy fasc-rounded-medium fasc-ico-before dashicons-edit\" href=\"\/contacto\/\">Preis oder weitere Informationen anfordern<\/a><\/p>\n","protected":false},"featured_media":5344,"template":"","meta":{"zakra_page_container_layout":"customizer","zakra_page_sidebar_layout":"customizer","zakra_remove_content_margin":false,"zakra_sidebar":"customizer","zakra_transparent_header":"customizer","zakra_logo":0,"zakra_main_header_style":"default","zakra_menu_item_color":"","zakra_menu_item_hover_color":"","zakra_menu_item_active_color":"","zakra_menu_active_style":"","zakra_page_header":true,"_eb_attr":""},"product_brand":[],"product_cat":[472],"product_tag":[],"class_list":{"0":"post-7622","1":"product","2":"type-product","3":"status-publish","4":"has-post-thumbnail","6":"product_cat-uv-led-drucker","8":"first","9":"instock","10":"featured","11":"taxable","12":"shipping-taxable","13":"product-type-simple"},"_links":{"self":[{"href":"https:\/\/bomedia.net\/de\/wp-json\/wp\/v2\/product\/7622","targetHints":{"allow":["GET"]}}],"collection":[{"href":"https:\/\/bomedia.net\/de\/wp-json\/wp\/v2\/product"}],"about":[{"href":"https:\/\/bomedia.net\/de\/wp-json\/wp\/v2\/types\/product"}],"version-history":[{"count":0,"href":"https:\/\/bomedia.net\/de\/wp-json\/wp\/v2\/product\/7622\/revisions"}],"wp:featuredmedia":[{"embeddable":true,"href":"https:\/\/bomedia.net\/de\/wp-json\/wp\/v2\/media\/5344"}],"wp:attachment":[{"href":"https:\/\/bomedia.net\/de\/wp-json\/wp\/v2\/media?parent=7622"}],"wp:term":[{"taxonomy":"product_brand","embeddable":true,"href":"https:\/\/bomedia.net\/de\/wp-json\/wp\/v2\/product_brand?post=7622"},{"taxonomy":"product_cat","embeddable":true,"href":"https:\/\/bomedia.net\/de\/wp-json\/wp\/v2\/product_cat?post=7622"},{"taxonomy":"product_tag","embeddable":true,"href":"https:\/\/bomedia.net\/de\/wp-json\/wp\/v2\/product_tag?post=7622"}],"curies":[{"name":"wp","href":"https:\/\/api.w.org\/{rel}","templated":true}]}}