{"id":7624,"date":"2021-06-15T09:23:56","date_gmt":"2021-06-15T09:23:56","guid":{"rendered":"https:\/\/bomedia.net\/product\/wischer-fuer-epson-druckkoepfe"},"modified":"2021-06-15T09:23:56","modified_gmt":"2021-06-15T09:23:56","slug":"wischer-fuer-epson-druckkoepfe","status":"publish","type":"product","link":"https:\/\/bomedia.net\/de\/produkt\/wischer-fuer-epson-druckkoepfe","title":{"rendered":"Wischer f\u00fcr Epson Druckk\u00f6pfe"},"content":{"rendered":"","protected":false},"excerpt":{"rendered":"<p>Wischer kompatibel f\u00fcr unsere UV-Led-Drucker.<\/p>\n<p>&nbsp;<\/p>\n<p>Nicht geeignet f\u00fcr Artis 2100. In diesem Fall m\u00fcssen Sie die komplette <a href=\"https:\/\/boprint.net\/producto\/estacion-de-limpieza-2100\/\">Reinigungsstation<\/a> f\u00fcr Artis 2100 kaufen.<\/p>\n","protected":false},"featured_media":5428,"template":"","meta":{"zakra_page_container_layout":"customizer","zakra_page_sidebar_layout":"customizer","zakra_remove_content_margin":false,"zakra_sidebar":"customizer","zakra_transparent_header":"customizer","zakra_logo":0,"zakra_main_header_style":"default","zakra_menu_item_color":"","zakra_menu_item_hover_color":"","zakra_menu_item_active_color":"","zakra_menu_active_style":"","zakra_page_header":true,"_eb_attr":""},"product_brand":[],"product_cat":[155],"product_tag":[],"class_list":{"0":"post-7624","1":"product","2":"type-product","3":"status-publish","4":"has-post-thumbnail","6":"product_cat-uv-led-ersatzteile","8":"first","9":"instock","10":"taxable","11":"shipping-taxable","12":"purchasable","13":"product-type-simple"},"_links":{"self":[{"href":"https:\/\/bomedia.net\/de\/wp-json\/wp\/v2\/product\/7624","targetHints":{"allow":["GET"]}}],"collection":[{"href":"https:\/\/bomedia.net\/de\/wp-json\/wp\/v2\/product"}],"about":[{"href":"https:\/\/bomedia.net\/de\/wp-json\/wp\/v2\/types\/product"}],"version-history":[{"count":0,"href":"https:\/\/bomedia.net\/de\/wp-json\/wp\/v2\/product\/7624\/revisions"}],"wp:featuredmedia":[{"embeddable":true,"href":"https:\/\/bomedia.net\/de\/wp-json\/wp\/v2\/media\/5428"}],"wp:attachment":[{"href":"https:\/\/bomedia.net\/de\/wp-json\/wp\/v2\/media?parent=7624"}],"wp:term":[{"taxonomy":"product_brand","embeddable":true,"href":"https:\/\/bomedia.net\/de\/wp-json\/wp\/v2\/product_brand?post=7624"},{"taxonomy":"product_cat","embeddable":true,"href":"https:\/\/bomedia.net\/de\/wp-json\/wp\/v2\/product_cat?post=7624"},{"taxonomy":"product_tag","embeddable":true,"href":"https:\/\/bomedia.net\/de\/wp-json\/wp\/v2\/product_tag?post=7624"}],"curies":[{"name":"wp","href":"https:\/\/api.w.org\/{rel}","templated":true}]}}