{"id":7634,"date":"2021-04-28T09:49:33","date_gmt":"2021-04-28T09:49:33","guid":{"rendered":"https:\/\/bomedia.net\/product\/daempfer-uv-led-artis-u-2er-pack"},"modified":"2021-04-28T09:49:33","modified_gmt":"2021-04-28T09:49:33","slug":"daempfer-uv-led-artis-u-2er-pack","status":"publish","type":"product","link":"https:\/\/bomedia.net\/de\/produkt\/daempfer-uv-led-artis-u-2er-pack","title":{"rendered":"D\u00e4mpfer UV Led artis-U (2er-Pack)"},"content":{"rendered":"<h6>Kompatibler D\u00e4mpfer f\u00fcr Epson Druckk\u00f6pfe<\/h6>\n<p>Packung mit 2 Einheiten<\/p>\n<p>Ersatzteil f\u00fcr Modelle: A2100 A3000<\/p>\n<p>&nbsp;<\/p>\n","protected":false},"excerpt":{"rendered":"<h6>Kompatibler D\u00e4mpfer f\u00fcr Epson Druckk\u00f6pfe<\/h6>\n<p>Packung mit 2 Einheiten<\/p>\n<p>Ersatzteil f\u00fcr Modelle: A2100 A3000<\/p>\n<p><a class=\"fasc-button fasc-size-medium fasc-type-glossy fasc-rounded-medium fasc-ico-before dashicons-edit\" href=\"\/contacto\/\">Preis und weitere Informationen anfordern<\/a><\/p>\n","protected":false},"featured_media":5372,"template":"","meta":{"zakra_page_container_layout":"customizer","zakra_page_sidebar_layout":"customizer","zakra_remove_content_margin":false,"zakra_sidebar":"customizer","zakra_transparent_header":"customizer","zakra_logo":0,"zakra_main_header_style":"default","zakra_menu_item_color":"","zakra_menu_item_hover_color":"","zakra_menu_item_active_color":"","zakra_menu_active_style":"","zakra_page_header":true,"_eb_attr":""},"product_brand":[],"product_cat":[155],"product_tag":[],"class_list":{"0":"post-7634","1":"product","2":"type-product","3":"status-publish","4":"has-post-thumbnail","6":"product_cat-uv-led-ersatzteile","7":"product_shipping_class-24-48h-de","9":"first","10":"instock","11":"taxable","12":"shipping-taxable","13":"purchasable","14":"product-type-simple"},"_links":{"self":[{"href":"https:\/\/bomedia.net\/de\/wp-json\/wp\/v2\/product\/7634","targetHints":{"allow":["GET"]}}],"collection":[{"href":"https:\/\/bomedia.net\/de\/wp-json\/wp\/v2\/product"}],"about":[{"href":"https:\/\/bomedia.net\/de\/wp-json\/wp\/v2\/types\/product"}],"version-history":[{"count":0,"href":"https:\/\/bomedia.net\/de\/wp-json\/wp\/v2\/product\/7634\/revisions"}],"wp:featuredmedia":[{"embeddable":true,"href":"https:\/\/bomedia.net\/de\/wp-json\/wp\/v2\/media\/5372"}],"wp:attachment":[{"href":"https:\/\/bomedia.net\/de\/wp-json\/wp\/v2\/media?parent=7634"}],"wp:term":[{"taxonomy":"product_brand","embeddable":true,"href":"https:\/\/bomedia.net\/de\/wp-json\/wp\/v2\/product_brand?post=7634"},{"taxonomy":"product_cat","embeddable":true,"href":"https:\/\/bomedia.net\/de\/wp-json\/wp\/v2\/product_cat?post=7634"},{"taxonomy":"product_tag","embeddable":true,"href":"https:\/\/bomedia.net\/de\/wp-json\/wp\/v2\/product_tag?post=7634"}],"curies":[{"name":"wp","href":"https:\/\/api.w.org\/{rel}","templated":true}]}}