{"id":7647,"date":"2021-04-28T09:47:02","date_gmt":"2021-04-28T09:47:02","guid":{"rendered":"https:\/\/bomedia.net\/product\/reinigungsstation-fuer-artis-3000u"},"modified":"2021-04-28T09:47:02","modified_gmt":"2021-04-28T09:47:02","slug":"reinigungsstation-fuer-artis-3000u","status":"publish","type":"product","link":"https:\/\/bomedia.net\/de\/produkt\/reinigungsstation-fuer-artis-3000u","title":{"rendered":"Reinigungsstation f\u00fcr Artis 3000U"},"content":{"rendered":"<p>Reinigungsstation f\u00fcr 8-Kanal Artis UV-LED-Drucker (Artis 3000U, Artis 5000U) (Nicht geeignet f\u00fcr PRO-Modelle)<\/p>\n<p><strong>Inklusive Wischer und Captop<\/strong><\/p>\n","protected":false},"excerpt":{"rendered":"<p>Reinigungsstation f\u00fcr 8-Kanal Artis UV-LED-Drucker (Artis 3000U, Artis 5000U) (Nicht geeignet f\u00fcr PRO-Modelle)<\/p>\n<p><strong>Inklusive Wischer und Captop<\/strong><\/p>\n","protected":false},"featured_media":5368,"template":"","meta":{"zakra_page_container_layout":"customizer","zakra_page_sidebar_layout":"customizer","zakra_remove_content_margin":false,"zakra_sidebar":"customizer","zakra_transparent_header":"customizer","zakra_logo":0,"zakra_main_header_style":"default","zakra_menu_item_color":"","zakra_menu_item_hover_color":"","zakra_menu_item_active_color":"","zakra_menu_active_style":"","zakra_page_header":true,"_eb_attr":""},"product_brand":[],"product_cat":[155],"product_tag":[],"class_list":{"0":"post-7647","1":"product","2":"type-product","3":"status-publish","4":"has-post-thumbnail","6":"product_cat-uv-led-ersatzteile","8":"first","9":"instock","10":"taxable","11":"shipping-taxable","12":"purchasable","13":"product-type-simple"},"_links":{"self":[{"href":"https:\/\/bomedia.net\/de\/wp-json\/wp\/v2\/product\/7647","targetHints":{"allow":["GET"]}}],"collection":[{"href":"https:\/\/bomedia.net\/de\/wp-json\/wp\/v2\/product"}],"about":[{"href":"https:\/\/bomedia.net\/de\/wp-json\/wp\/v2\/types\/product"}],"version-history":[{"count":0,"href":"https:\/\/bomedia.net\/de\/wp-json\/wp\/v2\/product\/7647\/revisions"}],"wp:featuredmedia":[{"embeddable":true,"href":"https:\/\/bomedia.net\/de\/wp-json\/wp\/v2\/media\/5368"}],"wp:attachment":[{"href":"https:\/\/bomedia.net\/de\/wp-json\/wp\/v2\/media?parent=7647"}],"wp:term":[{"taxonomy":"product_brand","embeddable":true,"href":"https:\/\/bomedia.net\/de\/wp-json\/wp\/v2\/product_brand?post=7647"},{"taxonomy":"product_cat","embeddable":true,"href":"https:\/\/bomedia.net\/de\/wp-json\/wp\/v2\/product_cat?post=7647"},{"taxonomy":"product_tag","embeddable":true,"href":"https:\/\/bomedia.net\/de\/wp-json\/wp\/v2\/product_tag?post=7647"}],"curies":[{"name":"wp","href":"https:\/\/api.w.org\/{rel}","templated":true}]}}