{"id":7654,"date":"2021-01-19T10:15:37","date_gmt":"2021-01-19T10:15:37","guid":{"rendered":"https:\/\/bomedia.net\/product\/autofokus-modul-fuer-beamo"},"modified":"2021-01-19T10:15:37","modified_gmt":"2021-01-19T10:15:37","slug":"autofokus-modul-fuer-beamo","status":"publish","type":"product","link":"https:\/\/bomedia.net\/de\/produkt\/autofokus-modul-fuer-beamo","title":{"rendered":"Autofokus-Modul f\u00fcr Beamo"},"content":{"rendered":"<p>Dieses Modul fokussiert Ihr <a href=\"https:\/\/fluxlasers.es\/producto\/beamo\/\">Beamo<\/a> automatisch, so dass Sie die H\u00f6he nie wieder manuell \u00e4ndern m\u00fcssen.<\/p>\n<p><img fetchpriority=\"high\" decoding=\"async\" class=\"size-full wp-image-1448 alignnone\" src=\"https:\/\/fluxlasers.es\/wp-content\/uploads\/2021\/01\/autofocus2.gif\" alt=\"\" width=\"640\" height=\"360\"><\/p>\n<p><a href=\"https:\/\/support.flux3dp.com\/hc\/en-us\/articles\/360001471636-Autofocus-Module-Installation\" target=\"_blank\" rel=\"noopener noreferrer\">Beamo Autofokus-Installation (Eng)<\/a><a href=\"https:\/\/support.flux3dp.com\/hc\/en-us\/articles\/360001471636-Autofocus-Module-Installation\" target=\"_blank\" rel=\"noopener noreferrer\">?<\/a> &amp;  <a href=\"https:\/\/support.flux3dp.com\/hc\/en-us\/articles\/360001574536-Using-the-Autofocus-Module\" target=\"_blank\" rel=\"noopener noreferrer\">Wie funktioniert das Autofokus-Modul? (Eng)<\/a><\/p>\n<p>Der Autofokus ist NICHT mit der Beambox und der Beambox Pro kompatibel.<\/p>\n","protected":false},"excerpt":{"rendered":"<p>Dieses Modul fokussiert Ihr Beamo automatisch, so dass Sie die H\u00f6he nie wieder manuell \u00e4ndern m\u00fcssen.<\/p>\n","protected":false},"featured_media":6270,"template":"","meta":{"zakra_page_container_layout":"customizer","zakra_page_sidebar_layout":"customizer","zakra_remove_content_margin":false,"zakra_sidebar":"customizer","zakra_transparent_header":"customizer","zakra_logo":0,"zakra_main_header_style":"default","zakra_menu_item_color":"","zakra_menu_item_hover_color":"","zakra_menu_item_active_color":"","zakra_menu_active_style":"","zakra_page_header":true,"_eb_attr":""},"product_brand":[],"product_cat":[243,425],"product_tag":[],"class_list":{"0":"post-7654","1":"product","2":"type-product","3":"status-publish","4":"has-post-thumbnail","6":"product_cat-fluxlaser","7":"product_cat-fluxlaser-zubehor","9":"first","10":"instock","11":"taxable","12":"shipping-taxable","13":"purchasable","14":"product-type-simple"},"_links":{"self":[{"href":"https:\/\/bomedia.net\/de\/wp-json\/wp\/v2\/product\/7654","targetHints":{"allow":["GET"]}}],"collection":[{"href":"https:\/\/bomedia.net\/de\/wp-json\/wp\/v2\/product"}],"about":[{"href":"https:\/\/bomedia.net\/de\/wp-json\/wp\/v2\/types\/product"}],"version-history":[{"count":0,"href":"https:\/\/bomedia.net\/de\/wp-json\/wp\/v2\/product\/7654\/revisions"}],"wp:featuredmedia":[{"embeddable":true,"href":"https:\/\/bomedia.net\/de\/wp-json\/wp\/v2\/media\/6270"}],"wp:attachment":[{"href":"https:\/\/bomedia.net\/de\/wp-json\/wp\/v2\/media?parent=7654"}],"wp:term":[{"taxonomy":"product_brand","embeddable":true,"href":"https:\/\/bomedia.net\/de\/wp-json\/wp\/v2\/product_brand?post=7654"},{"taxonomy":"product_cat","embeddable":true,"href":"https:\/\/bomedia.net\/de\/wp-json\/wp\/v2\/product_cat?post=7654"},{"taxonomy":"product_tag","embeddable":true,"href":"https:\/\/bomedia.net\/de\/wp-json\/wp\/v2\/product_tag?post=7654"}],"curies":[{"name":"wp","href":"https:\/\/api.w.org\/{rel}","templated":true}]}}