{"id":7698,"date":"2021-01-19T08:25:50","date_gmt":"2021-01-19T08:25:50","guid":{"rendered":"https:\/\/bomedia.net\/product\/hybrid-diodenlaser"},"modified":"2021-01-19T08:25:50","modified_gmt":"2021-01-19T08:25:50","slug":"hybrid-diodenlaser","status":"publish","type":"product","link":"https:\/\/bomedia.net\/de\/produkt\/hybrid-diodenlaser","title":{"rendered":"Hybrid-Diodenlaser"},"content":{"rendered":"<p><strong>Kompatibles Material:<\/strong><\/p>\n<ul>\n<li>Pappe<\/li>\n<li>Holz<\/li>\n<li>Bamboo<\/li>\n<li>Leder<\/li>\n<li>Stoff<\/li>\n<li>Gummi<\/li>\n<li>Zement<\/li>\n<li>Felsen<\/li>\n<li>Eloxiertes Aluminium<\/li>\n<li>Rostfreier Stahl<\/li>\n<\/ul>\n<p>&nbsp;<\/p>\n<p><strong>Nicht kompatibel:<\/strong><\/p>\n<ul>\n<li>Klares Acryl<\/li>\n<li>Transparentes Glas<\/li>\n<li>Andere Metalle<\/li>\n<\/ul>\n<p>Wie wird es installiert und wie funktioniert es?<\/p>\n<p><a href=\"https:\/\/support.flux3dp.com\/hc\/en-us\/articles\/360001568035-Using-the-Hybrid-Laser-Add-on\" target=\"_blank\" rel=\"noopener noreferrer\">Wie funktioniert das? (Eng)<\/a> <a href=\"https:\/\/support.flux3dp.com\/hc\/en-us\/articles\/360001455096-Hybrid-Laser-Add-on-Installation\" target=\"_blank\" rel=\"noopener noreferrer\">&amp;Installationshandbuch (Deutsch)<\/a><\/p>\n<p>&nbsp;* Die Gravuren haben eine eher br\u00e4unliche, wenig intensive Oberfl\u00e4che. Testen Sie die Materialien, mit denen Sie arbeiten m\u00f6chten, oder sehen Sie sich Fotos an oder bitten Sie um Fotos der Ergebnisse.<\/p>\n<p>&nbsp;<\/p>\n<div class=\"zak-oembed-container\"><iframe title=\"FLUX Beamo Hybrid Diode Laser\" width=\"812\" height=\"457\" src=\"https:\/\/www.youtube.com\/embed\/Uqjx5K4UlDc?feature=oembed\" frameborder=\"0\" allow=\"accelerometer; autoplay; clipboard-write; encrypted-media; gyroscope; picture-in-picture; web-share\" referrerpolicy=\"strict-origin-when-cross-origin\" allowfullscreen><\/iframe><\/div>\n","protected":false},"excerpt":{"rendered":"<p>Dies ist ein einfach zu installierendes Add-on f\u00fcr Ihren <a href=\"https:\/\/fluxlasers.es\/producto\/beamo\/\">Beamo<\/a>.<\/p>\n<p>Mit diesem Zusatzger\u00e4t k\u00f6nnen Sie problemlos Metall und andere Materialien gravieren.<\/p>\n","protected":false},"featured_media":6177,"template":"","meta":{"zakra_page_container_layout":"customizer","zakra_page_sidebar_layout":"customizer","zakra_remove_content_margin":false,"zakra_sidebar":"customizer","zakra_transparent_header":"customizer","zakra_logo":0,"zakra_main_header_style":"default","zakra_menu_item_color":"","zakra_menu_item_hover_color":"","zakra_menu_item_active_color":"","zakra_menu_active_style":"","zakra_page_header":true,"_eb_attr":""},"product_brand":[],"product_cat":[243,425],"product_tag":[],"class_list":{"0":"post-7698","1":"product","2":"type-product","3":"status-publish","4":"has-post-thumbnail","6":"product_cat-fluxlaser","7":"product_cat-fluxlaser-zubehor","9":"first","10":"instock","11":"taxable","12":"shipping-taxable","13":"purchasable","14":"product-type-simple"},"_links":{"self":[{"href":"https:\/\/bomedia.net\/de\/wp-json\/wp\/v2\/product\/7698","targetHints":{"allow":["GET"]}}],"collection":[{"href":"https:\/\/bomedia.net\/de\/wp-json\/wp\/v2\/product"}],"about":[{"href":"https:\/\/bomedia.net\/de\/wp-json\/wp\/v2\/types\/product"}],"version-history":[{"count":0,"href":"https:\/\/bomedia.net\/de\/wp-json\/wp\/v2\/product\/7698\/revisions"}],"wp:featuredmedia":[{"embeddable":true,"href":"https:\/\/bomedia.net\/de\/wp-json\/wp\/v2\/media\/6177"}],"wp:attachment":[{"href":"https:\/\/bomedia.net\/de\/wp-json\/wp\/v2\/media?parent=7698"}],"wp:term":[{"taxonomy":"product_brand","embeddable":true,"href":"https:\/\/bomedia.net\/de\/wp-json\/wp\/v2\/product_brand?post=7698"},{"taxonomy":"product_cat","embeddable":true,"href":"https:\/\/bomedia.net\/de\/wp-json\/wp\/v2\/product_cat?post=7698"},{"taxonomy":"product_tag","embeddable":true,"href":"https:\/\/bomedia.net\/de\/wp-json\/wp\/v2\/product_tag?post=7698"}],"curies":[{"name":"wp","href":"https:\/\/api.w.org\/{rel}","templated":true}]}}