{"id":7739,"date":"2020-01-30T04:35:23","date_gmt":"2020-01-30T04:35:23","guid":{"rendered":"https:\/\/bomedia.net\/product\/flux-30w-laser-roehre"},"modified":"2024-03-15T15:54:06","modified_gmt":"2024-03-15T15:54:06","slug":"flux-30w-laser-roehre","status":"publish","type":"product","link":"https:\/\/bomedia.net\/de\/produkt\/flux-30w-laser-roehre","title":{"rendered":"FLUX 30W Laser-R\u00f6hre"},"content":{"rendered":"<p>30W Laser-R\u00f6hre f\u00fcr <a href=\"https:\/\/fluxlasers.es\/producto\/beamo\/\">Beamo<\/a><\/p>\n","protected":false},"excerpt":{"rendered":"<p>30W Laser-R\u00f6hre f\u00fcr <a href=\"https:\/\/fluxlasers.es\/producto\/beamo\/\">Beamo<\/a><\/p>\n","protected":false},"featured_media":6108,"template":"","meta":{"zakra_page_container_layout":"customizer","zakra_page_sidebar_layout":"customizer","zakra_remove_content_margin":false,"zakra_sidebar":"customizer","zakra_transparent_header":"customizer","zakra_logo":0,"zakra_main_header_style":"default","zakra_menu_item_color":"","zakra_menu_item_hover_color":"","zakra_menu_item_active_color":"","zakra_menu_active_style":"","zakra_page_header":true,"_eb_attr":""},"product_brand":[],"product_cat":[243,415],"product_tag":[],"class_list":{"0":"post-7739","1":"product","2":"type-product","3":"status-publish","4":"has-post-thumbnail","6":"product_cat-fluxlaser","7":"product_cat-fluxlaser-ersatzteile","8":"product_shipping_class-fragil-de","10":"first","11":"instock","12":"taxable","13":"shipping-taxable","14":"purchasable","15":"product-type-simple"},"_links":{"self":[{"href":"https:\/\/bomedia.net\/de\/wp-json\/wp\/v2\/product\/7739","targetHints":{"allow":["GET"]}}],"collection":[{"href":"https:\/\/bomedia.net\/de\/wp-json\/wp\/v2\/product"}],"about":[{"href":"https:\/\/bomedia.net\/de\/wp-json\/wp\/v2\/types\/product"}],"version-history":[{"count":1,"href":"https:\/\/bomedia.net\/de\/wp-json\/wp\/v2\/product\/7739\/revisions"}],"predecessor-version":[{"id":7742,"href":"https:\/\/bomedia.net\/de\/wp-json\/wp\/v2\/product\/7739\/revisions\/7742"}],"wp:featuredmedia":[{"embeddable":true,"href":"https:\/\/bomedia.net\/de\/wp-json\/wp\/v2\/media\/6108"}],"wp:attachment":[{"href":"https:\/\/bomedia.net\/de\/wp-json\/wp\/v2\/media?parent=7739"}],"wp:term":[{"taxonomy":"product_brand","embeddable":true,"href":"https:\/\/bomedia.net\/de\/wp-json\/wp\/v2\/product_brand?post=7739"},{"taxonomy":"product_cat","embeddable":true,"href":"https:\/\/bomedia.net\/de\/wp-json\/wp\/v2\/product_cat?post=7739"},{"taxonomy":"product_tag","embeddable":true,"href":"https:\/\/bomedia.net\/de\/wp-json\/wp\/v2\/product_tag?post=7739"}],"curies":[{"name":"wp","href":"https:\/\/api.w.org\/{rel}","templated":true}]}}