{"id":7758,"date":"2020-01-30T04:21:36","date_gmt":"2020-01-30T04:21:36","guid":{"rendered":"https:\/\/bomedia.net\/product\/drehmodul-fuer-beamo"},"modified":"2020-01-30T04:21:36","modified_gmt":"2020-01-30T04:21:36","slug":"drehmodul-fuer-beamo","status":"publish","type":"product","link":"https:\/\/bomedia.net\/de\/produkt\/drehmodul-fuer-beamo","title":{"rendered":"Drehmodul f\u00fcr Beamo"},"content":{"rendered":"<p>Mit diesem Zubeh\u00f6r k\u00f6nnen Sie runde Gegenst\u00e4nde wie Gl\u00e4ser, Tassen, Kerzen usw. mit Ihrem <a href=\"https:\/\/fluxlasers.es\/producto\/beamo\/\">Beamo<\/a> gravieren.<\/p>\n<p>Es ist sehr einfach zu installieren und f\u00fcr die Gravur auf kreisf\u00f6rmigen Objekten zu verwenden.<\/p>\n<p>Der Aufsatz dient als verl\u00e4ngerte Basis f\u00fcr Ihren Beamo und erh\u00f6ht die maximale H\u00f6he des Materials von 45 mm auf 105 mm.<\/p>\n<p>Der Durchmesserbereich reicht von 8 mm bis 90 mm, vom Kugelschreiber bis zum 30-Unzen-Glas ist alles m\u00f6glich.<\/p>\n<p>&nbsp;<\/p>\n<div class=\"zak-oembed-container\"><iframe title=\"beamo - Rotary Add-on\" width=\"812\" height=\"457\" src=\"https:\/\/www.youtube.com\/embed\/FMX-WhGx23c?feature=oembed\" frameborder=\"0\" allow=\"accelerometer; autoplay; clipboard-write; encrypted-media; gyroscope; picture-in-picture; web-share\" referrerpolicy=\"strict-origin-when-cross-origin\" allowfullscreen><\/iframe><\/div>\n","protected":false},"excerpt":{"rendered":"<p>Mit diesem Zubeh\u00f6r k\u00f6nnen Sie runde Gegenst\u00e4nde mit Ihrem <a href=\"https:\/\/fluxlasers.es\/producto\/beamo\/\">Beamo<\/a> gravieren<\/p>\n","protected":false},"featured_media":6087,"template":"","meta":{"zakra_page_container_layout":"customizer","zakra_page_sidebar_layout":"customizer","zakra_remove_content_margin":false,"zakra_sidebar":"customizer","zakra_transparent_header":"customizer","zakra_logo":0,"zakra_main_header_style":"default","zakra_menu_item_color":"","zakra_menu_item_hover_color":"","zakra_menu_item_active_color":"","zakra_menu_active_style":"","zakra_page_header":true,"_eb_attr":""},"product_brand":[],"product_cat":[243,425],"product_tag":[],"class_list":{"0":"post-7758","1":"product","2":"type-product","3":"status-publish","4":"has-post-thumbnail","6":"product_cat-fluxlaser","7":"product_cat-fluxlaser-zubehor","9":"first","10":"instock","11":"featured","12":"taxable","13":"shipping-taxable","14":"purchasable","15":"product-type-simple"},"_links":{"self":[{"href":"https:\/\/bomedia.net\/de\/wp-json\/wp\/v2\/product\/7758","targetHints":{"allow":["GET"]}}],"collection":[{"href":"https:\/\/bomedia.net\/de\/wp-json\/wp\/v2\/product"}],"about":[{"href":"https:\/\/bomedia.net\/de\/wp-json\/wp\/v2\/types\/product"}],"version-history":[{"count":0,"href":"https:\/\/bomedia.net\/de\/wp-json\/wp\/v2\/product\/7758\/revisions"}],"wp:featuredmedia":[{"embeddable":true,"href":"https:\/\/bomedia.net\/de\/wp-json\/wp\/v2\/media\/6087"}],"wp:attachment":[{"href":"https:\/\/bomedia.net\/de\/wp-json\/wp\/v2\/media?parent=7758"}],"wp:term":[{"taxonomy":"product_brand","embeddable":true,"href":"https:\/\/bomedia.net\/de\/wp-json\/wp\/v2\/product_brand?post=7758"},{"taxonomy":"product_cat","embeddable":true,"href":"https:\/\/bomedia.net\/de\/wp-json\/wp\/v2\/product_cat?post=7758"},{"taxonomy":"product_tag","embeddable":true,"href":"https:\/\/bomedia.net\/de\/wp-json\/wp\/v2\/product_tag?post=7758"}],"curies":[{"name":"wp","href":"https:\/\/api.w.org\/{rel}","templated":true}]}}