{"id":7763,"date":"2020-01-30T04:15:24","date_gmt":"2020-01-30T04:15:24","guid":{"rendered":"https:\/\/bomedia.net\/product\/drehbares-modul-fuer-beambox-und-beambox-pro"},"modified":"2020-01-30T04:15:24","modified_gmt":"2020-01-30T04:15:24","slug":"drehbares-modul-fuer-beambox-und-beambox-pro","status":"publish","type":"product","link":"https:\/\/bomedia.net\/de\/produkt\/drehbares-modul-fuer-beambox-und-beambox-pro","title":{"rendered":"Drehbares Modul f\u00fcr Beambox und Beambox Pro"},"content":{"rendered":"<p>Mit diesem Zubeh\u00f6r k\u00f6nnen Sie runde Gegenst\u00e4nde wie Gl\u00e4ser, Tassen, Kerzen usw. gravieren.<\/p>\n<p>Es ist sehr einfach zu installieren und f\u00fcr die Gravur auf kreisf\u00f6rmigen Objekten zu verwenden.<\/p>\n<p><strong>Spezifikationen:<\/strong><\/p>\n<p>H\u00f6he des Objekts: 1-8 cm<br \/>\nGewicht des Objekts: 2 kg<br \/>\nMaximale Objektl\u00e4nge: 30 cm f\u00fcr die Beambox, 50 cm f\u00fcr den Pro (abh\u00e4ngig vom Masseschwerpunkt)<\/p>\n","protected":false},"excerpt":{"rendered":"<p>Mit diesem Zubeh\u00f6r k\u00f6nnen Sie runde Gegenst\u00e4nde wie Gl\u00e4ser, Tassen, Kerzen usw. gravieren.<\/p>\n","protected":false},"featured_media":6081,"template":"","meta":{"zakra_page_container_layout":"customizer","zakra_page_sidebar_layout":"customizer","zakra_remove_content_margin":false,"zakra_sidebar":"customizer","zakra_transparent_header":"customizer","zakra_logo":0,"zakra_main_header_style":"default","zakra_menu_item_color":"","zakra_menu_item_hover_color":"","zakra_menu_item_active_color":"","zakra_menu_active_style":"","zakra_page_header":true,"_eb_attr":""},"product_brand":[],"product_cat":[243,425],"product_tag":[],"class_list":{"0":"post-7763","1":"product","2":"type-product","3":"status-publish","4":"has-post-thumbnail","6":"product_cat-fluxlaser","7":"product_cat-fluxlaser-zubehor","9":"first","10":"instock","11":"featured","12":"taxable","13":"shipping-taxable","14":"purchasable","15":"product-type-simple"},"_links":{"self":[{"href":"https:\/\/bomedia.net\/de\/wp-json\/wp\/v2\/product\/7763","targetHints":{"allow":["GET"]}}],"collection":[{"href":"https:\/\/bomedia.net\/de\/wp-json\/wp\/v2\/product"}],"about":[{"href":"https:\/\/bomedia.net\/de\/wp-json\/wp\/v2\/types\/product"}],"version-history":[{"count":0,"href":"https:\/\/bomedia.net\/de\/wp-json\/wp\/v2\/product\/7763\/revisions"}],"wp:featuredmedia":[{"embeddable":true,"href":"https:\/\/bomedia.net\/de\/wp-json\/wp\/v2\/media\/6081"}],"wp:attachment":[{"href":"https:\/\/bomedia.net\/de\/wp-json\/wp\/v2\/media?parent=7763"}],"wp:term":[{"taxonomy":"product_brand","embeddable":true,"href":"https:\/\/bomedia.net\/de\/wp-json\/wp\/v2\/product_brand?post=7763"},{"taxonomy":"product_cat","embeddable":true,"href":"https:\/\/bomedia.net\/de\/wp-json\/wp\/v2\/product_cat?post=7763"},{"taxonomy":"product_tag","embeddable":true,"href":"https:\/\/bomedia.net\/de\/wp-json\/wp\/v2\/product_tag?post=7763"}],"curies":[{"name":"wp","href":"https:\/\/api.w.org\/{rel}","templated":true}]}}