{"id":7806,"date":"2017-11-21T11:59:23","date_gmt":"2017-11-21T11:59:23","guid":{"rendered":"https:\/\/bomedia.net\/product\/whiterip-drucksoftware"},"modified":"2017-11-21T11:59:23","modified_gmt":"2017-11-21T11:59:23","slug":"whiterip-drucksoftware","status":"publish","type":"product","link":"https:\/\/bomedia.net\/de\/produkt\/whiterip-drucksoftware","title":{"rendered":"WhiteRIP Drucksoftware"},"content":{"rendered":"<div class=\"rte\">\n<p>&nbsp;<\/p>\n<p>Der f\u00fcr <strong>WhiteRip<\/strong> entwickelte Prozesscode bietet verschiedene Halbtonalgorithmen, darunter auch Amplituden- und Frequenzregelung.<\/p>\n<p>Das Farbmanagement basiert auf WICC-Profilen, neben den Standardprofilen ist es m\u00f6glich, neue, auf die individuellen Bed\u00fcrfnisse zugeschnittene Profile zu verwenden. Es ist auch m\u00f6glich, die Farbwiedergabe der Drucke intuitiv zu ver\u00e4ndern, indem man die Tintengrenzwerte \u00e4ndert.<\/p>\n<p>Die Software ist in der Lage, zus\u00e4tzlich zu den 6 Prozessfarben auch Wei\u00dfdruck zu verarbeiten. Die Erzeugung der wei\u00dfen Ebene erfolgt vollautomatisch und ist f\u00fcr verschiedene Einsatzbereiche optimiert, selektiv, global, f\u00fcr schwarzen Hintergrund oder f\u00fcr kreative Anwendungen. Sie kann auch manuell erstellt werden.<\/p>\n<p><strong>WhiteRip ist au\u00dferdem in der Lage, sowohl wei\u00dfe als auch farbige Schichten in einem Durchgang zu drucken, und zwar mit h\u00f6herer Genauigkeit und Geschwindigkeit. Selbst auf einem schlecht ausbalancierten Tisch sind die beiden Schichten perfekt aufeinander abgestimmt.<\/strong><\/p>\n<blockquote>\n<ul>\n<li>Halbiert die Anzahl der Druckvorg\u00e4nge.<\/li>\n<li>Reduziert die Tischvorbereitungszeit f\u00fcr den Druck der zweiten Schicht.<\/li>\n<\/ul>\n<\/blockquote>\n<p><strong>Mit der UV-Version k\u00f6nnen Sie bis zu drei Schichten gleichzeitig auf ein beliebiges Material drucken, was die Vorteile des herk\u00f6mmlichen Drucks noch verst\u00e4rkt.<\/strong><\/p>\n<\/div>\n","protected":false},"excerpt":{"rendered":"<h6>WhiteRip kann in verschiedenen Bereichen eingesetzt werden, haupts\u00e4chlich:<\/h6>\n<p><strong>WhiteRip Textile, f\u00fcr den Textildruck<\/strong><\/p>\n<p><strong>WhiteRip UV f\u00fcr Multi-Objekt-Flachbettdrucker<\/strong><\/p>\n<p><strong>Das Programm arbeitet mit den meisten Grafik-, Raster- oder Vektordateiformaten, darunter JPG, TIFF, BMP, PSD. Es ist mit einer 16-Bit-Rendering-Engine ausgestattet, die eine h\u00f6here Detailqualit\u00e4t erm\u00f6glicht.<\/strong><\/p>\n<p><a class=\"fasc-button fasc-size-medium fasc-type-glossy fasc-rounded-medium fasc-ico-before dashicons-edit\" style=\"background-color: #33809e; color: #ffffff;\" href=\"\/contacto\/\">Weitere Informationen und Angebot anfordern<\/a><\/p>\n","protected":false},"featured_media":5206,"template":"","meta":{"zakra_page_container_layout":"customizer","zakra_page_sidebar_layout":"customizer","zakra_remove_content_margin":false,"zakra_sidebar":"customizer","zakra_transparent_header":"customizer","zakra_logo":0,"zakra_main_header_style":"default","zakra_menu_item_color":"","zakra_menu_item_hover_color":"","zakra_menu_item_active_color":"","zakra_menu_active_style":"","zakra_page_header":true,"_eb_attr":""},"product_brand":[],"product_cat":[155],"product_tag":[],"class_list":{"0":"post-7806","1":"product","2":"type-product","3":"status-publish","4":"has-post-thumbnail","6":"product_cat-uv-led-ersatzteile","8":"first","9":"instock","10":"taxable","11":"shipping-taxable","12":"product-type-simple"},"_links":{"self":[{"href":"https:\/\/bomedia.net\/de\/wp-json\/wp\/v2\/product\/7806","targetHints":{"allow":["GET"]}}],"collection":[{"href":"https:\/\/bomedia.net\/de\/wp-json\/wp\/v2\/product"}],"about":[{"href":"https:\/\/bomedia.net\/de\/wp-json\/wp\/v2\/types\/product"}],"version-history":[{"count":0,"href":"https:\/\/bomedia.net\/de\/wp-json\/wp\/v2\/product\/7806\/revisions"}],"wp:featuredmedia":[{"embeddable":true,"href":"https:\/\/bomedia.net\/de\/wp-json\/wp\/v2\/media\/5206"}],"wp:attachment":[{"href":"https:\/\/bomedia.net\/de\/wp-json\/wp\/v2\/media?parent=7806"}],"wp:term":[{"taxonomy":"product_brand","embeddable":true,"href":"https:\/\/bomedia.net\/de\/wp-json\/wp\/v2\/product_brand?post=7806"},{"taxonomy":"product_cat","embeddable":true,"href":"https:\/\/bomedia.net\/de\/wp-json\/wp\/v2\/product_cat?post=7806"},{"taxonomy":"product_tag","embeddable":true,"href":"https:\/\/bomedia.net\/de\/wp-json\/wp\/v2\/product_tag?post=7806"}],"curies":[{"name":"wp","href":"https:\/\/api.w.org\/{rel}","templated":true}]}}