{"id":7809,"date":"2017-11-21T11:33:34","date_gmt":"2017-11-21T11:33:34","guid":{"rendered":"https:\/\/bomedia.net\/product\/daempfer-textil-und-ecos"},"modified":"2024-03-15T15:54:49","modified_gmt":"2024-03-15T15:54:49","slug":"daempfer-textil-und-ecos","status":"publish","type":"product","link":"https:\/\/bomedia.net\/de\/produkt\/daempfer-textil-und-ecos","title":{"rendered":"D\u00e4mpfer Textil und EcoS"},"content":{"rendered":"","protected":false},"excerpt":{"rendered":"<h6>Kompatibler D\u00e4mpfer f\u00fcr Epson Druckk\u00f6pfe<\/h6>\n<p>Ersatzteile f\u00fcr die Modelle:<\/p>\n<p>Alle Modelle <a href=\"http:\/\/artisjet-spain.es\/impresoras-textil-directa\/\">Artisjet Textile Direct<\/a> und f\u00fcr andere Modelle, die mit Epson Druckk\u00f6pfen kompatibel sind.<\/p>\n<p><a class=\"fasc-button fasc-size-medium fasc-type-glossy fasc-rounded-medium fasc-ico-before dashicons-edit\" href=\"\/contacto\/\">Preis und weitere Informationen anfordern<\/a><\/p>\n","protected":false},"featured_media":5202,"template":"","meta":{"zakra_page_container_layout":"customizer","zakra_page_sidebar_layout":"customizer","zakra_remove_content_margin":false,"zakra_sidebar":"customizer","zakra_transparent_header":"customizer","zakra_logo":0,"zakra_main_header_style":"default","zakra_menu_item_color":"","zakra_menu_item_hover_color":"","zakra_menu_item_active_color":"","zakra_menu_active_style":"","zakra_page_header":true,"_eb_attr":""},"product_brand":[],"product_cat":[155],"product_tag":[],"class_list":{"0":"post-7809","1":"product","2":"type-product","3":"status-publish","4":"has-post-thumbnail","6":"product_cat-uv-led-ersatzteile","8":"first","9":"instock","10":"taxable","11":"shipping-taxable","12":"purchasable","13":"product-type-simple"},"_links":{"self":[{"href":"https:\/\/bomedia.net\/de\/wp-json\/wp\/v2\/product\/7809","targetHints":{"allow":["GET"]}}],"collection":[{"href":"https:\/\/bomedia.net\/de\/wp-json\/wp\/v2\/product"}],"about":[{"href":"https:\/\/bomedia.net\/de\/wp-json\/wp\/v2\/types\/product"}],"version-history":[{"count":1,"href":"https:\/\/bomedia.net\/de\/wp-json\/wp\/v2\/product\/7809\/revisions"}],"predecessor-version":[{"id":7828,"href":"https:\/\/bomedia.net\/de\/wp-json\/wp\/v2\/product\/7809\/revisions\/7828"}],"wp:featuredmedia":[{"embeddable":true,"href":"https:\/\/bomedia.net\/de\/wp-json\/wp\/v2\/media\/5202"}],"wp:attachment":[{"href":"https:\/\/bomedia.net\/de\/wp-json\/wp\/v2\/media?parent=7809"}],"wp:term":[{"taxonomy":"product_brand","embeddable":true,"href":"https:\/\/bomedia.net\/de\/wp-json\/wp\/v2\/product_brand?post=7809"},{"taxonomy":"product_cat","embeddable":true,"href":"https:\/\/bomedia.net\/de\/wp-json\/wp\/v2\/product_cat?post=7809"},{"taxonomy":"product_tag","embeddable":true,"href":"https:\/\/bomedia.net\/de\/wp-json\/wp\/v2\/product_tag?post=7809"}],"curies":[{"name":"wp","href":"https:\/\/api.w.org\/{rel}","templated":true}]}}