{"id":7817,"date":"2017-11-21T11:26:14","date_gmt":"2017-11-21T11:26:14","guid":{"rendered":"https:\/\/bomedia.net\/product\/massgeschneiderte-schablonen-und-gussformen"},"modified":"2024-03-15T15:54:47","modified_gmt":"2024-03-15T15:54:47","slug":"massgeschneiderte-schablonen-und-gussformen","status":"publish","type":"product","link":"https:\/\/bomedia.net\/de\/produkt\/massgeschneiderte-schablonen-und-gussformen","title":{"rendered":"Ma\u00dfgeschneiderte Schablonen und Gussformen"},"content":{"rendered":"","protected":false},"excerpt":{"rendered":"<h6>Standard- oder kundenspezifische Formen<\/h6>\n<p>F\u00fcr alle Arten von Produkten und in allen Gr\u00f6\u00dfen.<\/p>\n<p>Wir haben generische Vorlagen f\u00fcr die g\u00e4ngigsten Produkte und k\u00f6nnen f\u00fcr alle Arten von Objekten ma\u00dfgeschneiderte Auftr\u00e4ge erstellen.<\/p>\n<p>Einschlie\u00dflich Vorlagenkonfiguration in der Drucksoftware.<\/p>\n<p><em>Von \u20ac80<\/em><\/p>\n<p><a class=\"fasc-button fasc-size-medium fasc-type-glossy fasc-rounded-medium fasc-ico-before dashicons-edit\" href=\"\/contacto\/\">Preis und weitere Informationen anfordern<\/a><\/p>\n<p>&nbsp;<\/p>\n","protected":false},"featured_media":5198,"template":"","meta":{"zakra_page_container_layout":"customizer","zakra_page_sidebar_layout":"customizer","zakra_remove_content_margin":false,"zakra_sidebar":"customizer","zakra_transparent_header":"customizer","zakra_logo":0,"zakra_main_header_style":"default","zakra_menu_item_color":"","zakra_menu_item_hover_color":"","zakra_menu_item_active_color":"","zakra_menu_active_style":"","zakra_page_header":true,"_eb_attr":""},"product_brand":[],"product_cat":[155],"product_tag":[],"class_list":{"0":"post-7817","1":"product","2":"type-product","3":"status-publish","4":"has-post-thumbnail","6":"product_cat-uv-led-ersatzteile","8":"first","9":"instock","10":"taxable","11":"shipping-taxable","12":"product-type-simple"},"_links":{"self":[{"href":"https:\/\/bomedia.net\/de\/wp-json\/wp\/v2\/product\/7817","targetHints":{"allow":["GET"]}}],"collection":[{"href":"https:\/\/bomedia.net\/de\/wp-json\/wp\/v2\/product"}],"about":[{"href":"https:\/\/bomedia.net\/de\/wp-json\/wp\/v2\/types\/product"}],"version-history":[{"count":1,"href":"https:\/\/bomedia.net\/de\/wp-json\/wp\/v2\/product\/7817\/revisions"}],"predecessor-version":[{"id":7823,"href":"https:\/\/bomedia.net\/de\/wp-json\/wp\/v2\/product\/7817\/revisions\/7823"}],"wp:featuredmedia":[{"embeddable":true,"href":"https:\/\/bomedia.net\/de\/wp-json\/wp\/v2\/media\/5198"}],"wp:attachment":[{"href":"https:\/\/bomedia.net\/de\/wp-json\/wp\/v2\/media?parent=7817"}],"wp:term":[{"taxonomy":"product_brand","embeddable":true,"href":"https:\/\/bomedia.net\/de\/wp-json\/wp\/v2\/product_brand?post=7817"},{"taxonomy":"product_cat","embeddable":true,"href":"https:\/\/bomedia.net\/de\/wp-json\/wp\/v2\/product_cat?post=7817"},{"taxonomy":"product_tag","embeddable":true,"href":"https:\/\/bomedia.net\/de\/wp-json\/wp\/v2\/product_tag?post=7817"}],"curies":[{"name":"wp","href":"https:\/\/api.w.org\/{rel}","templated":true}]}}