{"id":8296,"date":"2024-07-25T06:03:44","date_gmt":"2024-07-25T06:03:44","guid":{"rendered":"https:\/\/bomedia.net\/?post_type=product&#038;p=8296"},"modified":"2024-07-25T06:08:43","modified_gmt":"2024-07-25T06:08:43","slug":"ordenador-portatil-aula-maker","status":"publish","type":"product","link":"https:\/\/bomedia.net\/de\/produkt\/ordenador-portatil-aula-maker","title":{"rendered":"Ordenador port\u00e1til &#8211; Makers"},"content":{"rendered":"<p>El aula MAKER deber\u00eda disponer de 3 ordenadores port\u00e1tiles con todo el software requerido para el aula instalado y configurado. Tendr\u00e1n usuarios espec\u00edficos de aula y un sistema &#8222;DeepFreeze&#8220; centralizado para gestionar las actualizaciones y preservar las configuraciones espec\u00edficas.<\/p>\n<h4>Caracter\u00edsticas t\u00e9cnicas<\/h4>\n<ul>\n<li><strong>Modelo <\/strong>: <strong>Lenovo V14 G4 AMN<\/strong><\/li>\n<li><strong>Chipset <\/strong>: AMD RyzenTM 3 7320U, 8GB RAM<\/li>\n<li><strong>Disco duro <\/strong>: SSD 256 GB<\/li>\n<li><strong>Monitor <\/strong>: 14&#8220;<\/li>\n<li><strong>Sistema operativo <\/strong>: Windows 10<\/li>\n<li><strong>Conexiones <\/strong>: 2 USB 3.2, 1 USB-C, 1-HDMI, 1 Ethernet (RJ45), 1 Auricular-Micro de 3.5 mm y 1 conector para la Fuente de alimentaci\u00f3n.<\/li>\n<\/ul>\n","protected":false},"excerpt":{"rendered":"<ul>\n<li><strong>Modelo <\/strong>: <strong>Lenovo V14 G4 AMN<\/strong><\/li>\n<li><strong>Chipset <\/strong>: AMD RyzenTM 3 7320U, 8GB RAM<\/li>\n<li><strong>Disco duro <\/strong>: SSD 256 GB<\/li>\n<li><strong>Monitor <\/strong>: 14&#8220;<\/li>\n<li><strong>Sistema operativo <\/strong>: Windows 10<\/li>\n<li><strong>Conexiones <\/strong>: 2 USB 3.2, 1 USB-C, 1-HDMI, 1 Ethernet (RJ45), 1 Auricular-Micro de 3.5 mm y 1 conector para la Fuente de alimentaci\u00f3n.<\/li>\n<\/ul>\n<p>&nbsp;<\/p>\n[su_button url=\"\/contact\/\" target=\"blank\" style=\"3d\" background=\"#2D89EF\" color=\"#FFFFFF\" size=\"3\"]Solicita m\u00e1s informaci\u00f3n[\/su_button]\n<p>&nbsp;<\/p>\n<p>&nbsp;<\/p>\n","protected":false},"featured_media":8297,"template":"","meta":{"zakra_page_container_layout":"customizer","zakra_page_sidebar_layout":"customizer","zakra_remove_content_margin":false,"zakra_sidebar":"customizer","zakra_transparent_header":"customizer","zakra_logo":0,"zakra_main_header_style":"default","zakra_menu_item_color":"","zakra_menu_item_hover_color":"","zakra_menu_item_active_color":"","zakra_menu_active_style":"","zakra_page_header":true,"_eb_attr":""},"product_brand":[],"product_cat":[523],"product_tag":[],"class_list":{"0":"post-8296","1":"product","2":"type-product","3":"status-publish","4":"has-post-thumbnail","6":"product_cat-makers","8":"first","9":"instock","10":"taxable","11":"shipping-taxable","12":"product-type-simple"},"_links":{"self":[{"href":"https:\/\/bomedia.net\/de\/wp-json\/wp\/v2\/product\/8296","targetHints":{"allow":["GET"]}}],"collection":[{"href":"https:\/\/bomedia.net\/de\/wp-json\/wp\/v2\/product"}],"about":[{"href":"https:\/\/bomedia.net\/de\/wp-json\/wp\/v2\/types\/product"}],"version-history":[{"count":7,"href":"https:\/\/bomedia.net\/de\/wp-json\/wp\/v2\/product\/8296\/revisions"}],"predecessor-version":[{"id":8318,"href":"https:\/\/bomedia.net\/de\/wp-json\/wp\/v2\/product\/8296\/revisions\/8318"}],"wp:featuredmedia":[{"embeddable":true,"href":"https:\/\/bomedia.net\/de\/wp-json\/wp\/v2\/media\/8297"}],"wp:attachment":[{"href":"https:\/\/bomedia.net\/de\/wp-json\/wp\/v2\/media?parent=8296"}],"wp:term":[{"taxonomy":"product_brand","embeddable":true,"href":"https:\/\/bomedia.net\/de\/wp-json\/wp\/v2\/product_brand?post=8296"},{"taxonomy":"product_cat","embeddable":true,"href":"https:\/\/bomedia.net\/de\/wp-json\/wp\/v2\/product_cat?post=8296"},{"taxonomy":"product_tag","embeddable":true,"href":"https:\/\/bomedia.net\/de\/wp-json\/wp\/v2\/product_tag?post=8296"}],"curies":[{"name":"wp","href":"https:\/\/api.w.org\/{rel}","templated":true}]}}