{"id":8319,"date":"2024-07-25T06:09:52","date_gmt":"2024-07-25T06:09:52","guid":{"rendered":"https:\/\/bomedia.net\/?post_type=product&#038;p=8319"},"modified":"2024-07-25T06:09:52","modified_gmt":"2024-07-25T06:09:52","slug":"escaner-3d-makers","status":"publish","type":"product","link":"https:\/\/bomedia.net\/de\/produkt\/escaner-3d-makers","title":{"rendered":"Esc\u00e1ner 3D &#8211; Makers"},"content":{"rendered":"<p>Un esc\u00e1ner 3D es un dispositivo capaz de capturar la imagen de un modelo f\u00edsico y convertirla en un modelo digital en tres dimensiones, simplificando el proceso de dise\u00f1o, ya sea por replicar o por tener el punto de partida de un dise\u00f1o m\u00e1s personalizado.<\/p>\n<h4>Caracter\u00edsticas t\u00e9cnicas<\/h4>\n<ul>\n<li><strong>Modelo <\/strong>: Creality CR-ScanLizard<\/li>\n<li><strong>Dimensiones <\/strong>: 155x84x46 mm, 370g<\/li>\n<li><strong>Precisi\u00f3n <\/strong>: hasta 0,05mm.<\/li>\n<li><strong>Medidas de los objetos <\/strong>: M\u00ednimo 15x15x15 mm<\/li>\n<li><strong>Distancia de trabajo <\/strong>: 150-400 mm<\/li>\n<li><strong>Accesorios <\/strong>: Plato rotatorio<\/li>\n<\/ul>\n","protected":false},"excerpt":{"rendered":"<ul>\n<li><strong>Modelo <\/strong>: Creality CR-ScanLizard<\/li>\n<li><strong>Dimensiones <\/strong>: 155x84x46 mm, 370g<\/li>\n<li><strong>Precisi\u00f3n <\/strong>: hasta 0,05mm.<\/li>\n<li><strong>Medidas de los objetos <\/strong>: M\u00ednimo 15x15x15 mm<\/li>\n<li><strong>Distancia de trabajo <\/strong>: 150-400 mm<\/li>\n<li><strong>Accesorios <\/strong>: Plato rotatorio<\/li>\n<\/ul>\n<p class=\"p1\"><span class=\"s1\">[su_button url=\"\/contact\/\" target=\"blank\" style=\"3d\" background=\"#2D89EF\" color=\"#FFFFFF\" size=\"3\"]Solicita m\u00e1s informaci\u00f3n[\/su_button]<\/span><\/p>\n","protected":false},"featured_media":8291,"template":"","meta":{"zakra_page_container_layout":"customizer","zakra_page_sidebar_layout":"customizer","zakra_remove_content_margin":false,"zakra_sidebar":"customizer","zakra_transparent_header":"customizer","zakra_logo":0,"zakra_main_header_style":"default","zakra_menu_item_color":"","zakra_menu_item_hover_color":"","zakra_menu_item_active_color":"","zakra_menu_active_style":"","zakra_page_header":true,"_eb_attr":""},"product_brand":[],"product_cat":[523],"product_tag":[],"class_list":{"0":"post-8319","1":"product","2":"type-product","3":"status-publish","4":"has-post-thumbnail","6":"product_cat-makers","8":"first","9":"instock","10":"taxable","11":"shipping-taxable","12":"product-type-simple"},"_links":{"self":[{"href":"https:\/\/bomedia.net\/de\/wp-json\/wp\/v2\/product\/8319","targetHints":{"allow":["GET"]}}],"collection":[{"href":"https:\/\/bomedia.net\/de\/wp-json\/wp\/v2\/product"}],"about":[{"href":"https:\/\/bomedia.net\/de\/wp-json\/wp\/v2\/types\/product"}],"version-history":[{"count":1,"href":"https:\/\/bomedia.net\/de\/wp-json\/wp\/v2\/product\/8319\/revisions"}],"predecessor-version":[{"id":8321,"href":"https:\/\/bomedia.net\/de\/wp-json\/wp\/v2\/product\/8319\/revisions\/8321"}],"wp:featuredmedia":[{"embeddable":true,"href":"https:\/\/bomedia.net\/de\/wp-json\/wp\/v2\/media\/8291"}],"wp:attachment":[{"href":"https:\/\/bomedia.net\/de\/wp-json\/wp\/v2\/media?parent=8319"}],"wp:term":[{"taxonomy":"product_brand","embeddable":true,"href":"https:\/\/bomedia.net\/de\/wp-json\/wp\/v2\/product_brand?post=8319"},{"taxonomy":"product_cat","embeddable":true,"href":"https:\/\/bomedia.net\/de\/wp-json\/wp\/v2\/product_cat?post=8319"},{"taxonomy":"product_tag","embeddable":true,"href":"https:\/\/bomedia.net\/de\/wp-json\/wp\/v2\/product_tag?post=8319"}],"curies":[{"name":"wp","href":"https:\/\/api.w.org\/{rel}","templated":true}]}}