{"id":8322,"date":"2024-07-25T06:11:01","date_gmt":"2024-07-25T06:11:01","guid":{"rendered":"https:\/\/bomedia.net\/?post_type=product&#038;p=8322"},"modified":"2024-07-25T06:11:01","modified_gmt":"2024-07-25T06:11:01","slug":"boligrafo-3d-makers","status":"publish","type":"product","link":"https:\/\/bomedia.net\/de\/produkt\/boligrafo-3d-makers","title":{"rendered":"Bol\u00edgrafo 3D &#8211; Makers"},"content":{"rendered":"<p>Un bol\u00edgrafo 3D extruye pl\u00e1stico caliente por su boquilla. No necesita ning\u00fan software y permite dibujar un gr\u00e1fico en relieve en un pedazo de papel o cualquier superficie plana y tambi\u00e9n &#8222;dibujar&#8220; en el aire, lo que nos permite formar instant\u00e1neamente estructuras 3D de forma f\u00e1cil.<\/p>\n<h4>Caracter\u00edsticas t\u00e9cnicas<\/h4>\n<ul>\n<li><strong>Modelo <\/strong>: 3DPEN-2<\/li>\n<li><strong>Dimensiones <\/strong>: 46 mm x 190 mm.<\/li>\n<li><strong>Di\u00e1metro de la boquilla <\/strong>: 0,7 mm.<\/li>\n<li><strong>Temperatura de la boquilla <\/strong>:60\u00baC &#8211; 230\u00baC<\/li>\n<li><strong>Di\u00e1metro del filamento <\/strong>: 1,75mm<\/li>\n<li><strong>Materiales de trabajo <\/strong>: PLAN (permite trabajar con ABS, no recomendado)<\/li>\n<li><strong>Accesorios <\/strong>: Alimentador 5V 2A.<\/li>\n<li><strong>Prestaciones <\/strong>: Velocidad y temperatura ajustable.<\/li>\n<\/ul>\n","protected":false},"excerpt":{"rendered":"<ul>\n<li><strong>Modelo <\/strong>: 3DPEN-2<\/li>\n<li><strong>Dimensiones <\/strong>: 46 mm x 190 mm.<\/li>\n<li><strong>Di\u00e1metro de la boquilla <\/strong>: 0,7 mm.<\/li>\n<li><strong>Temperatura de la boquilla <\/strong>:60\u00baC &#8211; 230\u00baC<\/li>\n<li><strong>Di\u00e1metro del filamento <\/strong>: 1,75mm<\/li>\n<li><strong>Materiales de trabajo <\/strong>: PLAN (permite trabajar con ABS, no recomendado)<\/li>\n<li><strong>Accesorios <\/strong>: Alimentador 5V 2A.<\/li>\n<li><strong>Prestaciones <\/strong>: Velocidad y temperatura ajustable.<\/li>\n<\/ul>\n<p class=\"p1\"><span class=\"s1\">[su_button url=\"\/contact\/\" target=\"blank\" style=\"3d\" background=\"#2D89EF\" color=\"#FFFFFF\" size=\"3\"]Solicita m\u00e1s informaci\u00f3n[\/su_button]<\/span><\/p>\n","protected":false},"featured_media":8155,"template":"","meta":{"zakra_page_container_layout":"customizer","zakra_page_sidebar_layout":"customizer","zakra_remove_content_margin":false,"zakra_sidebar":"customizer","zakra_transparent_header":"customizer","zakra_logo":0,"zakra_main_header_style":"default","zakra_menu_item_color":"","zakra_menu_item_hover_color":"","zakra_menu_item_active_color":"","zakra_menu_active_style":"","zakra_page_header":true,"_eb_attr":""},"product_brand":[],"product_cat":[523],"product_tag":[],"class_list":{"0":"post-8322","1":"product","2":"type-product","3":"status-publish","4":"has-post-thumbnail","6":"product_cat-makers","8":"first","9":"instock","10":"taxable","11":"shipping-taxable","12":"product-type-simple"},"_links":{"self":[{"href":"https:\/\/bomedia.net\/de\/wp-json\/wp\/v2\/product\/8322","targetHints":{"allow":["GET"]}}],"collection":[{"href":"https:\/\/bomedia.net\/de\/wp-json\/wp\/v2\/product"}],"about":[{"href":"https:\/\/bomedia.net\/de\/wp-json\/wp\/v2\/types\/product"}],"version-history":[{"count":1,"href":"https:\/\/bomedia.net\/de\/wp-json\/wp\/v2\/product\/8322\/revisions"}],"predecessor-version":[{"id":8323,"href":"https:\/\/bomedia.net\/de\/wp-json\/wp\/v2\/product\/8322\/revisions\/8323"}],"wp:featuredmedia":[{"embeddable":true,"href":"https:\/\/bomedia.net\/de\/wp-json\/wp\/v2\/media\/8155"}],"wp:attachment":[{"href":"https:\/\/bomedia.net\/de\/wp-json\/wp\/v2\/media?parent=8322"}],"wp:term":[{"taxonomy":"product_brand","embeddable":true,"href":"https:\/\/bomedia.net\/de\/wp-json\/wp\/v2\/product_brand?post=8322"},{"taxonomy":"product_cat","embeddable":true,"href":"https:\/\/bomedia.net\/de\/wp-json\/wp\/v2\/product_cat?post=8322"},{"taxonomy":"product_tag","embeddable":true,"href":"https:\/\/bomedia.net\/de\/wp-json\/wp\/v2\/product_tag?post=8322"}],"curies":[{"name":"wp","href":"https:\/\/api.w.org\/{rel}","templated":true}]}}