{"id":8326,"date":"2024-07-25T06:15:07","date_gmt":"2024-07-25T06:15:07","guid":{"rendered":"https:\/\/bomedia.net\/?post_type=product&#038;p=8326"},"modified":"2024-07-25T06:15:08","modified_gmt":"2024-07-25T06:15:08","slug":"cortadora-laser-beambox-makers","status":"publish","type":"product","link":"https:\/\/bomedia.net\/de\/produkt\/cortadora-laser-beambox-makers","title":{"rendered":"Cortadora-grabadora l\u00e1ser &#8211; Beambox &#8211; Makers"},"content":{"rendered":"<p>Es una <strong>m\u00e1quina de corte y grabado 2D <\/strong>mediante un <strong>rayo l\u00e1ser <\/strong>en materiales s\u00f3lidos y de mil\u00edmetros de grosor. El cortado l\u00e1ser consiste en hacer incidir, mediante control por computador, un rayo l\u00e1ser de elevada potencia en el material que se desea cortar o grabar. La aplicaci\u00f3n m\u00e1s habitual de este tipo de tecnolog\u00eda se encuentra en el corte de l\u00e1minas planas de una gran variedad de materiales. Hay muchos tipos de l\u00e1seres utilizados para el corte y grabado. Uno de los m\u00e1s utilizados y con m\u00e1s prestaciones es el l\u00e1ser CO\u2082 .<\/p>\n<h3>Caracter\u00edsticas t\u00e9cnicas<\/h3>\n<ul>\n<li><strong>Modelo <\/strong>: <a href=\"https:\/\/fluxlasers.es\/beambox\/\"><strong>Flux Beambox<\/strong><\/a><\/li>\n<li><strong>\u00c1rea de trabajo <\/strong>: 40\u00d737,5 cm (corte y grabado) y 8 cm altura m\u00e1xima del material.<\/li>\n<li><strong>Materiales de trabajo <\/strong>: Cartulina, madera DM, madera contrachapado, pl\u00e1stico metacrilato.<\/li>\n<li><strong>Accesorios <\/strong>: Filtro de humos, repuestos por el filtro de humos.<\/li>\n<li><strong>Prestaciones <\/strong>: L\u00e1ser CO\u2082 40 Watts, dise\u00f1o abierto basado en Raspberry Pi, posicionamiento cero mediante c\u00e1mara.<\/li>\n<\/ul>\n","protected":false},"excerpt":{"rendered":"<ul>\n<li><strong>Modelo <\/strong>: <strong>Flux Beambox<\/strong><\/li>\n<li><strong>\u00c1rea de trabajo <\/strong>: 40\u00d737,5 cm (corte y grabado) y 8 cm altura m\u00e1xima del material.<\/li>\n<li><strong>Materiales de trabajo <\/strong>: Cartulina, madera DM, madera contrachapado, pl\u00e1stico metacrilato.<\/li>\n<li><strong>Accesorios <\/strong>: Filtro de humos, repuestos por el filtro de humos.<\/li>\n<li><strong>Prestaciones <\/strong>: L\u00e1ser CO\u2082 40 Watts, dise\u00f1o abierto basado en Raspberry Pi, posicionamiento cero mediante c\u00e1mara.<\/li>\n<\/ul>\n<p class=\"p1\"><span class=\"s1\">[su_button url=\"\/contact\/\" target=\"blank\" style=\"3d\" background=\"#2D89EF\" color=\"#FFFFFF\" size=\"3\"]Solicita m\u00e1s informaci\u00f3n[\/su_button]<\/span><\/p>\n","protected":false},"featured_media":8175,"template":"","meta":{"zakra_page_container_layout":"customizer","zakra_page_sidebar_layout":"customizer","zakra_remove_content_margin":false,"zakra_sidebar":"customizer","zakra_transparent_header":"customizer","zakra_logo":0,"zakra_main_header_style":"default","zakra_menu_item_color":"","zakra_menu_item_hover_color":"","zakra_menu_item_active_color":"","zakra_menu_active_style":"","zakra_page_header":true,"_eb_attr":""},"product_brand":[],"product_cat":[523],"product_tag":[],"class_list":{"0":"post-8326","1":"product","2":"type-product","3":"status-publish","4":"has-post-thumbnail","6":"product_cat-makers","8":"first","9":"instock","10":"taxable","11":"shipping-taxable","12":"product-type-simple"},"_links":{"self":[{"href":"https:\/\/bomedia.net\/de\/wp-json\/wp\/v2\/product\/8326","targetHints":{"allow":["GET"]}}],"collection":[{"href":"https:\/\/bomedia.net\/de\/wp-json\/wp\/v2\/product"}],"about":[{"href":"https:\/\/bomedia.net\/de\/wp-json\/wp\/v2\/types\/product"}],"version-history":[{"count":1,"href":"https:\/\/bomedia.net\/de\/wp-json\/wp\/v2\/product\/8326\/revisions"}],"predecessor-version":[{"id":8327,"href":"https:\/\/bomedia.net\/de\/wp-json\/wp\/v2\/product\/8326\/revisions\/8327"}],"wp:featuredmedia":[{"embeddable":true,"href":"https:\/\/bomedia.net\/de\/wp-json\/wp\/v2\/media\/8175"}],"wp:attachment":[{"href":"https:\/\/bomedia.net\/de\/wp-json\/wp\/v2\/media?parent=8326"}],"wp:term":[{"taxonomy":"product_brand","embeddable":true,"href":"https:\/\/bomedia.net\/de\/wp-json\/wp\/v2\/product_brand?post=8326"},{"taxonomy":"product_cat","embeddable":true,"href":"https:\/\/bomedia.net\/de\/wp-json\/wp\/v2\/product_cat?post=8326"},{"taxonomy":"product_tag","embeddable":true,"href":"https:\/\/bomedia.net\/de\/wp-json\/wp\/v2\/product_tag?post=8326"}],"curies":[{"name":"wp","href":"https:\/\/api.w.org\/{rel}","templated":true}]}}