{"id":7136,"date":"2023-11-07T12:31:42","date_gmt":"2023-11-07T12:31:42","guid":{"rendered":"https:\/\/bomedia.net\/product\/cyan-cartouche-dencre-a-solvant-ador"},"modified":"2023-11-07T12:31:42","modified_gmt":"2023-11-07T12:31:42","slug":"cyan-cartouche-dencre-a-solvant-ador","status":"publish","type":"product","link":"https:\/\/bomedia.net\/fr\/produit\/cyan-cartouche-dencre-a-solvant-ador","title":{"rendered":"Cyan &#8211; Cartouche d&rsquo;encre \u00e0 solvant Ador"},"content":{"rendered":"<p><strong>ENCRE \u00c0 SOLVANT ADOR COULEUR CYAN<\/strong><\/p>\n<p>L&rsquo;encre \u00e0 solvant Ador est sp\u00e9cialement con\u00e7ue pour le module d&rsquo;impression Ador afin de garantir les couleurs les plus \u00e9clatantes possibles pour vos cr\u00e9ations.<\/p>\n<p><strong>CHOISIR PLUS DE COULEURS POUR LES M\u00c9LANGES DE COULEURS OU L&rsquo;IMPRESSION EN D\u00c9GRAD\u00c9 :<\/strong><\/p>\n<ul>\n<li>Cyan<\/li>\n<li>Magenta<\/li>\n<li>Jaune<\/li>\n<li>Noir<\/li>\n<\/ul>\n<p><strong>STOCKAGE DE L&rsquo;ENCRE :<\/strong><\/p>\n<p>Les cartouches d&rsquo;encre peuvent \u00eatre conserv\u00e9es jusqu&rsquo;\u00e0 6 mois.<\/p>\n","protected":false},"excerpt":{"rendered":"<p><strong>Recharge de la cartouche cyan<\/strong><\/p>\n<p>L&rsquo;encre \u00e0 solvant Ador est sp\u00e9cialement con\u00e7ue pour le module d&rsquo;impression Ador afin de garantir les couleurs les plus \u00e9clatantes possibles pour vos cr\u00e9ations.<\/p>\n","protected":false},"featured_media":7034,"template":"","meta":{"zakra_page_container_layout":"customizer","zakra_page_sidebar_layout":"customizer","zakra_remove_content_margin":false,"zakra_sidebar":"customizer","zakra_transparent_header":"customizer","zakra_logo":0,"zakra_main_header_style":"default","zakra_menu_item_color":"","zakra_menu_item_hover_color":"","zakra_menu_item_active_color":"","zakra_menu_active_style":"","zakra_page_header":true,"_eb_attr":""},"product_brand":[],"product_cat":[241],"product_tag":[],"class_list":{"0":"post-7136","1":"product","2":"type-product","3":"status-publish","4":"has-post-thumbnail","6":"product_cat-fluxlasers-fr","8":"first","9":"onbackorder","10":"taxable","11":"shipping-taxable","12":"purchasable","13":"product-type-simple"},"_links":{"self":[{"href":"https:\/\/bomedia.net\/fr\/wp-json\/wp\/v2\/product\/7136","targetHints":{"allow":["GET"]}}],"collection":[{"href":"https:\/\/bomedia.net\/fr\/wp-json\/wp\/v2\/product"}],"about":[{"href":"https:\/\/bomedia.net\/fr\/wp-json\/wp\/v2\/types\/product"}],"version-history":[{"count":0,"href":"https:\/\/bomedia.net\/fr\/wp-json\/wp\/v2\/product\/7136\/revisions"}],"wp:featuredmedia":[{"embeddable":true,"href":"https:\/\/bomedia.net\/fr\/wp-json\/wp\/v2\/media\/7034"}],"wp:attachment":[{"href":"https:\/\/bomedia.net\/fr\/wp-json\/wp\/v2\/media?parent=7136"}],"wp:term":[{"taxonomy":"product_brand","embeddable":true,"href":"https:\/\/bomedia.net\/fr\/wp-json\/wp\/v2\/product_brand?post=7136"},{"taxonomy":"product_cat","embeddable":true,"href":"https:\/\/bomedia.net\/fr\/wp-json\/wp\/v2\/product_cat?post=7136"},{"taxonomy":"product_tag","embeddable":true,"href":"https:\/\/bomedia.net\/fr\/wp-json\/wp\/v2\/product_tag?post=7136"}],"curies":[{"name":"wp","href":"https:\/\/api.w.org\/{rel}","templated":true}]}}