{"id":7142,"date":"2023-11-07T12:17:15","date_gmt":"2023-11-07T12:17:15","guid":{"rendered":"https:\/\/bomedia.net\/product\/module-laser-infrarouge-flux-ador-2-w"},"modified":"2023-11-07T12:17:15","modified_gmt":"2023-11-07T12:17:15","slug":"module-laser-infrarouge-flux-ador-2-w","status":"publish","type":"product","link":"https:\/\/bomedia.net\/fr\/produit\/module-laser-infrarouge-flux-ador-2-w","title":{"rendered":"MODULE LASER INFRAROUGE FLUX ADOR 2 W"},"content":{"rendered":"<p>MODULE LASER INFRAROUGE FLUX ADOR 2 W<br \/>\nLe module laser infrarouge Ador 2 W vous permet de graver facilement le m\u00e9tal et les mat\u00e9riaux de type m\u00e9tallique.<\/p>\n","protected":false},"excerpt":{"rendered":"<p>Le module laser infrarouge Ador 2 W vous permet de graver facilement le m\u00e9tal et les mat\u00e9riaux de type m\u00e9tallique.<\/p>\n","protected":false},"featured_media":6936,"template":"","meta":{"zakra_page_container_layout":"customizer","zakra_page_sidebar_layout":"customizer","zakra_remove_content_margin":false,"zakra_sidebar":"customizer","zakra_transparent_header":"customizer","zakra_logo":0,"zakra_main_header_style":"default","zakra_menu_item_color":"","zakra_menu_item_hover_color":"","zakra_menu_item_active_color":"","zakra_menu_active_style":"","zakra_page_header":true,"_eb_attr":""},"product_brand":[],"product_cat":[241],"product_tag":[],"class_list":{"0":"post-7142","1":"product","2":"type-product","3":"status-publish","4":"has-post-thumbnail","6":"product_cat-fluxlasers-fr","8":"first","9":"onbackorder","10":"taxable","11":"shipping-taxable","12":"purchasable","13":"product-type-simple"},"_links":{"self":[{"href":"https:\/\/bomedia.net\/fr\/wp-json\/wp\/v2\/product\/7142","targetHints":{"allow":["GET"]}}],"collection":[{"href":"https:\/\/bomedia.net\/fr\/wp-json\/wp\/v2\/product"}],"about":[{"href":"https:\/\/bomedia.net\/fr\/wp-json\/wp\/v2\/types\/product"}],"version-history":[{"count":0,"href":"https:\/\/bomedia.net\/fr\/wp-json\/wp\/v2\/product\/7142\/revisions"}],"wp:featuredmedia":[{"embeddable":true,"href":"https:\/\/bomedia.net\/fr\/wp-json\/wp\/v2\/media\/6936"}],"wp:attachment":[{"href":"https:\/\/bomedia.net\/fr\/wp-json\/wp\/v2\/media?parent=7142"}],"wp:term":[{"taxonomy":"product_brand","embeddable":true,"href":"https:\/\/bomedia.net\/fr\/wp-json\/wp\/v2\/product_brand?post=7142"},{"taxonomy":"product_cat","embeddable":true,"href":"https:\/\/bomedia.net\/fr\/wp-json\/wp\/v2\/product_cat?post=7142"},{"taxonomy":"product_tag","embeddable":true,"href":"https:\/\/bomedia.net\/fr\/wp-json\/wp\/v2\/product_tag?post=7142"}],"curies":[{"name":"wp","href":"https:\/\/api.w.org\/{rel}","templated":true}]}}