{"id":7145,"date":"2023-11-07T12:24:24","date_gmt":"2023-11-07T12:24:24","guid":{"rendered":"https:\/\/bomedia.net\/product\/module-dimpression-flux-ador"},"modified":"2023-11-07T12:24:24","modified_gmt":"2023-11-07T12:24:24","slug":"module-dimpression-flux-ador","status":"publish","type":"product","link":"https:\/\/bomedia.net\/fr\/produit\/module-dimpression-flux-ador","title":{"rendered":"MODULE D&rsquo;IMPRESSION FLUX ADOR"},"content":{"rendered":"<h3>MODULE D&rsquo;IMPRESSION FLUX ADOR<\/h3>\n<p>Am\u00e9liorez vos cr\u00e9ations avec le module d&rsquo;impression Ador ! Parfaitement compatible avec l&rsquo;\u00e9co-solvant CMYK, il ajoute une touche de couleur vibrante \u00e0 vos cr\u00e9ations.<\/p>\n<p><strong>Vous pouvez utiliser le module d&rsquo;impression pour votre Ador de 3 mani\u00e8res diff\u00e9rentes :<\/strong><\/p>\n<ul>\n<li>Couleur unique (300DPI)<\/li>\n<li>Couleur mixte (150 PDI)<\/li>\n<li>D\u00e9grad\u00e9 (150 dpi)<\/li>\n<\/ul>\n<p><strong>CHOISISSEZ UNE OU PLUSIEURS COULEURS :<br \/>\n<\/strong>(Elles ne sont pas incluses et doivent \u00eatre achet\u00e9es s\u00e9par\u00e9ment).<\/p>\n<ul>\n<li>cyan<\/li>\n<li>Magenta<\/li>\n<li>Jaune<\/li>\n<li>Noir<\/li>\n<\/ul>\n<p><strong>QUE CONTIENT LA BO\u00ceTE ?<\/strong><\/p>\n<ul>\n<li>1 module d&rsquo;impression Ador.<\/li>\n<\/ul>\n","protected":false},"excerpt":{"rendered":"<p>Am\u00e9liorez vos cr\u00e9ations avec le module d&rsquo;impression Ador ! Parfaitement compatible avec l&rsquo;\u00e9co-solvant CMYK, il ajoute une touche de couleur vibrante \u00e0 vos cr\u00e9ations.<\/p>\n<p>&nbsp;<\/p>\n","protected":false},"featured_media":6962,"template":"","meta":{"zakra_page_container_layout":"customizer","zakra_page_sidebar_layout":"customizer","zakra_remove_content_margin":false,"zakra_sidebar":"customizer","zakra_transparent_header":"customizer","zakra_logo":0,"zakra_main_header_style":"default","zakra_menu_item_color":"","zakra_menu_item_hover_color":"","zakra_menu_item_active_color":"","zakra_menu_active_style":"","zakra_page_header":true,"_eb_attr":""},"product_brand":[],"product_cat":[241],"product_tag":[],"class_list":{"0":"post-7145","1":"product","2":"type-product","3":"status-publish","4":"has-post-thumbnail","6":"product_cat-fluxlasers-fr","8":"first","9":"onbackorder","10":"taxable","11":"shipping-taxable","12":"purchasable","13":"product-type-simple"},"_links":{"self":[{"href":"https:\/\/bomedia.net\/fr\/wp-json\/wp\/v2\/product\/7145","targetHints":{"allow":["GET"]}}],"collection":[{"href":"https:\/\/bomedia.net\/fr\/wp-json\/wp\/v2\/product"}],"about":[{"href":"https:\/\/bomedia.net\/fr\/wp-json\/wp\/v2\/types\/product"}],"version-history":[{"count":0,"href":"https:\/\/bomedia.net\/fr\/wp-json\/wp\/v2\/product\/7145\/revisions"}],"wp:featuredmedia":[{"embeddable":true,"href":"https:\/\/bomedia.net\/fr\/wp-json\/wp\/v2\/media\/6962"}],"wp:attachment":[{"href":"https:\/\/bomedia.net\/fr\/wp-json\/wp\/v2\/media?parent=7145"}],"wp:term":[{"taxonomy":"product_brand","embeddable":true,"href":"https:\/\/bomedia.net\/fr\/wp-json\/wp\/v2\/product_brand?post=7145"},{"taxonomy":"product_cat","embeddable":true,"href":"https:\/\/bomedia.net\/fr\/wp-json\/wp\/v2\/product_cat?post=7145"},{"taxonomy":"product_tag","embeddable":true,"href":"https:\/\/bomedia.net\/fr\/wp-json\/wp\/v2\/product_tag?post=7145"}],"curies":[{"name":"wp","href":"https:\/\/api.w.org\/{rel}","templated":true}]}}