{"id":7161,"date":"2023-07-25T10:42:14","date_gmt":"2023-07-25T10:42:14","guid":{"rendered":"https:\/\/bomedia.net\/product\/laser-1390-mbo-co2-plotter-decoupe-gravure-et-poinconnage-de-precision"},"modified":"2023-07-25T10:42:14","modified_gmt":"2023-07-25T10:42:14","slug":"laser-1390-mbo-co2-plotter-decoupe-gravure-et-poinconnage-de-precision","status":"publish","type":"product","link":"https:\/\/bomedia.net\/fr\/produit\/laser-1390-mbo-co2-plotter-decoupe-gravure-et-poinconnage-de-precision","title":{"rendered":"Laser 1390 MBO CO2 Plotter &#8211; D\u00e9coupe, gravure et poin\u00e7onnage de pr\u00e9cision"},"content":{"rendered":"<p><b>Avantages exceptionnels :<\/b><\/p>\n<ol>\n<li> <b> Performances sup\u00e9rieures :<\/b> Avec une zone de travail \u00e9largie et une puissance am\u00e9lior\u00e9e par rapport \u00e0 notre mod\u00e8le MBO1390, cette machine laser CO2 vous offre des performances exceptionnelles. Il coupe, d\u00e9coupe et grave facilement les mat\u00e9riaux organiques.<\/li>\n<li> <b> Compatibilit\u00e9 avec vos programmes pr\u00e9f\u00e9r\u00e9s :<\/b> Cr\u00e9ez sans limites gr\u00e2ce \u00e0 la compatibilit\u00e9 avec les principaux programmes de conception tels que CorelDraw, Photoshop et AutoCAD. Renforcez votre cr\u00e9ativit\u00e9 et concr\u00e9tisez vos id\u00e9es avec pr\u00e9cision.<\/li>\n<li> <b> Contr\u00f4le DSP avanc\u00e9 :<\/b> le contr\u00f4le continu de la courbe et la fonction de trajectoire optimis\u00e9e vous permettent d&rsquo;augmenter votre productivit\u00e9 et d&rsquo;obtenir des r\u00e9sultats professionnels sur chaque projet.<\/li>\n<li> <b> Pr\u00e9visualisation facile :<\/b> v\u00e9rifiez que votre dessin s&rsquo;adapte au mat\u00e9riau gr\u00e2ce \u00e0 la fonction de pr\u00e9visualisation avant d&rsquo;ex\u00e9cuter le travail, ce qui garantit une utilisation efficace de vos mat\u00e9riaux.<\/li>\n<li> <b> Grande vari\u00e9t\u00e9 de mat\u00e9riaux :<\/b> Gravez et d\u00e9coupez facilement une grande vari\u00e9t\u00e9 de mat\u00e9riaux, y compris le bois, l&rsquo;acrylique, les tissus, les m\u00e9taux laqu\u00e9s et les plastiques \u00e0 deux couches.<\/li>\n<\/ol>\n<p><b>Des applications sans limites :<\/b><\/p>\n<p>Avec le traceur 1390, les possibilit\u00e9s sont infinies. De la publicit\u00e9 et de la signal\u00e9tique \u00e0 la d\u00e9coration et \u00e0 l&rsquo;am\u00e9nagement int\u00e9rieur, tout est possible ! Exp\u00e9rimentez avec une vari\u00e9t\u00e9 de mat\u00e9riaux, tels que l&rsquo;acrylique, le bois, le m\u00e9thacrylate, les textiles, le cuir, le caoutchouc, le plastique et bien d&rsquo;autres encore. Cr\u00e9ez des enseignes lumineuses, des pr\u00e9sentoirs, des stands d&rsquo;exposition et donnez une touche artisanale et personnalis\u00e9e \u00e0 vos cadeaux.<\/p>\n<p>Si vous \u00eates \u00e0 la recherche d&rsquo;une machine laser qui vous permettra d&rsquo;aller plus loin dans votre cr\u00e9ativit\u00e9 et d&rsquo;obtenir des r\u00e9sultats professionnels, le Laser MBO Plotter 1390 est votre choix id\u00e9al. Tirez le meilleur parti de vos projets gr\u00e2ce \u00e0 ce puissant outil de gravure et de d\u00e9coupe !<\/p>\n","protected":false},"excerpt":{"rendered":"<p>D\u00e9couvrez la polyvalence du syst\u00e8me laser CO2 de notre traceur 1390 ! Cette puissante machine laser est la solution parfaite pour vos besoins de gravure et de d\u00e9coupe. Sa technologie avanc\u00e9e DSP (Digital Signal Processing) contr\u00f4le les courbes continues et optimise la trajectoire, garantissant une productivit\u00e9 in\u00e9gal\u00e9e. En outre, il \u00e9galise automatiquement la puissance du laser tout au long de l&rsquo;op\u00e9ration pour obtenir des coupes parfaites sur n&rsquo;importe quelle g\u00e9om\u00e9trie. D&rsquo;un simple clic, votre dessin prend vie sur la machine.<\/p>\n","protected":false},"featured_media":5961,"template":"","meta":{"zakra_page_container_layout":"customizer","zakra_page_sidebar_layout":"customizer","zakra_remove_content_margin":false,"zakra_sidebar":"customizer","zakra_transparent_header":"customizer","zakra_logo":0,"zakra_main_header_style":"default","zakra_menu_item_color":"","zakra_menu_item_hover_color":"","zakra_menu_item_active_color":"","zakra_menu_active_style":"","zakra_page_header":true,"_eb_attr":""},"product_brand":[],"product_cat":[339,274],"product_tag":[],"class_list":{"0":"post-7161","1":"product","2":"type-product","3":"status-publish","4":"has-post-thumbnail","6":"product_cat-laser-co2-mbo","7":"product_cat-lasers-mbo","9":"first","10":"instock","11":"featured","12":"taxable","13":"shipping-taxable","14":"purchasable","15":"product-type-simple"},"_links":{"self":[{"href":"https:\/\/bomedia.net\/fr\/wp-json\/wp\/v2\/product\/7161","targetHints":{"allow":["GET"]}}],"collection":[{"href":"https:\/\/bomedia.net\/fr\/wp-json\/wp\/v2\/product"}],"about":[{"href":"https:\/\/bomedia.net\/fr\/wp-json\/wp\/v2\/types\/product"}],"version-history":[{"count":0,"href":"https:\/\/bomedia.net\/fr\/wp-json\/wp\/v2\/product\/7161\/revisions"}],"wp:featuredmedia":[{"embeddable":true,"href":"https:\/\/bomedia.net\/fr\/wp-json\/wp\/v2\/media\/5961"}],"wp:attachment":[{"href":"https:\/\/bomedia.net\/fr\/wp-json\/wp\/v2\/media?parent=7161"}],"wp:term":[{"taxonomy":"product_brand","embeddable":true,"href":"https:\/\/bomedia.net\/fr\/wp-json\/wp\/v2\/product_brand?post=7161"},{"taxonomy":"product_cat","embeddable":true,"href":"https:\/\/bomedia.net\/fr\/wp-json\/wp\/v2\/product_cat?post=7161"},{"taxonomy":"product_tag","embeddable":true,"href":"https:\/\/bomedia.net\/fr\/wp-json\/wp\/v2\/product_tag?post=7161"}],"curies":[{"name":"wp","href":"https:\/\/api.w.org\/{rel}","templated":true}]}}