{"id":7167,"date":"2023-07-25T10:21:01","date_gmt":"2023-07-25T10:21:01","guid":{"rendered":"https:\/\/bomedia.net\/product\/mini-fraiseuse-cnc-tec-cam-60-90"},"modified":"2023-07-25T10:21:01","modified_gmt":"2023-07-25T10:21:01","slug":"mini-fraiseuse-cnc-tec-cam-60-90","status":"publish","type":"product","link":"https:\/\/bomedia.net\/fr\/produit\/mini-fraiseuse-cnc-tec-cam-60-90","title":{"rendered":"Mini fraiseuse CNC TEC-CAM 60\/90"},"content":{"rendered":"<p><span style=\"font-weight: 400;\">Vous cherchez un routeur CNC qui fera la diff\u00e9rence dans vos cr\u00e9ations ? Le  <\/span><b>Mini TEC-CAM 60\/90<\/b><span style=\"font-weight: 400;\">  est la r\u00e9ponse. Avec sa conception compacte et ses performances sup\u00e9rieures, cette machine est parfaite pour faire passer vos projets de fabrication au niveau sup\u00e9rieur.<\/span><\/p>\n<p><b>Polyvalence pour tous les types d&rsquo;applications<\/b><\/p>\n<p><span style=\"font-weight: 400;\">La Mini TEC-CAM 60\/90 est une fraiseuse CNC qui s&rsquo;adapte \u00e0 vos besoins. Qu&rsquo;il s&rsquo;agisse de cr\u00e9er des enseignes, des banni\u00e8res, des m\u00e9dailles, des maquettes ou des panneaux \u00e9lectriques, cette machine est capable de travailler avec une large gamme de mat\u00e9riaux, notamment  <\/span><b>aluminium, cuivre, plastique et bois<\/b><span style=\"font-weight: 400;\">. Laissez libre cours \u00e0 votre imagination et cr\u00e9ez des pi\u00e8ces uniques !<\/span><\/p>\n<p><b>Puissance et pr\u00e9cision \u00e0 chaque coupe<\/b><\/p>\n<p><span style=\"font-weight: 400;\">Avec une broche puissante de <\/span><b>1,5 kW<\/b><span style=\"font-weight: 400;\"> et une vitesse allant jusqu&rsquo;\u00e0 <\/span><b>2400 tr\/min.<\/b><span style=\"font-weight: 400;\">La Mini TEC-CAM 60\/90 permet des coupes rapides et pr\u00e9cises. En outre, son syst\u00e8me de refroidissement par eau garantit des performances optimales tout au long du processus de broyage.<\/span><\/p>\n<p><b>Des options suppl\u00e9mentaires pour maximiser votre productivit\u00e9<\/b><\/p>\n<p><span style=\"font-weight: 400;\">La mini-fraiseuse TEC-CAM 60\/90 est dot\u00e9e d&rsquo;options suppl\u00e9mentaires qui vous permettent d&rsquo;obtenir des r\u00e9sultats impeccables. Vous avez le choix entre une  <\/span><b>liquide de refroidissement des mat\u00e9riaux<\/b><span style=\"font-weight: 400;\"> pour maintenir une temp\u00e9rature optimale, une turbine \u00e0 vide de <\/span><b>turbine \u00e0 vide de 2,2 kW<\/b><span style=\"font-weight: 400;\"> pour un serrage s\u00fbr et un syst\u00e8me <\/span><b>syst\u00e8me d&rsquo;aspiration des copeaux<\/b><span style=\"font-weight: 400;\"> pour garder votre zone de travail propre et nette.<\/span><\/p>\n<p><b>Conformit\u00e9 r\u00e9glementaire et facilit\u00e9 d&rsquo;installation<\/b><\/p>\n<p><span style=\"font-weight: 400;\">Soyez assur\u00e9 que la Mini TEC-CAM 60\/90 est conforme \u00e0 toutes les dispositions de la directive Machines 2006\/42\/CE, gage de qualit\u00e9 et de s\u00e9curit\u00e9. Nos techniciens sont form\u00e9s pour une installation rapide et efficace, vous permettant d&rsquo;\u00eatre op\u00e9rationnel en un rien de temps.<\/span><\/p>\n<p><b>Dynamisez vos projets de fabrication avec la Mini TEC-CAM 60\/90<\/b><\/p>\n<p><span style=\"font-weight: 400;\">Ne perdez plus de temps et d\u00e9couvrez comment la mini-fraiseuse CNC TEC-CAM 60\/90 peut transformer vos id\u00e9es en r\u00e9alit\u00e9. Contactez-nous d\u00e8s aujourd&rsquo;hui et faites le pas vers l&rsquo;excellence en mati\u00e8re de fabrication.<\/span><\/p>\n<h3><b>Options suppl\u00e9mentaires<\/b><\/h3>\n<ul>\n<li>Liquide de refroidissement des mat\u00e9riaux<\/li>\n<li>Turbine \u00e0 vide de 2,2 kW<\/li>\n<li>Syst\u00e8me d&rsquo;extraction des copeaux<\/li>\n<\/ul>\n","protected":false},"excerpt":{"rendered":"<h3>La puissance et la pr\u00e9cision dans vos mains avec la TEC-CAM 60\/90 Mini CNC router !<\/h3>\n<p><b>D\u00e9couvrez la fraiseuse CNC \u00e0 la pointe de la technologie<\/b><span style=\"font-weight: 400;\"> pour vos projets de fabrication<\/span><\/p>\n<p><b>Une polyvalence illimit\u00e9e<\/b><span style=\"font-weight: 400;\"> pour cr\u00e9er des enseignes, des banni\u00e8res, des maquettes et bien plus encore<\/span><\/p>\n<p><b>Puissance et pr\u00e9cision exceptionnelles<\/b><span style=\"font-weight: 400;\"> pour travailler les mat\u00e9riaux m\u00e9talliques et non m\u00e9talliques<\/span><\/p>\n","protected":false},"featured_media":5955,"template":"","meta":{"zakra_page_container_layout":"customizer","zakra_page_sidebar_layout":"customizer","zakra_remove_content_margin":false,"zakra_sidebar":"customizer","zakra_transparent_header":"customizer","zakra_logo":0,"zakra_main_header_style":"default","zakra_menu_item_color":"","zakra_menu_item_hover_color":"","zakra_menu_item_active_color":"","zakra_menu_active_style":"","zakra_page_header":true,"_eb_attr":""},"product_brand":[],"product_cat":[391,274],"product_tag":[],"class_list":{"0":"post-7167","1":"product","2":"type-product","3":"status-publish","4":"has-post-thumbnail","6":"product_cat-fraiseuses-cnc-mbo","7":"product_cat-lasers-mbo","9":"first","10":"instock","11":"featured","12":"taxable","13":"shipping-taxable","14":"purchasable","15":"product-type-simple"},"_links":{"self":[{"href":"https:\/\/bomedia.net\/fr\/wp-json\/wp\/v2\/product\/7167","targetHints":{"allow":["GET"]}}],"collection":[{"href":"https:\/\/bomedia.net\/fr\/wp-json\/wp\/v2\/product"}],"about":[{"href":"https:\/\/bomedia.net\/fr\/wp-json\/wp\/v2\/types\/product"}],"version-history":[{"count":0,"href":"https:\/\/bomedia.net\/fr\/wp-json\/wp\/v2\/product\/7167\/revisions"}],"wp:featuredmedia":[{"embeddable":true,"href":"https:\/\/bomedia.net\/fr\/wp-json\/wp\/v2\/media\/5955"}],"wp:attachment":[{"href":"https:\/\/bomedia.net\/fr\/wp-json\/wp\/v2\/media?parent=7167"}],"wp:term":[{"taxonomy":"product_brand","embeddable":true,"href":"https:\/\/bomedia.net\/fr\/wp-json\/wp\/v2\/product_brand?post=7167"},{"taxonomy":"product_cat","embeddable":true,"href":"https:\/\/bomedia.net\/fr\/wp-json\/wp\/v2\/product_cat?post=7167"},{"taxonomy":"product_tag","embeddable":true,"href":"https:\/\/bomedia.net\/fr\/wp-json\/wp\/v2\/product_tag?post=7167"}],"curies":[{"name":"wp","href":"https:\/\/api.w.org\/{rel}","templated":true}]}}