{"id":7248,"date":"2022-10-31T08:50:17","date_gmt":"2022-10-31T08:50:17","guid":{"rendered":"https:\/\/bomedia.net\/product\/machine-a-plastifier-mbo-30cm-a-chaud-ou-a-froid"},"modified":"2022-10-31T08:50:17","modified_gmt":"2022-10-31T08:50:17","slug":"machine-a-plastifier-mbo-30cm-a-chaud-ou-a-froid","status":"publish","type":"product","link":"https:\/\/bomedia.net\/fr\/produit\/machine-a-plastifier-mbo-30cm-a-chaud-ou-a-froid","title":{"rendered":"Machine \u00e0 plastifier MBO 30cm (\u00e0 chaud ou \u00e0 froid)"},"content":{"rendered":"","protected":false},"excerpt":{"rendered":"<div class=\"tab-pane-body\">\n<div class=\"product-description\">\n<div class=\"style_content\">\n<p><strong>MACHINE \u00c0 LAMINER POUR FILMS ET FEUILLES DE 30 CM<\/strong><\/p>\n<p>Plastifiez vos impressions DTF UV de la mani\u00e8re la plus rapide, avec une faible consommation d&rsquo;\u00e9nergie, un faible encombrement et une grande performance.<\/p>\n<ul>\n<li>Max. Temp\u00e9rature de pelliculage : 180\u00baC<\/li>\n<li>\u00c9cran LCD<\/li>\n<li>Vous pouvez utiliser des feuilles ou des rouleaux de 320 mm de large.<\/li>\n<li>Stratifi\u00e9 simple ou double face r\u00e9glable.<\/li>\n<\/ul>\n<\/div>\n<\/div>\n<\/div>\n","protected":false},"featured_media":5584,"template":"","meta":{"zakra_page_container_layout":"customizer","zakra_page_sidebar_layout":"customizer","zakra_remove_content_margin":false,"zakra_sidebar":"customizer","zakra_transparent_header":"customizer","zakra_logo":0,"zakra_main_header_style":"default","zakra_menu_item_color":"","zakra_menu_item_hover_color":"","zakra_menu_item_active_color":"","zakra_menu_active_style":"","zakra_page_header":true,"_eb_attr":""},"product_brand":[],"product_cat":[254,419,154],"product_tag":[],"class_list":{"0":"post-7248","1":"product","2":"type-product","3":"status-publish","4":"has-post-thumbnail","6":"product_cat-imprimantes-mbo","7":"product_cat-materiaux-uv-dtf","8":"product_cat-pieces-de-rechange-led-uv","10":"first","11":"instock","12":"taxable","13":"shipping-taxable","14":"purchasable","15":"product-type-simple"},"_links":{"self":[{"href":"https:\/\/bomedia.net\/fr\/wp-json\/wp\/v2\/product\/7248","targetHints":{"allow":["GET"]}}],"collection":[{"href":"https:\/\/bomedia.net\/fr\/wp-json\/wp\/v2\/product"}],"about":[{"href":"https:\/\/bomedia.net\/fr\/wp-json\/wp\/v2\/types\/product"}],"version-history":[{"count":0,"href":"https:\/\/bomedia.net\/fr\/wp-json\/wp\/v2\/product\/7248\/revisions"}],"wp:featuredmedia":[{"embeddable":true,"href":"https:\/\/bomedia.net\/fr\/wp-json\/wp\/v2\/media\/5584"}],"wp:attachment":[{"href":"https:\/\/bomedia.net\/fr\/wp-json\/wp\/v2\/media?parent=7248"}],"wp:term":[{"taxonomy":"product_brand","embeddable":true,"href":"https:\/\/bomedia.net\/fr\/wp-json\/wp\/v2\/product_brand?post=7248"},{"taxonomy":"product_cat","embeddable":true,"href":"https:\/\/bomedia.net\/fr\/wp-json\/wp\/v2\/product_cat?post=7248"},{"taxonomy":"product_tag","embeddable":true,"href":"https:\/\/bomedia.net\/fr\/wp-json\/wp\/v2\/product_tag?post=7248"}],"curies":[{"name":"wp","href":"https:\/\/api.w.org\/{rel}","templated":true}]}}