{"id":7253,"date":"2022-09-14T07:39:28","date_gmt":"2022-09-14T07:39:28","guid":{"rendered":"https:\/\/bomedia.net\/product\/module-rotatif-pour-flux-hexa"},"modified":"2022-09-14T07:39:28","modified_gmt":"2022-09-14T07:39:28","slug":"module-rotatif-pour-flux-hexa","status":"publish","type":"product","link":"https:\/\/bomedia.net\/fr\/produit\/module-rotatif-pour-flux-hexa","title":{"rendered":"Module rotatif pour Flux Hexa"},"content":{"rendered":"<p><strong>MODULE ROTATIF HEXA<\/strong><br \/>\nGr\u00e2ce \u00e0 ce module compl\u00e9mentaire facile \u00e0 installer, vous pouvez graver sur des objets circulaires en toute simplicit\u00e9.<\/p>\n<p>Le module rotatif pour Beambox et Beambox Pro est le m\u00eame, mais les supports sont absents.<\/p>\n<p>Sp\u00e9cifications :<\/p>\n<ul>\n<li>Hauteur de l&rsquo;objet : 1 &#8211; 7,5 cm<\/li>\n<li>Poids de l&rsquo;objet : 2 kg<\/li>\n<li>Longueur maximale de l&rsquo;objet : 60 cm (en fonction du centre de masse)<\/li>\n<\/ul>\n<p><a href=\"https:\/\/support.flux3dp.com\/hc\/en-us\/articles\/4413434037263-HEXA-Rotary-Module-Installation-Guide\">D\u00e9ballage et installation du module rotatif HEXA<\/a><\/p>\n","protected":false},"excerpt":{"rendered":"<p>Il s&rsquo;agit d&rsquo;un compl\u00e9ment \u00e0 HEXA permettant de graver des objets circulaires.<\/p>\n<p>&nbsp;<\/p>\n","protected":false},"featured_media":6814,"template":"","meta":{"zakra_page_container_layout":"customizer","zakra_page_sidebar_layout":"customizer","zakra_remove_content_margin":false,"zakra_sidebar":"customizer","zakra_transparent_header":"customizer","zakra_logo":0,"zakra_main_header_style":"default","zakra_menu_item_color":"","zakra_menu_item_hover_color":"","zakra_menu_item_active_color":"","zakra_menu_active_style":"","zakra_page_header":true,"_eb_attr":""},"product_brand":[],"product_cat":[424,241],"product_tag":[],"class_list":{"0":"post-7253","1":"product","2":"type-product","3":"status-publish","4":"has-post-thumbnail","6":"product_cat-accessoires-pour-fluxlasers","7":"product_cat-fluxlasers-fr","9":"first","10":"instock","11":"taxable","12":"shipping-taxable","13":"purchasable","14":"product-type-simple"},"_links":{"self":[{"href":"https:\/\/bomedia.net\/fr\/wp-json\/wp\/v2\/product\/7253","targetHints":{"allow":["GET"]}}],"collection":[{"href":"https:\/\/bomedia.net\/fr\/wp-json\/wp\/v2\/product"}],"about":[{"href":"https:\/\/bomedia.net\/fr\/wp-json\/wp\/v2\/types\/product"}],"version-history":[{"count":0,"href":"https:\/\/bomedia.net\/fr\/wp-json\/wp\/v2\/product\/7253\/revisions"}],"wp:featuredmedia":[{"embeddable":true,"href":"https:\/\/bomedia.net\/fr\/wp-json\/wp\/v2\/media\/6814"}],"wp:attachment":[{"href":"https:\/\/bomedia.net\/fr\/wp-json\/wp\/v2\/media?parent=7253"}],"wp:term":[{"taxonomy":"product_brand","embeddable":true,"href":"https:\/\/bomedia.net\/fr\/wp-json\/wp\/v2\/product_brand?post=7253"},{"taxonomy":"product_cat","embeddable":true,"href":"https:\/\/bomedia.net\/fr\/wp-json\/wp\/v2\/product_cat?post=7253"},{"taxonomy":"product_tag","embeddable":true,"href":"https:\/\/bomedia.net\/fr\/wp-json\/wp\/v2\/product_tag?post=7253"}],"curies":[{"name":"wp","href":"https:\/\/api.w.org\/{rel}","templated":true}]}}