{"id":7261,"date":"2022-09-14T07:43:41","date_gmt":"2022-09-14T07:43:41","guid":{"rendered":"https:\/\/bomedia.net\/product\/1000-dpi-hexa-lens-module"},"modified":"2022-09-14T07:43:41","modified_gmt":"2022-09-14T07:43:41","slug":"1000-dpi-hexa-lens-module","status":"publish","type":"product","link":"https:\/\/bomedia.net\/fr\/produit\/1000-dpi-hexa-lens-module","title":{"rendered":"1000 dpi Hexa Lens Module"},"content":{"rendered":"<p>Gravure haute r\u00e9solution jusqu&rsquo;\u00e0 1 000 DPI. Chaque d\u00e9tail compte.<\/p>\n<p>L&rsquo;objectif de mise au point standard est le meilleur pour la d\u00e9coupe.<br \/>\nGr\u00e2ce \u00e0 cette lentille de mise au point de 1,5 pouce, vous obtiendrez de meilleures performances pour l&rsquo;enregistrement de petits d\u00e9tails.<\/p>\n<p>&nbsp;<\/p>\n<p>Pour plus d&rsquo;informations ou une comparaison, veuillez vous r\u00e9f\u00e9rer \u00e0 cet <a href=\"https:\/\/support.flux3dp.com\/hc\/en-us\/articles\/4888690196367-HEXA-1-5-inch-Focus-Lens-Add-on-Installation-Guide\">article<\/a> dans le Centre d&rsquo;assistance FLUX.<\/p>\n","protected":false},"excerpt":{"rendered":"<p>LENTILLE HEXA FLUXA 1,5&Prime; \u00c0 COURTE FOCALISATION (ADD-ON)<\/p>\n<p>&nbsp;<\/p>\n<p>Gravure haute r\u00e9solution jusqu&rsquo;\u00e0 1 000 DPI. Chaque d\u00e9tail compte.<\/p>\n<p>&nbsp;<\/p>\n","protected":false},"featured_media":6835,"template":"","meta":{"zakra_page_container_layout":"customizer","zakra_page_sidebar_layout":"customizer","zakra_remove_content_margin":false,"zakra_sidebar":"customizer","zakra_transparent_header":"customizer","zakra_logo":0,"zakra_main_header_style":"default","zakra_menu_item_color":"","zakra_menu_item_hover_color":"","zakra_menu_item_active_color":"","zakra_menu_active_style":"","zakra_page_header":true,"_eb_attr":""},"product_brand":[],"product_cat":[424,241],"product_tag":[],"class_list":{"0":"post-7261","1":"product","2":"type-product","3":"status-publish","4":"has-post-thumbnail","6":"product_cat-accessoires-pour-fluxlasers","7":"product_cat-fluxlasers-fr","9":"first","10":"instock","11":"taxable","12":"shipping-taxable","13":"purchasable","14":"product-type-simple"},"_links":{"self":[{"href":"https:\/\/bomedia.net\/fr\/wp-json\/wp\/v2\/product\/7261","targetHints":{"allow":["GET"]}}],"collection":[{"href":"https:\/\/bomedia.net\/fr\/wp-json\/wp\/v2\/product"}],"about":[{"href":"https:\/\/bomedia.net\/fr\/wp-json\/wp\/v2\/types\/product"}],"version-history":[{"count":0,"href":"https:\/\/bomedia.net\/fr\/wp-json\/wp\/v2\/product\/7261\/revisions"}],"wp:featuredmedia":[{"embeddable":true,"href":"https:\/\/bomedia.net\/fr\/wp-json\/wp\/v2\/media\/6835"}],"wp:attachment":[{"href":"https:\/\/bomedia.net\/fr\/wp-json\/wp\/v2\/media?parent=7261"}],"wp:term":[{"taxonomy":"product_brand","embeddable":true,"href":"https:\/\/bomedia.net\/fr\/wp-json\/wp\/v2\/product_brand?post=7261"},{"taxonomy":"product_cat","embeddable":true,"href":"https:\/\/bomedia.net\/fr\/wp-json\/wp\/v2\/product_cat?post=7261"},{"taxonomy":"product_tag","embeddable":true,"href":"https:\/\/bomedia.net\/fr\/wp-json\/wp\/v2\/product_tag?post=7261"}],"curies":[{"name":"wp","href":"https:\/\/api.w.org\/{rel}","templated":true}]}}