{"id":7274,"date":"2022-08-31T07:10:57","date_gmt":"2022-08-31T07:10:57","guid":{"rendered":"https:\/\/bomedia.net\/product\/entretoises-en-metal-flux"},"modified":"2022-08-31T07:10:57","modified_gmt":"2022-08-31T07:10:57","slug":"entretoises-en-metal-flux","status":"publish","type":"product","link":"https:\/\/bomedia.net\/fr\/produit\/entretoises-en-metal-flux","title":{"rendered":"Entretoises en m\u00e9tal flux"},"content":{"rendered":"<p>(inclus avec <a href=\"https:\/\/fluxlasers.es\/producto\/hexa-cortadora-laser-co2-60w\/\">HEXA<\/a>)<\/p>\n<p>10 par paquet.<\/p>\n<p>Gr\u00e2ce \u00e0 son aimant puissant, il adh\u00e8re facilement au nid d&rsquo;abeille et prot\u00e8ge votre mat\u00e9riel de la r\u00e9flexion du laser ou des dommages caus\u00e9s par la chaleur.<\/p>\n<p>Mesures :<\/p>\n<ul>\n<li>Diam\u00e8tre 14,5 mm<\/li>\n<li>Hauteur 12 mm<\/li>\n<li>Poids 6g<\/li>\n<\/ul>\n","protected":false},"excerpt":{"rendered":"<p>10 par paquet.<\/p>\n<p>Gr\u00e2ce \u00e0 son aimant puissant, il adh\u00e8re facilement au nid d&rsquo;abeille et prot\u00e8ge votre mat\u00e9riel de la r\u00e9flexion du laser ou des dommages caus\u00e9s par la chaleur.<\/p>\n","protected":false},"featured_media":6788,"template":"","meta":{"zakra_page_container_layout":"customizer","zakra_page_sidebar_layout":"customizer","zakra_remove_content_margin":false,"zakra_sidebar":"customizer","zakra_transparent_header":"customizer","zakra_logo":0,"zakra_main_header_style":"default","zakra_menu_item_color":"","zakra_menu_item_hover_color":"","zakra_menu_item_active_color":"","zakra_menu_active_style":"","zakra_page_header":true,"_eb_attr":""},"product_brand":[],"product_cat":[424,241],"product_tag":[],"class_list":{"0":"post-7274","1":"product","2":"type-product","3":"status-publish","4":"has-post-thumbnail","6":"product_cat-accessoires-pour-fluxlasers","7":"product_cat-fluxlasers-fr","9":"first","10":"onbackorder","11":"taxable","12":"shipping-taxable","13":"purchasable","14":"product-type-simple"},"_links":{"self":[{"href":"https:\/\/bomedia.net\/fr\/wp-json\/wp\/v2\/product\/7274","targetHints":{"allow":["GET"]}}],"collection":[{"href":"https:\/\/bomedia.net\/fr\/wp-json\/wp\/v2\/product"}],"about":[{"href":"https:\/\/bomedia.net\/fr\/wp-json\/wp\/v2\/types\/product"}],"version-history":[{"count":0,"href":"https:\/\/bomedia.net\/fr\/wp-json\/wp\/v2\/product\/7274\/revisions"}],"wp:featuredmedia":[{"embeddable":true,"href":"https:\/\/bomedia.net\/fr\/wp-json\/wp\/v2\/media\/6788"}],"wp:attachment":[{"href":"https:\/\/bomedia.net\/fr\/wp-json\/wp\/v2\/media?parent=7274"}],"wp:term":[{"taxonomy":"product_brand","embeddable":true,"href":"https:\/\/bomedia.net\/fr\/wp-json\/wp\/v2\/product_brand?post=7274"},{"taxonomy":"product_cat","embeddable":true,"href":"https:\/\/bomedia.net\/fr\/wp-json\/wp\/v2\/product_cat?post=7274"},{"taxonomy":"product_tag","embeddable":true,"href":"https:\/\/bomedia.net\/fr\/wp-json\/wp\/v2\/product_tag?post=7274"}],"curies":[{"name":"wp","href":"https:\/\/api.w.org\/{rel}","templated":true}]}}