{"id":7279,"date":"2022-09-01T11:35:11","date_gmt":"2022-09-01T11:35:11","guid":{"rendered":"https:\/\/bomedia.net\/product\/pompe-et-reservoir-de-refroidissement-3000-pro"},"modified":"2022-09-01T11:35:11","modified_gmt":"2022-09-01T11:35:11","slug":"pompe-et-reservoir-de-refroidissement-3000-pro","status":"publish","type":"product","link":"https:\/\/bomedia.net\/fr\/produit\/pompe-et-reservoir-de-refroidissement-3000-pro","title":{"rendered":"Pompe et r\u00e9servoir de refroidissement 3000 pro"},"content":{"rendered":"<p>Pompe et r\u00e9servoir du syst\u00e8me de refroidissement des imprimantes Artis 300 Pro.<\/p>\n<p>Vendu ensemble.<\/p>\n","protected":false},"excerpt":{"rendered":"<p>Pompe et r\u00e9servoir du syst\u00e8me de refroidissement des imprimantes Artis 300 Pro.<\/p>\n<p>Vendu ensemble.<\/p>\n","protected":false},"featured_media":5564,"template":"","meta":{"zakra_page_container_layout":"customizer","zakra_page_sidebar_layout":"customizer","zakra_remove_content_margin":false,"zakra_sidebar":"customizer","zakra_transparent_header":"customizer","zakra_logo":0,"zakra_main_header_style":"default","zakra_menu_item_color":"","zakra_menu_item_hover_color":"","zakra_menu_item_active_color":"","zakra_menu_active_style":"","zakra_page_header":true,"_eb_attr":""},"product_brand":[],"product_cat":[154],"product_tag":[],"class_list":{"0":"post-7279","1":"product","2":"type-product","3":"status-publish","4":"has-post-thumbnail","6":"product_cat-pieces-de-rechange-led-uv","8":"first","9":"instock","10":"taxable","11":"shipping-taxable","12":"purchasable","13":"product-type-simple"},"_links":{"self":[{"href":"https:\/\/bomedia.net\/fr\/wp-json\/wp\/v2\/product\/7279","targetHints":{"allow":["GET"]}}],"collection":[{"href":"https:\/\/bomedia.net\/fr\/wp-json\/wp\/v2\/product"}],"about":[{"href":"https:\/\/bomedia.net\/fr\/wp-json\/wp\/v2\/types\/product"}],"version-history":[{"count":0,"href":"https:\/\/bomedia.net\/fr\/wp-json\/wp\/v2\/product\/7279\/revisions"}],"wp:featuredmedia":[{"embeddable":true,"href":"https:\/\/bomedia.net\/fr\/wp-json\/wp\/v2\/media\/5564"}],"wp:attachment":[{"href":"https:\/\/bomedia.net\/fr\/wp-json\/wp\/v2\/media?parent=7279"}],"wp:term":[{"taxonomy":"product_brand","embeddable":true,"href":"https:\/\/bomedia.net\/fr\/wp-json\/wp\/v2\/product_brand?post=7279"},{"taxonomy":"product_cat","embeddable":true,"href":"https:\/\/bomedia.net\/fr\/wp-json\/wp\/v2\/product_cat?post=7279"},{"taxonomy":"product_tag","embeddable":true,"href":"https:\/\/bomedia.net\/fr\/wp-json\/wp\/v2\/product_tag?post=7279"}],"curies":[{"name":"wp","href":"https:\/\/api.w.org\/{rel}","templated":true}]}}