{"id":7329,"date":"2022-04-29T04:08:19","date_gmt":"2022-04-29T04:08:19","guid":{"rendered":"https:\/\/bomedia.net\/product\/cable-usb-a-male-micro-03m-b100028"},"modified":"2022-04-29T04:08:19","modified_gmt":"2022-04-29T04:08:19","slug":"cable-usb-a-male-micro-03m-b100028","status":"publish","type":"product","link":"https:\/\/bomedia.net\/fr\/produit\/cable-usb-a-male-micro-03m-b100028","title":{"rendered":"C\u00e2ble USB A m\u00e2le-micro 0,3m B100028"},"content":{"rendered":"<p>C\u00e2ble USB A m\u00e2le-micro 0,3m B100028<br \/>\npour votre beamo.<\/p>\n","protected":false},"excerpt":{"rendered":"<p>C\u00e2ble USB A m\u00e2le-micro 0,3m B100028<br \/>\npour votre beamo.<\/p>\n","protected":false},"featured_media":6610,"template":"","meta":{"zakra_page_container_layout":"customizer","zakra_page_sidebar_layout":"customizer","zakra_remove_content_margin":false,"zakra_sidebar":"customizer","zakra_transparent_header":"customizer","zakra_logo":0,"zakra_main_header_style":"default","zakra_menu_item_color":"","zakra_menu_item_hover_color":"","zakra_menu_item_active_color":"","zakra_menu_active_style":"","zakra_page_header":true,"_eb_attr":""},"product_brand":[],"product_cat":[241,413],"product_tag":[],"class_list":{"0":"post-7329","1":"product","2":"type-product","3":"status-publish","4":"has-post-thumbnail","6":"product_cat-fluxlasers-fr","7":"product_cat-pieces-de-rechange-pour-les-fluxlasers","9":"first","10":"instock","11":"taxable","12":"shipping-taxable","13":"purchasable","14":"product-type-simple"},"_links":{"self":[{"href":"https:\/\/bomedia.net\/fr\/wp-json\/wp\/v2\/product\/7329","targetHints":{"allow":["GET"]}}],"collection":[{"href":"https:\/\/bomedia.net\/fr\/wp-json\/wp\/v2\/product"}],"about":[{"href":"https:\/\/bomedia.net\/fr\/wp-json\/wp\/v2\/types\/product"}],"version-history":[{"count":0,"href":"https:\/\/bomedia.net\/fr\/wp-json\/wp\/v2\/product\/7329\/revisions"}],"wp:featuredmedia":[{"embeddable":true,"href":"https:\/\/bomedia.net\/fr\/wp-json\/wp\/v2\/media\/6610"}],"wp:attachment":[{"href":"https:\/\/bomedia.net\/fr\/wp-json\/wp\/v2\/media?parent=7329"}],"wp:term":[{"taxonomy":"product_brand","embeddable":true,"href":"https:\/\/bomedia.net\/fr\/wp-json\/wp\/v2\/product_brand?post=7329"},{"taxonomy":"product_cat","embeddable":true,"href":"https:\/\/bomedia.net\/fr\/wp-json\/wp\/v2\/product_cat?post=7329"},{"taxonomy":"product_tag","embeddable":true,"href":"https:\/\/bomedia.net\/fr\/wp-json\/wp\/v2\/product_tag?post=7329"}],"curies":[{"name":"wp","href":"https:\/\/api.w.org\/{rel}","templated":true}]}}