{"id":7509,"date":"2021-12-14T11:31:16","date_gmt":"2021-12-14T11:31:16","guid":{"rendered":"https:\/\/bomedia.net\/product\/tubes-a-encre-epaisse-a-8-canaux"},"modified":"2021-12-14T11:31:16","modified_gmt":"2021-12-14T11:31:16","slug":"tubes-a-encre-epaisse-a-8-canaux","status":"publish","type":"product","link":"https:\/\/bomedia.net\/fr\/produit\/tubes-a-encre-epaisse-a-8-canaux","title":{"rendered":"Tubes \u00e0 encre \u00e9paisse \u00e0 8 canaux"},"content":{"rendered":"","protected":false},"excerpt":{"rendered":"<p>Tubes d&rsquo;encre de remplacement pour les imprimantes Led Artis UV (3000Pro, 5000, Young) et les imprimantes MBO 4060 et MBO 6090.<\/p>\n","protected":false},"featured_media":5540,"template":"","meta":{"zakra_page_container_layout":"customizer","zakra_page_sidebar_layout":"customizer","zakra_remove_content_margin":false,"zakra_sidebar":"customizer","zakra_transparent_header":"customizer","zakra_logo":0,"zakra_main_header_style":"default","zakra_menu_item_color":"","zakra_menu_item_hover_color":"","zakra_menu_item_active_color":"","zakra_menu_active_style":"","zakra_page_header":true,"_eb_attr":""},"product_brand":[],"product_cat":[254,154,253],"product_tag":[],"class_list":{"0":"post-7509","1":"product","2":"type-product","3":"status-publish","4":"has-post-thumbnail","6":"product_cat-imprimantes-mbo","7":"product_cat-pieces-de-rechange-led-uv","8":"product_cat-pieces-detachees-pour-imprimantes-mbo","10":"first","11":"instock","12":"taxable","13":"shipping-taxable","14":"purchasable","15":"product-type-simple"},"_links":{"self":[{"href":"https:\/\/bomedia.net\/fr\/wp-json\/wp\/v2\/product\/7509","targetHints":{"allow":["GET"]}}],"collection":[{"href":"https:\/\/bomedia.net\/fr\/wp-json\/wp\/v2\/product"}],"about":[{"href":"https:\/\/bomedia.net\/fr\/wp-json\/wp\/v2\/types\/product"}],"version-history":[{"count":0,"href":"https:\/\/bomedia.net\/fr\/wp-json\/wp\/v2\/product\/7509\/revisions"}],"wp:featuredmedia":[{"embeddable":true,"href":"https:\/\/bomedia.net\/fr\/wp-json\/wp\/v2\/media\/5540"}],"wp:attachment":[{"href":"https:\/\/bomedia.net\/fr\/wp-json\/wp\/v2\/media?parent=7509"}],"wp:term":[{"taxonomy":"product_brand","embeddable":true,"href":"https:\/\/bomedia.net\/fr\/wp-json\/wp\/v2\/product_brand?post=7509"},{"taxonomy":"product_cat","embeddable":true,"href":"https:\/\/bomedia.net\/fr\/wp-json\/wp\/v2\/product_cat?post=7509"},{"taxonomy":"product_tag","embeddable":true,"href":"https:\/\/bomedia.net\/fr\/wp-json\/wp\/v2\/product_tag?post=7509"}],"curies":[{"name":"wp","href":"https:\/\/api.w.org\/{rel}","templated":true}]}}