{"id":7602,"date":"2021-09-19T14:58:55","date_gmt":"2021-09-19T14:58:55","guid":{"rendered":"https:\/\/bomedia.net\/product\/imprimante-artis-3000u-pro-8c"},"modified":"2021-09-19T14:58:55","modified_gmt":"2021-09-19T14:58:55","slug":"imprimante-artis-3000u-pro-8c","status":"publish","type":"product","link":"https:\/\/bomedia.net\/fr\/produit\/imprimante-artis-3000u-pro-8c","title":{"rendered":"Imprimante Artis 3000U Pro 8C"},"content":{"rendered":"<p>L&rsquo;imprimante Artis 3000U Pro 8C est \u00e9quip\u00e9e d&rsquo;une t\u00eate d&rsquo;impression \u00e0 8 canaux qui permet de travailler avec diff\u00e9rentes combinaisons : couleur + 4 blancs ou couleur + blanc + vernis. Il peut imprimer sur presque tous les mat\u00e9riaux gr\u00e2ce \u00e0 l&rsquo;utilisation d&rsquo;encres blanches qui r\u00e9sistent \u00e0 l&rsquo;eau, aux rayures et \u00e0 la lumi\u00e8re du soleil. Cette imprimante UV convient parfaitement \u00e0 la production de cadeaux personnalis\u00e9s, d&rsquo;articles promotionnels, d&rsquo;\u00e9tuis pour t\u00e9l\u00e9phones portables, de cl\u00e9s USB, de blocs d&rsquo;alimentation, de stylos, de briquets, d&rsquo;enseignes, de toiles et, en g\u00e9n\u00e9ral, de toutes sortes d&rsquo;articles promotionnels.<\/p>\n<p>L&rsquo;Artis 3000U Pro 8C est \u00e9quip\u00e9e d&rsquo;une t\u00eate d&rsquo;impression Epson DX7 \u00e0 8 canaux, offrant une qualit\u00e9 photo exceptionnelle \u00e0 un prix tr\u00e8s abordable. En plus de la qualit\u00e9 d&rsquo;impression, vous pouvez finir vos produits avec une couche de vernis brillant, qui est appliqu\u00e9e comme une encre suppl\u00e9mentaire.<\/p>\n<p>Il permet d&rsquo;imprimer sur une grande vari\u00e9t\u00e9 de mat\u00e9riaux : bois, m\u00e9tal, verre, c\u00e9ramique, plastique, cuir &#8230;.<\/p>\n<p>La taille d&rsquo;impression maximale est de 347 x 490 mm et peut accueillir des objets d&rsquo;une hauteur maximale de 170 mm. Gr\u00e2ce au cadre ouvert des deux c\u00f4t\u00e9s, des objets beaucoup plus longs peuvent \u00eatre introduits dans la machine.<\/p>\n<p>Un accessoire rotatif est disponible pour permettre l&rsquo;impression \u00e0 360\u00b0 d&rsquo;objets cylindriques de 3 \u00e0 13 cm de diam\u00e8tre.<\/p>\n<p>Le co\u00fbt par impression est dans de nombreux cas deux fois moins \u00e9lev\u00e9 que celui des autres marques, car il utilise de l&rsquo;encre en bouteilles plut\u00f4t qu&rsquo;en cartouches.<\/p>\n<p>Les machines sont \u00e9quip\u00e9es d&rsquo;un logiciel RIP pour la gestion des impressions et des profils de couleur. En outre, un RIP avanc\u00e9 est disponible pour fonctionner \u00e0 la plus haute r\u00e9solution et permet d&rsquo;imprimer les couches blanches et couleurs en un seul passage.<\/p>\n<p>ArtisJet dispose de son propre service technique et offre des r\u00e9ponses et des solutions rapides et efficaces. Nous sommes sp\u00e9cialis\u00e9s dans les PME et fournissons un service direct et personnalis\u00e9 qui permet \u00e0 nos clients de travailler en toute confiance et tranquillit\u00e9 d&rsquo;esprit.<\/p>\n<p>Gr\u00e2ce \u00e0 son prix avantageux, \u00e0 sa faible consommation d&rsquo;encre et \u00e0 son entretien minimal, la 3000U Pro 8C est le mod\u00e8le le mieux adapt\u00e9 aux petites et moyennes entreprises.<\/p>\n","protected":false},"excerpt":{"rendered":"<hr>\n<h6>CON\u00c7U POUR TRANSFORMER VOS ID\u00c9ES EN PRODUITS R\u00c9ELS<\/h6>\n<ul>\n<li>Personnalisation de tous types de r\u00e9clames publicitaires, lettrages, cadeaux photos, cl\u00e9s USB, \u00e9tuis, etc.<\/li>\n<li>Impression directe sur une large gamme de mat\u00e9riaux rigides et flexibles<\/li>\n<li>8 canaux d&rsquo;encre WWWWCMYK \/ VV+WWWCMYK<\/li>\n<li>Surface d&rsquo;impression 34,7x49cm<\/li>\n<li>Hauteur maximale de l&rsquo;objet \u00e0 imprimer : 17 cm<\/li>\n<li>Des objets cylindriques de 3 \u00e0 13 cm de diam\u00e8tre peuvent \u00eatre imprim\u00e9s.<\/li>\n<li>R\u00e9glage automatique de la hauteur de la table<\/li>\n<\/ul>\n<p>&nbsp;<\/p>\n<h6 class=\"blue-didact uppercase-text\">CARACT\u00c9RISTIQUES EXCEPTIONNELLES<\/h6>\n<ul>\n<li>Facilit\u00e9 d&rsquo;utilisation gr\u00e2ce \u00e0&nbsp; son<strong>architecture <\/strong><strong>unique<\/strong><strong>de <\/strong><strong>chargement lat\u00e9ral<\/strong>&nbsp;<\/li>\n<li>R\u00e9duction des co\u00fbts d&rsquo;exploitation gr\u00e2ce au<strong>syst\u00e8me d&rsquo;<\/strong><strong>alimentation continue en encre<\/strong>&nbsp;<\/li>\n<li>Impression haute d\u00e9finition sur plastique gr\u00e2ce au<strong>module antistatique<\/strong>&nbsp;<\/li>\n<li>Syst\u00e8me de flashage de l&rsquo;encre, qui prolonge la dur\u00e9e de vie de la t\u00eate d&rsquo;impression<\/li>\n<li>Entretien minimal<\/li>\n<li>Fonctionnement s\u00fbr gr\u00e2ce au <strong>syst\u00e8me de r\u00e9glage automatique de la hauteur<\/strong><strong>&nbsp;<\/strong><\/li>\n<li>Refroidissement par liquide<\/li>\n<li><strong>R\u00e9glage de la puissance de la LED UV,<\/strong> pour s&rsquo;adapter \u00e0 diff\u00e9rents mat\u00e9riaux<\/li>\n<li>Fretwork \u00e0 grande vitesse pour une meilleure transition des couleurs<\/li>\n<li>2 canaux suppl\u00e9mentaires pour le vernis ou le blanc<\/li>\n<\/ul>\n<div class=\"row\">&nbsp;<\/div>\n<div>&nbsp;<a class=\"fasc-button fasc-size-large fasc-type-glossy fasc-rounded-medium fasc-ico-before dashicons-edit\" style=\"background-color: #1290b4; color: #ffffff;\" href=\"\/contacto\/\">Demander le prix ou plus d&rsquo;informations<\/a><\/div>\n<div>&nbsp;<\/div>\n<div>&nbsp;<\/div>\n","protected":false},"featured_media":5263,"template":"","meta":{"zakra_page_container_layout":"customizer","zakra_page_sidebar_layout":"customizer","zakra_remove_content_margin":false,"zakra_sidebar":"customizer","zakra_transparent_header":"customizer","zakra_logo":0,"zakra_main_header_style":"default","zakra_menu_item_color":"","zakra_menu_item_hover_color":"","zakra_menu_item_active_color":"","zakra_menu_active_style":"","zakra_page_header":true,"_eb_attr":""},"product_brand":[],"product_cat":[467],"product_tag":[],"class_list":{"0":"post-7602","1":"product","2":"type-product","3":"status-publish","4":"has-post-thumbnail","6":"product_cat-imprimantes-a-led-uv","8":"first","9":"instock","10":"featured","11":"taxable","12":"shipping-taxable","13":"product-type-simple"},"_links":{"self":[{"href":"https:\/\/bomedia.net\/fr\/wp-json\/wp\/v2\/product\/7602","targetHints":{"allow":["GET"]}}],"collection":[{"href":"https:\/\/bomedia.net\/fr\/wp-json\/wp\/v2\/product"}],"about":[{"href":"https:\/\/bomedia.net\/fr\/wp-json\/wp\/v2\/types\/product"}],"version-history":[{"count":0,"href":"https:\/\/bomedia.net\/fr\/wp-json\/wp\/v2\/product\/7602\/revisions"}],"wp:featuredmedia":[{"embeddable":true,"href":"https:\/\/bomedia.net\/fr\/wp-json\/wp\/v2\/media\/5263"}],"wp:attachment":[{"href":"https:\/\/bomedia.net\/fr\/wp-json\/wp\/v2\/media?parent=7602"}],"wp:term":[{"taxonomy":"product_brand","embeddable":true,"href":"https:\/\/bomedia.net\/fr\/wp-json\/wp\/v2\/product_brand?post=7602"},{"taxonomy":"product_cat","embeddable":true,"href":"https:\/\/bomedia.net\/fr\/wp-json\/wp\/v2\/product_cat?post=7602"},{"taxonomy":"product_tag","embeddable":true,"href":"https:\/\/bomedia.net\/fr\/wp-json\/wp\/v2\/product_tag?post=7602"}],"curies":[{"name":"wp","href":"https:\/\/api.w.org\/{rel}","templated":true}]}}