{"id":7611,"date":"2021-06-09T13:38:28","date_gmt":"2021-06-09T13:38:28","guid":{"rendered":"https:\/\/bomedia.net\/product\/alcool-isopropylique-1-litre"},"modified":"2021-06-09T13:38:28","modified_gmt":"2021-06-09T13:38:28","slug":"alcool-isopropylique-1-litre","status":"publish","type":"product","link":"https:\/\/bomedia.net\/fr\/produit\/alcool-isopropylique-1-litre","title":{"rendered":"Alcool isopropylique 1 litre"},"content":{"rendered":"<p>Alcool isopropylique (isopropanol, propanol-2-ol, 2-propanol, alcool ou API). Il s&rsquo;agit d&rsquo;un compos\u00e9 chimique incolore, inflammable et d\u00e9gageant une forte odeur. Il s&rsquo;agit d&rsquo;un isom\u00e8re structurel du propanol.<\/p>\n<p>L&rsquo;alcool isopropylique ou isopropanol est couramment utilis\u00e9 comme nettoyant pour les contacts \u00e9lectriques et \u00e9lectroniques dans les \u00e9quipements hors tension. Egalement pour le nettoyage et le d\u00e9graissage. Largement utilis\u00e9 pour le nettoyage des objectifs photographiques et des contacts des appareils \u00e9lectroniques, car il ne laisse pas de traces et s&rsquo;\u00e9vapore rapidement.<\/p>\n","protected":false},"excerpt":{"rendered":"<p>Bouteille de 1l. alcool isopropylique<\/p>\n<p>Parfait pour le nettoyage des pi\u00e8ces de l&rsquo;imprimante<\/p>\n","protected":false},"featured_media":5423,"template":"","meta":{"zakra_page_container_layout":"customizer","zakra_page_sidebar_layout":"customizer","zakra_remove_content_margin":false,"zakra_sidebar":"customizer","zakra_transparent_header":"customizer","zakra_logo":0,"zakra_main_header_style":"default","zakra_menu_item_color":"","zakra_menu_item_hover_color":"","zakra_menu_item_active_color":"","zakra_menu_active_style":"","zakra_page_header":true,"_eb_attr":""},"product_brand":[],"product_cat":[475,254,154,253],"product_tag":[],"class_list":{"0":"post-7611","1":"product","2":"type-product","3":"status-publish","4":"has-post-thumbnail","6":"product_cat-encres-uv-led-eco-solvant-et-dtg-pour-textiles","7":"product_cat-imprimantes-mbo","8":"product_cat-pieces-de-rechange-led-uv","9":"product_cat-pieces-detachees-pour-imprimantes-mbo","11":"first","12":"instock","13":"taxable","14":"shipping-taxable","15":"purchasable","16":"product-type-simple"},"_links":{"self":[{"href":"https:\/\/bomedia.net\/fr\/wp-json\/wp\/v2\/product\/7611","targetHints":{"allow":["GET"]}}],"collection":[{"href":"https:\/\/bomedia.net\/fr\/wp-json\/wp\/v2\/product"}],"about":[{"href":"https:\/\/bomedia.net\/fr\/wp-json\/wp\/v2\/types\/product"}],"version-history":[{"count":0,"href":"https:\/\/bomedia.net\/fr\/wp-json\/wp\/v2\/product\/7611\/revisions"}],"wp:featuredmedia":[{"embeddable":true,"href":"https:\/\/bomedia.net\/fr\/wp-json\/wp\/v2\/media\/5423"}],"wp:attachment":[{"href":"https:\/\/bomedia.net\/fr\/wp-json\/wp\/v2\/media?parent=7611"}],"wp:term":[{"taxonomy":"product_brand","embeddable":true,"href":"https:\/\/bomedia.net\/fr\/wp-json\/wp\/v2\/product_brand?post=7611"},{"taxonomy":"product_cat","embeddable":true,"href":"https:\/\/bomedia.net\/fr\/wp-json\/wp\/v2\/product_cat?post=7611"},{"taxonomy":"product_tag","embeddable":true,"href":"https:\/\/bomedia.net\/fr\/wp-json\/wp\/v2\/product_tag?post=7611"}],"curies":[{"name":"wp","href":"https:\/\/api.w.org\/{rel}","templated":true}]}}