{"id":7616,"date":"2021-09-20T10:56:50","date_gmt":"2021-09-20T10:56:50","guid":{"rendered":"https:\/\/bomedia.net\/product\/artis-young-uv-led"},"modified":"2021-09-20T10:56:50","modified_gmt":"2021-09-20T10:56:50","slug":"artis-young-uv-led","status":"publish","type":"product","link":"https:\/\/bomedia.net\/fr\/produit\/artis-young-uv-led","title":{"rendered":"Artis Young UV Led"},"content":{"rendered":"<h3>Artis Young UV LED<\/h3>\n<ul>\n<li>20 x 30 cm surface d&rsquo;impression<\/li>\n<li>Objets d&rsquo;une hauteur maximale de 5 cm.<\/li>\n<li>Combine qualit\u00e9 et rapidit\u00e9<\/li>\n<li>Entretien facile<\/li>\n<li>T\u00eate d&rsquo;impression Epson Plotter puissante et durable<\/li>\n<li>Filtre \u00e0 air interne<\/li>\n<li>L&rsquo;encre blanche est \u00e9galement utilis\u00e9e pour imprimer directement en couleur sur un fond sombre (pas pour les objets transparents).<\/li>\n<li>Ajustement automatique de la hauteur (pas pour les objets transparents)<\/li>\n<li>Refroidissement par air silencieux<\/li>\n<li>Syst\u00e8me de flash LED sur l&rsquo;encre<\/li>\n<li>Faibles co\u00fbts d&rsquo;exploitation et de maintenance<\/li>\n<\/ul>\n<p>&nbsp;<\/p>\n<p>UV Artis Young permet l&rsquo;impression num\u00e9rique sur l&rsquo;aluminium, le m\u00e9tal, le cuivre, le bois, le MDF, le carton, le plastique, le plexiglas, le cuir, l&rsquo;OCT, le verre et bien d&rsquo;autres mat\u00e9riaux, et ce directement en couleur et en blanc.<\/p>\n<p>Une application personnalis\u00e9e peut \u00eatre d\u00e9velopp\u00e9e pour permettre de t\u00e9l\u00e9charger et d&rsquo;imprimer des photos directement \u00e0 partir des t\u00e9l\u00e9phones des consommateurs dans le logiciel de l&rsquo;appareil.<\/p>\n<p>Optimisez votre productivit\u00e9 !<\/p>\n<p><img fetchpriority=\"high\" decoding=\"async\" class=\"alignnone size-large wp-image-1193\" src=\"https:\/\/boprint.net\/wp-content\/uploads\/2020\/10\/Imagen-1-1024x613.png\" alt=\"\" width=\"750\" height=\"449\"><\/p>\n<p><strong>Am\u00e9liorez votre cr\u00e9ativit\u00e9 et laissez la magie op\u00e9rer.<\/strong><\/p>\n<p>Ne cessez jamais d&rsquo;inventer, d&rsquo;explorer, de repousser les limites et de chercher de nouveaux moyens de croissance. Nous vous invitons \u00e0 entamer une nouvelle \u00e8re avec nous et l&rsquo;imprimante de bureau artisJet Young A4 LED UV, une imprimante portable et s\u00e9curis\u00e9e dot\u00e9e d&rsquo;un plateau multifonctionnel pour faire ressortir vos conceptions et vos id\u00e9es.<\/p>\n<div class=\"zak-oembed-container\"><iframe title=\"artisJet Young A4 LED UV Desktop printer - the Signature 2.5D-3D Printer\" width=\"812\" height=\"457\" src=\"https:\/\/www.youtube.com\/embed\/yy0Ya9bzGzw?feature=oembed\" frameborder=\"0\" allow=\"accelerometer; autoplay; clipboard-write; encrypted-media; gyroscope; picture-in-picture; web-share\" referrerpolicy=\"strict-origin-when-cross-origin\" allowfullscreen><\/iframe><\/div>\n<h4><strong>Que pouvez-vous faire avec votre jeune ?<\/strong><\/h4>\n<p><strong>Imprimer des images sur plusieurs mat\u00e9riaux et produits<\/strong><\/p>\n<p>L&rsquo;ArtisJet Young est une imprimante UV \u00e0 plat polyvalente et de haute pr\u00e9cision, avec une hauteur d&rsquo;impression allant jusqu&rsquo;\u00e0 5 cm, qui change la dynamique d&rsquo;une petite imprimante en am\u00e9liorant les capacit\u00e9s de production personnalis\u00e9es des entreprises.<\/p>\n\n<h4>Quels r\u00e9sultats d&rsquo;impression obtiendrez-vous avec ArtisYoung UV LED ?<\/h4>\n<p><strong>Imprimez directement des photos, du texte et des dessins, avec une texture Braille tactile et une qualit\u00e9 2.5D.<\/strong><\/p>\n<p>Une imprimante \u00e0 jet d&rsquo;encre UV fiable qui b\u00e9n\u00e9ficie d&rsquo;une vari\u00e9t\u00e9 d&rsquo;effets d&rsquo;impression &#8211; y compris l&rsquo;impression tactile en braille et l&rsquo;effet de gaufrage &#8211; et qui offre une qualit\u00e9 de couleur lisse et nette et des images photor\u00e9alistes.<\/p>\n<h3><img decoding=\"async\" class=\"alignnone size-large wp-image-1185\" src=\"https:\/\/boprint.net\/wp-content\/uploads\/2020\/10\/Imagen-9-1024x506.png\" alt=\"\" width=\"750\" height=\"371\"><\/h3>\n<h4>ArtisJet Young, pour ceux qui r\u00eavent, explorent et r\u00e9alisent.<\/h4>\n<p><strong>Une technologie de pointe pour une personnalisation ais\u00e9e<\/strong><\/p>\n<p>Petit format et conception compacte ; id\u00e9al pour ceux qui souhaitent personnaliser leurs produits en toute simplicit\u00e9. ArtisJet Young se caract\u00e9rise par sa facilit\u00e9 d&rsquo;utilisation et d&rsquo;entretien. C&rsquo;est le r\u00e9sultat d&rsquo;un mat\u00e9riel et d&rsquo;un logiciel bien con\u00e7us, un duo qui permet un flux de travail d&rsquo;impression intelligent et simple.<\/p>\n<h3><\/h3>\n<p><img decoding=\"async\" class=\"alignnone size-large wp-image-1184\" src=\"https:\/\/boprint.net\/wp-content\/uploads\/2020\/10\/Imagen-10-1024x773.png\" alt=\"\" width=\"750\" height=\"566\"> <img loading=\"lazy\" decoding=\"async\" class=\"alignnone size-large wp-image-1182\" src=\"https:\/\/boprint.net\/wp-content\/uploads\/2020\/10\/Imagen-12-1024x140.png\" alt=\"\" width=\"750\" height=\"103\"><\/p>\n<h4>O\u00f9 pouvez-vous utiliser Artis Young UV LED ?<\/h4>\n<p><strong>Petite taille, performances intelligentes partout et \u00e0 tout moment<\/strong><\/p>\n<p>Ex\u00e9cutez un cycle de production sans heurts et sans retards pour le d\u00e9veloppement d&rsquo;une entreprise en phase de d\u00e9marrage, \u00e0 domicile, dans un magasin, un bureau ou un centre commercial, ainsi que pour le commerce en ligne : si vous souhaitez personnaliser des produits au quotidien, artisJet Young a la bonne taille et la bonne zone d&rsquo;impression pour les performances dont vous avez besoin.<\/p>\n<p><img loading=\"lazy\" decoding=\"async\" class=\"alignnone wp-image-1183 size-medium\" src=\"https:\/\/boprint.net\/wp-content\/uploads\/2020\/10\/Imagen-11-300x213.png\" alt=\"\" width=\"300\" height=\"213\"> <img loading=\"lazy\" decoding=\"async\" class=\"alignnone wp-image-1180 size-medium\" src=\"https:\/\/boprint.net\/wp-content\/uploads\/2020\/10\/Imagen-14-300x213.png\" alt=\"\" width=\"300\" height=\"213\"> <img loading=\"lazy\" decoding=\"async\" class=\"alignnone size-medium wp-image-1179\" src=\"https:\/\/boprint.net\/wp-content\/uploads\/2020\/10\/Imagen-15-300x213.png\" alt=\"\" width=\"300\" height=\"213\"><\/p>\n<h4>Quelles sont les caract\u00e9ristiques qui distinguent Artis Young UV LED des autres imprimantes ?<\/h4>\n<p><strong>La technologie est une \u00e9tincelle qui vous motive \u00e0 aller plus loin.<\/strong><\/p>\n<p>Totalement diff\u00e9rente des imprimantes traditionnelles, l&rsquo;imprimante de bureau artisJet Young A4 UV LED ouvre une nouvelle dimension pour tous les designers, les cr\u00e9atifs, les r\u00eaveurs et les d\u00e9veloppeurs de marques.<\/p>\n<table border=\"0\" width=\"100%\" cellspacing=\"10\" cellpadding=\"0\">\n<tbody>\n<tr>\n<td width=\"50%\"><strong>Positionnement automatique<\/strong><\/p>\n<p>Solution permettant de gagner du temps gr\u00e2ce au r\u00e9glage automatique de la hauteur d&rsquo;impression jusqu&rsquo;\u00e0 5 cm en un seul clic. (pas pour les objets transparents)<\/p>\n<p><img loading=\"lazy\" decoding=\"async\" class=\"aligncenter size-medium wp-image-1178\" src=\"https:\/\/boprint.net\/wp-content\/uploads\/2020\/10\/Imagen-16-300x217.png\" alt=\"\" width=\"300\" height=\"217\"><\/td>\n<td width=\"50%\"><strong>Impression en un clic<\/strong><\/p>\n<p>Personnalisation facile du mod\u00e8le.<br \/>\n<img loading=\"lazy\" decoding=\"async\" class=\"aligncenter size-medium wp-image-1177\" src=\"https:\/\/boprint.net\/wp-content\/uploads\/2020\/10\/Imagen-17-300x217.png\" alt=\"\" width=\"300\" height=\"217\"><\/td>\n<\/tr>\n<tr>\n<td><strong>Entretien facile<\/strong><\/p>\n<p>Gardant \u00e0 l&rsquo;esprit que le syst\u00e8me s&rsquo;adresse \u00e0 tous, nous avons sp\u00e9cialement con\u00e7u la machine avec une puissante t\u00eate d&rsquo;impression Epson plotter, des fonctions d&rsquo;auto-nettoyage et des unit\u00e9s de remplacement faciles \u00e0 entretenir en modules.<br \/>\n<img loading=\"lazy\" decoding=\"async\" class=\"aligncenter size-medium wp-image-1176\" src=\"https:\/\/boprint.net\/wp-content\/uploads\/2020\/10\/Imagen-18-300x217.png\" alt=\"\" width=\"300\" height=\"217\"><\/td>\n<td><strong>Assurance pour l&rsquo;\u00e9cole et le commerce<\/strong><\/p>\n<p>\u00c9quip\u00e9e d&rsquo;un syst\u00e8me professionnel int\u00e9gr\u00e9 de purification de l&rsquo;air avec plusieurs filtres et un syst\u00e8me STOP-IF-OPEN, la nouvelle imprimante UV LED A4 r\u00e9duit les \u00e9missions de polluants, assure le CONFORT et contribue \u00e0 un ENVIRONNEMENT DE TRAVAIL S\u00c9CURITAIRE.<br \/>\n<img loading=\"lazy\" decoding=\"async\" class=\"aligncenter size-medium wp-image-1175\" src=\"https:\/\/boprint.net\/wp-content\/uploads\/2020\/10\/Imagen-19-300x217.png\" alt=\"\" width=\"300\" height=\"217\"><\/td>\n<\/tr>\n<tr>\n<td><strong>L&rsquo;installation ne prend que quelques minutes.<\/strong><\/p>\n<p>Placez l&rsquo;imprimante sur une surface plane, branchez les cartouches d&rsquo;encre et cliquez sur l&rsquo;ic\u00f4ne du logiciel pour une installation initiale imm\u00e9diate.<br \/>\n<img loading=\"lazy\" decoding=\"async\" class=\"aligncenter size-medium wp-image-1174\" src=\"https:\/\/boprint.net\/wp-content\/uploads\/2020\/10\/Imagen-20-300x217.png\" alt=\"\" width=\"300\" height=\"217\"><\/td>\n<td><strong>2.5D &#8211; Impression 3D haute r\u00e9solution<\/strong><\/p>\n<p>Obtenez des d\u00e9tails parfaits avec une qualit\u00e9 photo nette, vive et r\u00e9aliste gr\u00e2ce \u00e0 l&rsquo;impression jet d&rsquo;encre Micro-Piezo avec 1440 DPI, des gouttelettes d&rsquo;encre de 1,5PL, ainsi que des impressions tactiles.<br \/>\n<img loading=\"lazy\" decoding=\"async\" class=\"aligncenter size-medium wp-image-1173\" src=\"https:\/\/boprint.net\/wp-content\/uploads\/2020\/10\/Imagen-21-300x217.png\" alt=\"\" width=\"300\" height=\"217\"><\/td>\n<\/tr>\n<tr>\n<td><strong>Impression pr\u00e9cise<\/strong><\/p>\n<p>Gr\u00e2ce au syst\u00e8me MES (Magnetic Encoding System), artisJet Young cr\u00e9e ZERO erreur d&rsquo;alimentation lors de l&rsquo;impression.<br \/>\n<img loading=\"lazy\" decoding=\"async\" class=\"aligncenter size-medium wp-image-1172\" src=\"https:\/\/boprint.net\/wp-content\/uploads\/2020\/10\/Imagen-22-300x217.png\" alt=\"\" width=\"300\" height=\"217\"><\/td>\n<td><strong>Signes en braille en cliquant sur un bouton<\/strong><\/p>\n<p>B\u00e9n\u00e9ficiant de la technologie braille unique de BPAP, artisJet Young vous permettra d&rsquo;imprimer des signes en braille avec de l&rsquo;encre blanche en un seul passage.<br \/>\n<img loading=\"lazy\" decoding=\"async\" class=\"aligncenter size-medium wp-image-1171\" src=\"https:\/\/boprint.net\/wp-content\/uploads\/2020\/10\/Imagen-23-300x217.png\" alt=\"\" width=\"300\" height=\"217\"><\/td>\n<\/tr>\n<tr>\n<td><strong>Op\u00e9ration \u00e9conomique<\/strong><\/p>\n<p>La faible consommation d&rsquo;encre r\u00e9duit les co\u00fbts \u00e0 quelques centimes par impression. Les contrats de maintenance ne sont pas n\u00e9cessaires<br \/>\n<img loading=\"lazy\" decoding=\"async\" class=\"aligncenter size-medium wp-image-1170\" src=\"https:\/\/boprint.net\/wp-content\/uploads\/2020\/10\/Imagen-25-300x217.png\" alt=\"\" width=\"300\" height=\"217\"><\/td>\n<td><\/td>\n<\/tr>\n<\/tbody>\n<\/table>\n","protected":false},"excerpt":{"rendered":"<p>La nouvelle imprimante UV Artis Young est une machine compacte con\u00e7ue pour les postes de travail de petite et moyenne taille. Il est id\u00e9al pour la personnalisation d&rsquo;accessoires de t\u00e9l\u00e9phonie mobile, d&rsquo;articles promotionnels, d&rsquo;accessoires cosm\u00e9tiques, d&rsquo;articles de mode et de design, de cadeaux, de prix, d&rsquo;\u00e9tuis \u00e0 lunettes, de fournitures scolaires, de banques d&rsquo;alimentation, de chargeurs ou de cartes de visite en PVC imprim\u00e9es en 3D et d&rsquo;autres produits similaires. L&rsquo;imprimante artis Young UV peut imprimer des images de qualit\u00e9 photo directement sur le lieu de travail ou dans le magasin pendant que les clients attendent. Ainsi, tous les types de produits sont personnalis\u00e9s et acqui\u00e8rent imm\u00e9diatement une valeur totalement diff\u00e9rente aux yeux des consommateurs. Il attire \u00e9galement l&rsquo;attention sur le point de vente gr\u00e2ce \u00e0 sa nouvelle technologie et \u00e0 son design attrayant. Les clients auront davantage de raisons de montrer les produits de votre marque \u00e0 d&rsquo;autres personnes, que ce soit par le biais des m\u00e9dias sociaux ou directement \u00e0 leurs proches.<\/p>\n<p>&nbsp;<\/p>\n<p>&nbsp;<a class=\"fasc-button fasc-size-large fasc-type-glossy fasc-rounded-medium fasc-ico-before dashicons-edit\" href=\"\/contacto\/\">Demander le prix ou plus d&rsquo;informations<\/a><\/p>\n","protected":false},"featured_media":5343,"template":"","meta":{"zakra_page_container_layout":"customizer","zakra_page_sidebar_layout":"customizer","zakra_remove_content_margin":false,"zakra_sidebar":"customizer","zakra_transparent_header":"customizer","zakra_logo":0,"zakra_main_header_style":"default","zakra_menu_item_color":"","zakra_menu_item_hover_color":"","zakra_menu_item_active_color":"","zakra_menu_active_style":"","zakra_page_header":true,"_eb_attr":""},"product_brand":[],"product_cat":[467],"product_tag":[],"class_list":{"0":"post-7616","1":"product","2":"type-product","3":"status-publish","4":"has-post-thumbnail","6":"product_cat-imprimantes-a-led-uv","8":"first","9":"instock","10":"featured","11":"taxable","12":"shipping-taxable","13":"product-type-simple"},"_links":{"self":[{"href":"https:\/\/bomedia.net\/fr\/wp-json\/wp\/v2\/product\/7616","targetHints":{"allow":["GET"]}}],"collection":[{"href":"https:\/\/bomedia.net\/fr\/wp-json\/wp\/v2\/product"}],"about":[{"href":"https:\/\/bomedia.net\/fr\/wp-json\/wp\/v2\/types\/product"}],"version-history":[{"count":0,"href":"https:\/\/bomedia.net\/fr\/wp-json\/wp\/v2\/product\/7616\/revisions"}],"wp:featuredmedia":[{"embeddable":true,"href":"https:\/\/bomedia.net\/fr\/wp-json\/wp\/v2\/media\/5343"}],"wp:attachment":[{"href":"https:\/\/bomedia.net\/fr\/wp-json\/wp\/v2\/media?parent=7616"}],"wp:term":[{"taxonomy":"product_brand","embeddable":true,"href":"https:\/\/bomedia.net\/fr\/wp-json\/wp\/v2\/product_brand?post=7616"},{"taxonomy":"product_cat","embeddable":true,"href":"https:\/\/bomedia.net\/fr\/wp-json\/wp\/v2\/product_cat?post=7616"},{"taxonomy":"product_tag","embeddable":true,"href":"https:\/\/bomedia.net\/fr\/wp-json\/wp\/v2\/product_tag?post=7616"}],"curies":[{"name":"wp","href":"https:\/\/api.w.org\/{rel}","templated":true}]}}