{"id":7633,"date":"2021-07-21T10:21:46","date_gmt":"2021-07-21T10:21:46","guid":{"rendered":"https:\/\/bomedia.net\/product\/experience-pack-3mm"},"modified":"2021-07-21T10:21:46","modified_gmt":"2021-07-21T10:21:46","slug":"experience-pack-3mm","status":"publish","type":"product","link":"https:\/\/bomedia.net\/fr\/produit\/experience-pack-3mm","title":{"rendered":"Experience Pack 3mm"},"content":{"rendered":"<p>Un paquet sp\u00e9cialement compos\u00e9 de 37 types de mat\u00e9riaux diff\u00e9rents. Une gamme de produits allant des acryliques au caoutchouc et au bois.<\/p>\n<p>Les mat\u00e9riaux ont un format de 210 x 300 mm et une \u00e9paisseur de 3 mm (\u00e0 l&rsquo;exception du tampon en caoutchouc, qui a une \u00e9paisseur de 2,3 mm).<\/p>\n<p>Avec cet ensemble, vous pouvez exp\u00e9rimenter et donner vie \u00e0 n&rsquo;importe quel dessin.<\/p>\n<p><strong>Qu&rsquo;y a-t-il l\u00e0-dedans ?<\/strong><\/p>\n<p>Les mat\u00e9riaux sont emball\u00e9s dans cet ordre :<\/p>\n<p><strong>Acrylique :<\/strong><\/p>\n<ul>\n<li>Rouge<\/li>\n<li>Orange<\/li>\n<li>Jaune<\/li>\n<li>Vert<\/li>\n<li>Bleu<\/li>\n<li>Noir<\/li>\n<li>Gris<\/li>\n<li>Blanc<\/li>\n<li>Verre d\u00e9poli<\/li>\n<li>Transparent<\/li>\n<li>Rouge clair<\/li>\n<li>Jaune clair<\/li>\n<li>Vert clair<\/li>\n<li>Miroir dor\u00e9<\/li>\n<li>Miroir argent\u00e9<\/li>\n<li>Or m\u00e9tallis\u00e9<\/li>\n<li>Argent m\u00e9tallique<\/li>\n<li>Lilas m\u00e9tallis\u00e9<\/li>\n<li>Vert m\u00e9tallique<\/li>\n<li>Glace m\u00e9tallique<\/li>\n<li>Perle blanche<\/li>\n<li>Perles roses<\/li>\n<li>Ivoire perl\u00e9<\/li>\n<li>Pierre blanche<\/li>\n<li>Gris pierre<\/li>\n<li>Pierre noire<\/li>\n<li>Bleu galaxie<\/li>\n<\/ul>\n<p><strong>Caoutchouc :<\/strong><\/p>\n<ul>\n<li>Tampon en caoutchouc<\/li>\n<\/ul>\n<p><strong>Le bois :<\/strong><\/p>\n<ul>\n<li>\u00c9rable<\/li>\n<li>Bambou<\/li>\n<li>Aphromosie<\/li>\n<li>Sapele<\/li>\n<li>Padouk<\/li>\n<li>Ch\u00eane am\u00e9ricain<\/li>\n<li>Ch\u00eane brun<\/li>\n<li>Ch\u00eane fum\u00e9<\/li>\n<li>MDF<\/li>\n<\/ul>\n","protected":false},"excerpt":{"rendered":"<p>Un paquet sp\u00e9cialement compos\u00e9 de 37 types de mat\u00e9riaux diff\u00e9rents. Une gamme de produits allant des acryliques au caoutchouc et au bois.<\/p>\n","protected":false},"featured_media":6280,"template":"","meta":{"zakra_page_container_layout":"customizer","zakra_page_sidebar_layout":"customizer","zakra_remove_content_margin":false,"zakra_sidebar":"customizer","zakra_transparent_header":"customizer","zakra_logo":0,"zakra_main_header_style":"default","zakra_menu_item_color":"","zakra_menu_item_hover_color":"","zakra_menu_item_active_color":"","zakra_menu_active_style":"","zakra_page_header":true,"_eb_attr":""},"product_brand":[],"product_cat":[485],"product_tag":[],"class_list":{"0":"post-7633","1":"product","2":"type-product","3":"status-publish","4":"has-post-thumbnail","6":"product_cat-consommables-pour-la-decoupe-et-la-gravure-au-laser","8":"first","9":"instock","10":"featured","11":"taxable","12":"shipping-taxable","13":"purchasable","14":"product-type-simple"},"_links":{"self":[{"href":"https:\/\/bomedia.net\/fr\/wp-json\/wp\/v2\/product\/7633","targetHints":{"allow":["GET"]}}],"collection":[{"href":"https:\/\/bomedia.net\/fr\/wp-json\/wp\/v2\/product"}],"about":[{"href":"https:\/\/bomedia.net\/fr\/wp-json\/wp\/v2\/types\/product"}],"version-history":[{"count":0,"href":"https:\/\/bomedia.net\/fr\/wp-json\/wp\/v2\/product\/7633\/revisions"}],"wp:featuredmedia":[{"embeddable":true,"href":"https:\/\/bomedia.net\/fr\/wp-json\/wp\/v2\/media\/6280"}],"wp:attachment":[{"href":"https:\/\/bomedia.net\/fr\/wp-json\/wp\/v2\/media?parent=7633"}],"wp:term":[{"taxonomy":"product_brand","embeddable":true,"href":"https:\/\/bomedia.net\/fr\/wp-json\/wp\/v2\/product_brand?post=7633"},{"taxonomy":"product_cat","embeddable":true,"href":"https:\/\/bomedia.net\/fr\/wp-json\/wp\/v2\/product_cat?post=7633"},{"taxonomy":"product_tag","embeddable":true,"href":"https:\/\/bomedia.net\/fr\/wp-json\/wp\/v2\/product_tag?post=7633"}],"curies":[{"name":"wp","href":"https:\/\/api.w.org\/{rel}","templated":true}]}}