{"id":7635,"date":"2021-04-28T10:03:23","date_gmt":"2021-04-28T10:03:23","guid":{"rendered":"https:\/\/bomedia.net\/product\/registre-2-canaux-uv-led-artis-pro-2-unites"},"modified":"2021-04-28T10:03:23","modified_gmt":"2021-04-28T10:03:23","slug":"registre-2-canaux-uv-led-artis-pro-2-unites","status":"publish","type":"product","link":"https:\/\/bomedia.net\/fr\/produit\/registre-2-canaux-uv-led-artis-pro-2-unites","title":{"rendered":"Registre 2 canaux UV Led (Artis PRO) &#8211; 2 Unit\u00e9s"},"content":{"rendered":"","protected":false},"excerpt":{"rendered":"<h6>Amortisseur compatible avec les t\u00eates d&rsquo;impression Epson<\/h6>\n<p>Paquet de 2 unit\u00e9s<\/p>\n<p>Pi\u00e8ce d\u00e9tach\u00e9e pour les mod\u00e8les : Artis PRO et Artis Young<\/p>\n<p><a class=\"fasc-button fasc-size-medium fasc-type-glossy fasc-rounded-medium fasc-ico-before dashicons-edit\" href=\"\/contacto\/\">Demander le prix et plus d&rsquo;informations<\/a><\/p>\n","protected":false},"featured_media":5375,"template":"","meta":{"zakra_page_container_layout":"customizer","zakra_page_sidebar_layout":"customizer","zakra_remove_content_margin":false,"zakra_sidebar":"customizer","zakra_transparent_header":"customizer","zakra_logo":0,"zakra_main_header_style":"default","zakra_menu_item_color":"","zakra_menu_item_hover_color":"","zakra_menu_item_active_color":"","zakra_menu_active_style":"","zakra_page_header":true,"_eb_attr":""},"product_brand":[],"product_cat":[154],"product_tag":[],"class_list":{"0":"post-7635","1":"product","2":"type-product","3":"status-publish","4":"has-post-thumbnail","6":"product_cat-pieces-de-rechange-led-uv","7":"product_shipping_class-24-48h-fr","9":"first","10":"instock","11":"taxable","12":"shipping-taxable","13":"purchasable","14":"product-type-simple"},"_links":{"self":[{"href":"https:\/\/bomedia.net\/fr\/wp-json\/wp\/v2\/product\/7635","targetHints":{"allow":["GET"]}}],"collection":[{"href":"https:\/\/bomedia.net\/fr\/wp-json\/wp\/v2\/product"}],"about":[{"href":"https:\/\/bomedia.net\/fr\/wp-json\/wp\/v2\/types\/product"}],"version-history":[{"count":0,"href":"https:\/\/bomedia.net\/fr\/wp-json\/wp\/v2\/product\/7635\/revisions"}],"wp:featuredmedia":[{"embeddable":true,"href":"https:\/\/bomedia.net\/fr\/wp-json\/wp\/v2\/media\/5375"}],"wp:attachment":[{"href":"https:\/\/bomedia.net\/fr\/wp-json\/wp\/v2\/media?parent=7635"}],"wp:term":[{"taxonomy":"product_brand","embeddable":true,"href":"https:\/\/bomedia.net\/fr\/wp-json\/wp\/v2\/product_brand?post=7635"},{"taxonomy":"product_cat","embeddable":true,"href":"https:\/\/bomedia.net\/fr\/wp-json\/wp\/v2\/product_cat?post=7635"},{"taxonomy":"product_tag","embeddable":true,"href":"https:\/\/bomedia.net\/fr\/wp-json\/wp\/v2\/product_tag?post=7635"}],"curies":[{"name":"wp","href":"https:\/\/api.w.org\/{rel}","templated":true}]}}