{"id":7636,"date":"2021-09-03T07:59:24","date_gmt":"2021-09-03T07:59:24","guid":{"rendered":"https:\/\/bomedia.net\/product\/imprimante-uv-led-5000u-pro"},"modified":"2021-09-03T07:59:24","modified_gmt":"2021-09-03T07:59:24","slug":"imprimante-uv-led-5000u-pro","status":"publish","type":"product","link":"https:\/\/bomedia.net\/fr\/produit\/imprimante-uv-led-5000u-pro","title":{"rendered":"Imprimante UV Led 5000U Pro"},"content":{"rendered":"<table border=\"0\" width=\"100%\" cellspacing=\"5\" cellpadding=\"0\">\n<tbody>\n<tr valign=\"top\">\n<td><strong>Syst\u00e8me de cuisson d&rsquo;encre s\u00e9lective<\/strong><\/p>\n<ul>\n<li>L&rsquo;imprimante Artis 5000U fonctionne avec le syst\u00e8me FOIF d&rsquo;ArtisJet qui n&rsquo;active la lampe UV LED que lors de la cuisson de l&rsquo;encre. La dur\u00e9e de vie de la lampe et de la t\u00eate d&rsquo;impression est ainsi maximis\u00e9e.<\/li>\n<\/ul>\n<\/td>\n<td><strong>Syst\u00e8me de contr\u00f4le \u00e0 la demande<\/strong><\/p>\n<ul>\n<li>Con\u00e7u pour la flexibilit\u00e9 et la simplicit\u00e9, artisJet COD contr\u00f4le num\u00e9riquement le fonctionnement du syst\u00e8me UV LED. Il s&rsquo;adapte automatiquement aux diff\u00e9rents mat\u00e9riaux et environnements de travail. COD contr\u00f4le le mode de s\u00e9chage UV (bidirectionnel, unidirectionnel). Cela permet d&rsquo;obtenir une qualit\u00e9 d&rsquo;impression et un temps de s\u00e9chage optimaux.<\/li>\n<\/ul>\n<\/td>\n<\/tr>\n<tr valign=\"top\">\n<td><strong>R\u00e9glage automatis\u00e9 de la hauteur d&rsquo;impression<\/strong><\/p>\n<ul>\n<li>\u00c9quip\u00e9 de capteurs pour le r\u00e9glage automatique de la hauteur de la t\u00eate et la r\u00e9duction de la course de la t\u00eate. Entretien et recyclage automatiques du syst\u00e8me d&rsquo;encre. Module de vacances.<\/li>\n<\/ul>\n<\/td>\n<td><strong>Syst\u00e8me de contr\u00f4le s\u00e9curis\u00e9 du refroidissement liquide<\/strong><\/p>\n<ul>\n<li>Con\u00e7u pour \u00eatre simple et s\u00fbr, le syst\u00e8me de contr\u00f4le de la r\u00e9frig\u00e9ration ArtisJet est bas\u00e9 sur un syst\u00e8me de r\u00e9frig\u00e9ration num\u00e9rique industriel. Il s&rsquo;agit d&rsquo;un circuit ferm\u00e9 contenant 300 ml de liquide de refroidissement. Le niveau de liquide est visible et peut \u00eatre rempli \u00e0 la demande, afin d&rsquo;\u00e9viter l&rsquo;usure des LED UV.<\/li>\n<\/ul>\n<\/td>\n<\/tr>\n<tr valign=\"top\">\n<td><strong>Syst\u00e8me d&rsquo;encrage continu<\/strong><\/p>\n<ul>\n<li>Contrairement aux cartouches d&rsquo;encre, ce syst\u00e8me permet d&rsquo;utiliser 100 % de l&rsquo;encre disponible.<\/li>\n<\/ul>\n<\/td>\n<td><strong>S\u00e9chage retard\u00e9 pour le s\u00e9chage des vernis<br \/>\n<\/strong><\/p>\n<ul>\n<li>Lampe de s\u00e9chage double pour un s\u00e9chage retard\u00e9 afin d&rsquo;obtenir les meilleurs effets avec les vernis.<\/li>\n<\/ul>\n<\/td>\n<\/tr>\n<tr valign=\"top\">\n<td><strong>Nouvelle technologie de contr\u00f4le du passage d&rsquo;onde<br \/>\n<\/strong><\/p>\n<ul>\n<li>Gr\u00e2ce \u00e0 la technologie d&rsquo;impression par vagues et \u00e0 la fonctionnalit\u00e9 d&rsquo;impression \u00e0 grande vitesse de fretwork, l&rsquo;Artis 5000 U garantit la nettet\u00e9 de l&rsquo;impression.<\/li>\n<\/ul>\n<\/td>\n<td><\/td>\n<\/tr>\n<\/tbody>\n<\/table>\n","protected":false},"excerpt":{"rendered":"<hr>\n<h6><strong>IMPRIME DES FORMATS PLUS GRANDS ET PLUS RAPIDEMENT<\/strong><\/h6>\n<ul>\n<li><strong> Qualit\u00e9 d&rsquo;impression<\/strong> \u00e9lev\u00e9e<strong>, vitesse et taille sup\u00e9rieures<\/strong><\/li>\n<li>Parfait pour la <strong>finition au vernis<\/strong> (s\u00e9chage retard\u00e9)<\/li>\n<li>Impression optimale sur des<strong> mat\u00e9riaux rigides et flexibles et dans toutes les couleurs<\/strong><\/li>\n<li><strong>Syst\u00e8me de rotation \u00e0 360\u00b0<\/strong> pour les objets cylindriques disponible<\/li>\n<li>Id\u00e9al pour l&rsquo;impression de signal\u00e9tique, d&#8217;emballages, de d\u00e9coration (bois, c\u00e9ramique, verre, plastique, aluminium&#8230;), de posters, d&rsquo;objets promotionnels, etc.<\/li>\n<li>Surface d&rsquo;impression : 51 x 71 cm<\/li>\n<li>Hauteur maximale de l&rsquo;objet \u00e0 imprimer : 10 cm<\/li>\n<\/ul>\n<p>&nbsp;<\/p>\n<h6>&nbsp;<\/h6>\n<h6 class=\"blue-didact uppercase-text\"><strong>UN ALLI\u00c9 DE POIDS<\/strong><\/h6>\n<ul>\n<li><strong>S\u00e9chage<\/strong> retard\u00e9 <strong>du vernis<\/strong> pour un effet brillant<strong><br \/>\n<\/strong><\/li>\n<li>Co\u00fbt d&rsquo;exploitation minimal gr\u00e2ce au<strong>syst\u00e8me d&rsquo;alimentation continue en encre<\/strong>&nbsp;<strong><\/strong><\/li>\n<li>Pr\u00e9cision d&rsquo;impression maximale gr\u00e2ce au capteur magn\u00e9tique<strong><br \/>\n<\/strong><\/li>\n<li><strong>Logiciel <\/strong>professionnel facile \u00e0 utiliser avec<strong> gestion des profils de couleur<br \/>\n<\/strong><\/li>\n<li><strong>Auto-ajustement<\/strong>&nbsp;de la hauteur de la t\u00eate<\/li>\n<li>Dur\u00e9e de vie prolong\u00e9e de la t\u00eate gr\u00e2ce \u00e0 la<strong>technologie<\/strong>&nbsp;<strong>FOIF (lib\u00e9ration soudaine de l&rsquo;encre<\/strong>)<\/li>\n<li>Tr\u00e8s facile \u00e0 utiliser et \u00e0 entretenir, assistance aux utilisateurs<\/li>\n<li>Refroidissement par liquide du syst\u00e8me LED UV<strong><br \/>\n<\/strong><\/li>\n<li>Impression polyvalente avec&nbsp;<strong>R\u00e9glage du niveau de puissance des LED UV<\/strong><\/li>\n<li>R\u00e9glage de la puissance de la t\u00eate pour des distances d&rsquo;impression plus longues<strong><br \/>\n<\/strong><\/li>\n<\/ul>\n<div class=\"row\">&nbsp;<\/div>\n<div>&nbsp;<a class=\"fasc-button fasc-size-large fasc-type-glossy fasc-rounded-medium fasc-ico-before dashicons-edit\" style=\"background-color: #1290b4; color: #ffffff;\" href=\"\/contacto\/\">Demander le prix ou plus d&rsquo;informations<\/a><\/div>\n<div>&nbsp;<\/div>\n<div>&nbsp;<\/div>\n","protected":false},"featured_media":5153,"template":"","meta":{"zakra_page_container_layout":"customizer","zakra_page_sidebar_layout":"customizer","zakra_remove_content_margin":false,"zakra_sidebar":"customizer","zakra_transparent_header":"customizer","zakra_logo":0,"zakra_main_header_style":"default","zakra_menu_item_color":"","zakra_menu_item_hover_color":"","zakra_menu_item_active_color":"","zakra_menu_active_style":"","zakra_page_header":true,"_eb_attr":""},"product_brand":[],"product_cat":[467],"product_tag":[],"class_list":{"0":"post-7636","1":"product","2":"type-product","3":"status-publish","4":"has-post-thumbnail","6":"product_cat-imprimantes-a-led-uv","8":"first","9":"instock","10":"featured","11":"taxable","12":"shipping-taxable","13":"product-type-simple"},"_links":{"self":[{"href":"https:\/\/bomedia.net\/fr\/wp-json\/wp\/v2\/product\/7636","targetHints":{"allow":["GET"]}}],"collection":[{"href":"https:\/\/bomedia.net\/fr\/wp-json\/wp\/v2\/product"}],"about":[{"href":"https:\/\/bomedia.net\/fr\/wp-json\/wp\/v2\/types\/product"}],"version-history":[{"count":0,"href":"https:\/\/bomedia.net\/fr\/wp-json\/wp\/v2\/product\/7636\/revisions"}],"wp:featuredmedia":[{"embeddable":true,"href":"https:\/\/bomedia.net\/fr\/wp-json\/wp\/v2\/media\/5153"}],"wp:attachment":[{"href":"https:\/\/bomedia.net\/fr\/wp-json\/wp\/v2\/media?parent=7636"}],"wp:term":[{"taxonomy":"product_brand","embeddable":true,"href":"https:\/\/bomedia.net\/fr\/wp-json\/wp\/v2\/product_brand?post=7636"},{"taxonomy":"product_cat","embeddable":true,"href":"https:\/\/bomedia.net\/fr\/wp-json\/wp\/v2\/product_cat?post=7636"},{"taxonomy":"product_tag","embeddable":true,"href":"https:\/\/bomedia.net\/fr\/wp-json\/wp\/v2\/product_tag?post=7636"}],"curies":[{"name":"wp","href":"https:\/\/api.w.org\/{rel}","templated":true}]}}