{"id":7672,"date":"2021-01-19T09:03:08","date_gmt":"2021-01-19T09:03:08","guid":{"rendered":"https:\/\/bomedia.net\/product\/remplacement-du-pre-filtre-beam-air-4-pieces"},"modified":"2021-01-19T09:03:08","modified_gmt":"2021-01-19T09:03:08","slug":"remplacement-du-pre-filtre-beam-air-4-pieces","status":"publish","type":"product","link":"https:\/\/bomedia.net\/fr\/produit\/remplacement-du-pre-filtre-beam-air-4-pieces","title":{"rendered":"Remplacement du pr\u00e9-filtre Beam Air (4 pi\u00e8ces)"},"content":{"rendered":"<p><strong>Recharge du pr\u00e9-filtre Beam Air<\/strong><\/p>\n<p>Il s&rsquo;agit des pr\u00e9-filtres de remplacement pour votre Beam Air.<\/p>\n<p>Ils sont conditionn\u00e9s en 4 unit\u00e9s.<\/p>\n<p>Ils doivent \u00eatre remplac\u00e9s toutes les 10 \u00e0 30 heures.<\/p>\n<p><strong>N&rsquo;oubliez pas de remplacer les autres filtres en temps voulu :<\/strong><\/p>\n<ul>\n<li><a href=\"https:\/\/fluxlasers.es\/producto\/prefiltro-beam-air\/\">Pr\u00e9filtre<\/a> (10-30 heures)<\/li>\n<li><a href=\"https:\/\/fluxlasers.es\/producto\/recambio-de-filtro-beam-air\/\">Filtre \u00e0 efficacit\u00e9 moyenne<\/a> (50-150 heures)<\/li>\n<li><a href=\"https:\/\/fluxlasers.es\/producto\/filtro-hepa-h13\/\">Filtre HEPA H13<\/a> (100-200 heures)<\/li>\n<li><a href=\"https:\/\/fluxlasers.es\/producto\/filtro-carbon\/\">Filtre \u00e0 charbon<\/a> (300-600 heures)<\/li>\n<\/ul>\n<p><strong>Retirer les filtres :<\/strong><\/p>\n<p>Il suffit d&rsquo;ouvrir le couvercle du filtre et de retirer la bo\u00eete qui se trouve \u00e0 l&rsquo;int\u00e9rieur. Retirez ensuite le pr\u00e9-filtre et enlevez les bouchons de chaque c\u00f4t\u00e9 du filtre \u00e0 efficacit\u00e9 moyenne, mettez-le de c\u00f4t\u00e9 et r\u00e9p\u00e9tez les m\u00eames \u00e9tapes avec le filtre \u00e0 charbon. La bo\u00eete restante est le filtre HEPA H13.<\/p>\n<p>Remplacer le cas \u00e9ch\u00e9ant.<\/p>\n<p><strong>Remonter :<\/strong><\/p>\n<p>R\u00e9ins\u00e9rer les filtres dans l&rsquo;ordre suivant : de gauche \u00e0 droite<\/p>\n<p><img fetchpriority=\"high\" decoding=\"async\" class=\"size-large wp-image-1431 alignnone\" src=\"https:\/\/fluxlasers.es\/wp-content\/uploads\/2021\/01\/beam-air-with-filters-complete-left-to-right-1024x640.png\" alt=\"\" width=\"750\" height=\"469\"><\/p>\n<ol>\n<li>Fonds<\/li>\n<li>Filtre HEPA H13<\/li>\n<li>Filtre \u00e0 charbon<\/li>\n<li>Filtre \u00e0 efficacit\u00e9 moyenne<\/li>\n<li>Pr\u00e9filtre<\/li>\n<li>Couverture<\/li>\n<\/ol>\n<p>Fermez le couvercle et vous \u00eates pr\u00eat \u00e0 r\u00e9aliser d&rsquo;autres cr\u00e9ations \u00e9tonnantes !<\/p>\n","protected":false},"excerpt":{"rendered":"<p>Il s&rsquo;agit des pr\u00e9-filtres de remplacement pour votre Beam Air.<\/p>\n","protected":false},"featured_media":6236,"template":"","meta":{"zakra_page_container_layout":"customizer","zakra_page_sidebar_layout":"customizer","zakra_remove_content_margin":false,"zakra_sidebar":"customizer","zakra_transparent_header":"customizer","zakra_logo":0,"zakra_main_header_style":"default","zakra_menu_item_color":"","zakra_menu_item_hover_color":"","zakra_menu_item_active_color":"","zakra_menu_active_style":"","zakra_page_header":true,"_eb_attr":""},"product_brand":[],"product_cat":[241,413],"product_tag":[],"class_list":{"0":"post-7672","1":"product","2":"type-product","3":"status-publish","4":"has-post-thumbnail","6":"product_cat-fluxlasers-fr","7":"product_cat-pieces-de-rechange-pour-les-fluxlasers","9":"first","10":"instock","11":"taxable","12":"shipping-taxable","13":"purchasable","14":"product-type-simple"},"_links":{"self":[{"href":"https:\/\/bomedia.net\/fr\/wp-json\/wp\/v2\/product\/7672","targetHints":{"allow":["GET"]}}],"collection":[{"href":"https:\/\/bomedia.net\/fr\/wp-json\/wp\/v2\/product"}],"about":[{"href":"https:\/\/bomedia.net\/fr\/wp-json\/wp\/v2\/types\/product"}],"version-history":[{"count":0,"href":"https:\/\/bomedia.net\/fr\/wp-json\/wp\/v2\/product\/7672\/revisions"}],"wp:featuredmedia":[{"embeddable":true,"href":"https:\/\/bomedia.net\/fr\/wp-json\/wp\/v2\/media\/6236"}],"wp:attachment":[{"href":"https:\/\/bomedia.net\/fr\/wp-json\/wp\/v2\/media?parent=7672"}],"wp:term":[{"taxonomy":"product_brand","embeddable":true,"href":"https:\/\/bomedia.net\/fr\/wp-json\/wp\/v2\/product_brand?post=7672"},{"taxonomy":"product_cat","embeddable":true,"href":"https:\/\/bomedia.net\/fr\/wp-json\/wp\/v2\/product_cat?post=7672"},{"taxonomy":"product_tag","embeddable":true,"href":"https:\/\/bomedia.net\/fr\/wp-json\/wp\/v2\/product_tag?post=7672"}],"curies":[{"name":"wp","href":"https:\/\/api.w.org\/{rel}","templated":true}]}}