{"id":7680,"date":"2021-01-19T08:39:46","date_gmt":"2021-01-19T08:39:46","guid":{"rendered":"https:\/\/bomedia.net\/product\/tube-de-ventilation-retractable-flux-150-cm"},"modified":"2024-03-15T15:53:42","modified_gmt":"2024-03-15T15:53:42","slug":"tube-de-ventilation-retractable-flux-150-cm","status":"publish","type":"product","link":"https:\/\/bomedia.net\/fr\/produit\/tube-de-ventilation-retractable-flux-150-cm","title":{"rendered":"Tube de ventilation r\u00e9tractable FLUX (150 cm)"},"content":{"rendered":"<p id=\"tw-target-text\" class=\"tw-data-text tw-text-large XcVN5d tw-ta\" dir=\"ltr\" data-placeholder=\"Traducci\u00f3\"><span lang=\"es\">Ce tube de ventilation r\u00e9tractable se connecte \u00e0 la d\u00e9coupeuse laser pour \u00e9vacuer la fum\u00e9e et les gaz d&rsquo;\u00e9chappement produits par la d\u00e9coupeuse laser.  <\/span><\/p>\n<p class=\"tw-data-text tw-text-large XcVN5d tw-ta\" dir=\"ltr\" data-placeholder=\"Traducci\u00f3\"><span lang=\"es\">Les diam\u00e8tres des tubes sont les suivants  <\/span><\/p>\n<ul>\n<li class=\"tw-data-text tw-text-large XcVN5d tw-ta\" dir=\"ltr\" data-placeholder=\"Traducci\u00f3\"><span lang=\"es\">C\u00f4t\u00e9 \u00e0 connecter \u00e0 la machine : 120 mm  <\/span><\/li>\n<li class=\"tw-data-text tw-text-large XcVN5d tw-ta\" dir=\"ltr\" data-placeholder=\"Traducci\u00f3\"><span lang=\"es\">C\u00f4t\u00e9 pour la ventilation externe : 100 mm<\/span><\/li>\n<\/ul>\n","protected":false},"excerpt":{"rendered":"<p id=\"tw-target-text\" class=\"tw-data-text tw-text-large XcVN5d tw-ta\" dir=\"ltr\" data-placeholder=\"Traducci\u00f3\"><span lang=\"es\">Tube de ventilation r\u00e9tractable qui se connecte \u00e0 la d\u00e9coupeuse laser pour ventiler la fum\u00e9e et extraire les odeurs produites lors de la d\u00e9coupe.  <\/span><\/p>\n","protected":false},"featured_media":6187,"template":"","meta":{"zakra_page_container_layout":"customizer","zakra_page_sidebar_layout":"customizer","zakra_remove_content_margin":false,"zakra_sidebar":"customizer","zakra_transparent_header":"customizer","zakra_logo":0,"zakra_main_header_style":"default","zakra_menu_item_color":"","zakra_menu_item_hover_color":"","zakra_menu_item_active_color":"","zakra_menu_active_style":"","zakra_page_header":true,"_eb_attr":""},"product_brand":[],"product_cat":[241,413],"product_tag":[],"class_list":{"0":"post-7680","1":"product","2":"type-product","3":"status-publish","4":"has-post-thumbnail","6":"product_cat-fluxlasers-fr","7":"product_cat-pieces-de-rechange-pour-les-fluxlasers","9":"first","10":"instock","11":"taxable","12":"shipping-taxable","13":"purchasable","14":"product-type-simple"},"_links":{"self":[{"href":"https:\/\/bomedia.net\/fr\/wp-json\/wp\/v2\/product\/7680","targetHints":{"allow":["GET"]}}],"collection":[{"href":"https:\/\/bomedia.net\/fr\/wp-json\/wp\/v2\/product"}],"about":[{"href":"https:\/\/bomedia.net\/fr\/wp-json\/wp\/v2\/types\/product"}],"version-history":[{"count":1,"href":"https:\/\/bomedia.net\/fr\/wp-json\/wp\/v2\/product\/7680\/revisions"}],"predecessor-version":[{"id":7687,"href":"https:\/\/bomedia.net\/fr\/wp-json\/wp\/v2\/product\/7680\/revisions\/7687"}],"wp:featuredmedia":[{"embeddable":true,"href":"https:\/\/bomedia.net\/fr\/wp-json\/wp\/v2\/media\/6187"}],"wp:attachment":[{"href":"https:\/\/bomedia.net\/fr\/wp-json\/wp\/v2\/media?parent=7680"}],"wp:term":[{"taxonomy":"product_brand","embeddable":true,"href":"https:\/\/bomedia.net\/fr\/wp-json\/wp\/v2\/product_brand?post=7680"},{"taxonomy":"product_cat","embeddable":true,"href":"https:\/\/bomedia.net\/fr\/wp-json\/wp\/v2\/product_cat?post=7680"},{"taxonomy":"product_tag","embeddable":true,"href":"https:\/\/bomedia.net\/fr\/wp-json\/wp\/v2\/product_tag?post=7680"}],"curies":[{"name":"wp","href":"https:\/\/api.w.org\/{rel}","templated":true}]}}