{"id":7682,"date":"2021-01-19T08:25:50","date_gmt":"2021-01-19T08:25:50","guid":{"rendered":"https:\/\/bomedia.net\/product\/laser-a-diode-hybride"},"modified":"2024-03-15T15:53:41","modified_gmt":"2024-03-15T15:53:41","slug":"laser-a-diode-hybride","status":"publish","type":"product","link":"https:\/\/bomedia.net\/fr\/produit\/laser-a-diode-hybride","title":{"rendered":"Laser \u00e0 diode hybride"},"content":{"rendered":"<p><strong>Mat\u00e9riau compatible :<\/strong><\/p>\n<ul>\n<li>Carton<\/li>\n<li>Bois<\/li>\n<li>Bambou<\/li>\n<li>Cuir<\/li>\n<li>Tissu<\/li>\n<li>Caoutchouc<\/li>\n<li>Ciment<\/li>\n<li>Le rocher<\/li>\n<li>Aluminium anodis\u00e9<\/li>\n<li>Acier inoxydable<\/li>\n<\/ul>\n<p>&nbsp;<\/p>\n<p><strong>Non compatible :<\/strong><\/p>\n<ul>\n<li>Acrylique transparent<\/li>\n<li>Verre transparent<\/li>\n<li>Autres m\u00e9taux<\/li>\n<\/ul>\n<p>Comment est-il install\u00e9 et comment fonctionne-t-il ?<\/p>\n<p><a href=\"https:\/\/support.flux3dp.com\/hc\/en-us\/articles\/360001568035-Using-the-Hybrid-Laser-Add-on\" target=\"_blank\" rel=\"noopener noreferrer\">Comment cela fonctionne-t-il ? (Eng)<\/a> <a href=\"https:\/\/support.flux3dp.com\/hc\/en-us\/articles\/360001455096-Hybrid-Laser-Add-on-Installation\" target=\"_blank\" rel=\"noopener noreferrer\">&amp;Guide<\/a> d&rsquo;<a href=\"https:\/\/support.flux3dp.com\/hc\/en-us\/articles\/360001455096-Hybrid-Laser-Add-on-Installation\" target=\"_blank\" rel=\"noopener noreferrer\">installation (Fr<\/a>)<\/p>\n<p>&nbsp;* Les gravures ont une finition plut\u00f4t brun\u00e2tre et de faible intensit\u00e9. Testez ou regardez des photos ou demandez des photos de r\u00e9sultats sur les mat\u00e9riaux avec lesquels vous voulez travailler.<\/p>\n<p>&nbsp;<\/p>\n<div class=\"zak-oembed-container\"><iframe title=\"FLUX Beamo Hybrid Diode Laser\" width=\"812\" height=\"457\" src=\"https:\/\/www.youtube.com\/embed\/Uqjx5K4UlDc?feature=oembed\" frameborder=\"0\" allow=\"accelerometer; autoplay; clipboard-write; encrypted-media; gyroscope; picture-in-picture; web-share\" referrerpolicy=\"strict-origin-when-cross-origin\" allowfullscreen><\/iframe><\/div>\n","protected":false},"excerpt":{"rendered":"<p>Il s&rsquo;agit d&rsquo;un accessoire facile \u00e0 installer pour votre <a href=\"https:\/\/fluxlasers.es\/producto\/beamo\/\">Beamo<\/a>.<\/p>\n<p>Gr\u00e2ce \u00e0 ce module compl\u00e9mentaire, vous pouvez graver facilement le m\u00e9tal et d&rsquo;autres mat\u00e9riaux.<\/p>\n","protected":false},"featured_media":6176,"template":"","meta":{"zakra_page_container_layout":"customizer","zakra_page_sidebar_layout":"customizer","zakra_remove_content_margin":false,"zakra_sidebar":"customizer","zakra_transparent_header":"customizer","zakra_logo":0,"zakra_main_header_style":"default","zakra_menu_item_color":"","zakra_menu_item_hover_color":"","zakra_menu_item_active_color":"","zakra_menu_active_style":"","zakra_page_header":true,"_eb_attr":""},"product_brand":[],"product_cat":[424,241],"product_tag":[],"class_list":{"0":"post-7682","1":"product","2":"type-product","3":"status-publish","4":"has-post-thumbnail","6":"product_cat-accessoires-pour-fluxlasers","7":"product_cat-fluxlasers-fr","9":"first","10":"instock","11":"taxable","12":"shipping-taxable","13":"purchasable","14":"product-type-simple"},"_links":{"self":[{"href":"https:\/\/bomedia.net\/fr\/wp-json\/wp\/v2\/product\/7682","targetHints":{"allow":["GET"]}}],"collection":[{"href":"https:\/\/bomedia.net\/fr\/wp-json\/wp\/v2\/product"}],"about":[{"href":"https:\/\/bomedia.net\/fr\/wp-json\/wp\/v2\/types\/product"}],"version-history":[{"count":1,"href":"https:\/\/bomedia.net\/fr\/wp-json\/wp\/v2\/product\/7682\/revisions"}],"predecessor-version":[{"id":7685,"href":"https:\/\/bomedia.net\/fr\/wp-json\/wp\/v2\/product\/7682\/revisions\/7685"}],"wp:featuredmedia":[{"embeddable":true,"href":"https:\/\/bomedia.net\/fr\/wp-json\/wp\/v2\/media\/6176"}],"wp:attachment":[{"href":"https:\/\/bomedia.net\/fr\/wp-json\/wp\/v2\/media?parent=7682"}],"wp:term":[{"taxonomy":"product_brand","embeddable":true,"href":"https:\/\/bomedia.net\/fr\/wp-json\/wp\/v2\/product_brand?post=7682"},{"taxonomy":"product_cat","embeddable":true,"href":"https:\/\/bomedia.net\/fr\/wp-json\/wp\/v2\/product_cat?post=7682"},{"taxonomy":"product_tag","embeddable":true,"href":"https:\/\/bomedia.net\/fr\/wp-json\/wp\/v2\/product_tag?post=7682"}],"curies":[{"name":"wp","href":"https:\/\/api.w.org\/{rel}","templated":true}]}}