{"id":7712,"date":"2020-01-30T04:55:05","date_gmt":"2020-01-30T04:55:05","guid":{"rendered":"https:\/\/bomedia.net\/product\/miroirs-reflechissants-flux-3-pieces"},"modified":"2024-03-15T15:53:54","modified_gmt":"2024-03-15T15:53:54","slug":"miroirs-reflechissants-flux-3-pieces","status":"publish","type":"product","link":"https:\/\/bomedia.net\/fr\/produit\/miroirs-reflechissants-flux-3-pieces","title":{"rendered":"Miroirs r\u00e9fl\u00e9chissants FLUX (3 pi\u00e8ces)"},"content":{"rendered":"<p>Kit de 3 miroirs r\u00e9fl\u00e9chissants pour <a href=\"https:\/\/fluxlasers.es\/producto\/beamo\/\">Beamo<\/a>, <a href=\"https:\/\/fluxlasers.es\/producto\/beambox\/\">Beambox<\/a> et <a href=\"https:\/\/fluxlasers.es\/producto\/beambox-pro\/\">Beambox Pro<\/a><\/p>\n","protected":false},"excerpt":{"rendered":"<p>Kit de 3 miroirs r\u00e9fl\u00e9chissants pour <a href=\"https:\/\/fluxlasers.es\/producto\/beamo\/\">Beamo<\/a>, <a href=\"https:\/\/fluxlasers.es\/producto\/beambox\/\">Beambox<\/a> et <a href=\"https:\/\/fluxlasers.es\/producto\/beambox-pro\/\">Beambox Pro<\/a><\/p>\n","protected":false},"featured_media":6138,"template":"","meta":{"zakra_page_container_layout":"customizer","zakra_page_sidebar_layout":"customizer","zakra_remove_content_margin":false,"zakra_sidebar":"customizer","zakra_transparent_header":"customizer","zakra_logo":0,"zakra_main_header_style":"default","zakra_menu_item_color":"","zakra_menu_item_hover_color":"","zakra_menu_item_active_color":"","zakra_menu_active_style":"","zakra_page_header":true,"_eb_attr":""},"product_brand":[],"product_cat":[241,413],"product_tag":[],"class_list":{"0":"post-7712","1":"product","2":"type-product","3":"status-publish","4":"has-post-thumbnail","6":"product_cat-fluxlasers-fr","7":"product_cat-pieces-de-rechange-pour-les-fluxlasers","9":"first","10":"instock","11":"taxable","12":"shipping-taxable","13":"purchasable","14":"product-type-simple"},"_links":{"self":[{"href":"https:\/\/bomedia.net\/fr\/wp-json\/wp\/v2\/product\/7712","targetHints":{"allow":["GET"]}}],"collection":[{"href":"https:\/\/bomedia.net\/fr\/wp-json\/wp\/v2\/product"}],"about":[{"href":"https:\/\/bomedia.net\/fr\/wp-json\/wp\/v2\/types\/product"}],"version-history":[{"count":1,"href":"https:\/\/bomedia.net\/fr\/wp-json\/wp\/v2\/product\/7712\/revisions"}],"predecessor-version":[{"id":7715,"href":"https:\/\/bomedia.net\/fr\/wp-json\/wp\/v2\/product\/7712\/revisions\/7715"}],"wp:featuredmedia":[{"embeddable":true,"href":"https:\/\/bomedia.net\/fr\/wp-json\/wp\/v2\/media\/6138"}],"wp:attachment":[{"href":"https:\/\/bomedia.net\/fr\/wp-json\/wp\/v2\/media?parent=7712"}],"wp:term":[{"taxonomy":"product_brand","embeddable":true,"href":"https:\/\/bomedia.net\/fr\/wp-json\/wp\/v2\/product_brand?post=7712"},{"taxonomy":"product_cat","embeddable":true,"href":"https:\/\/bomedia.net\/fr\/wp-json\/wp\/v2\/product_cat?post=7712"},{"taxonomy":"product_tag","embeddable":true,"href":"https:\/\/bomedia.net\/fr\/wp-json\/wp\/v2\/product_tag?post=7712"}],"curies":[{"name":"wp","href":"https:\/\/api.w.org\/{rel}","templated":true}]}}