{"id":7757,"date":"2020-01-30T04:21:36","date_gmt":"2020-01-30T04:21:36","guid":{"rendered":"https:\/\/bomedia.net\/product\/module-rotatif-pour-beamo"},"modified":"2020-01-30T04:21:36","modified_gmt":"2020-01-30T04:21:36","slug":"module-rotatif-pour-beamo","status":"publish","type":"product","link":"https:\/\/bomedia.net\/fr\/produit\/module-rotatif-pour-beamo","title":{"rendered":"Module rotatif pour Beamo"},"content":{"rendered":"<p>Cet accessoire vous permet de graver des objets circulaires tels que des verres, des tasses, des bougies, etc. avec votre <a href=\"https:\/\/fluxlasers.es\/producto\/beamo\/\">Beamo<\/a><\/p>\n<p>Il est tr\u00e8s facile \u00e0 installer et \u00e0 utiliser pour la gravure sur des objets circulaires.<\/p>\n<p>Ce compl\u00e9ment sert de base \u00e9largie pour votre Beamo, augmentant la hauteur maximale du mat\u00e9riel de 45 mm \u00e0 105 mm.<\/p>\n<p>La gamme de diam\u00e8tres qu&rsquo;il peut contenir va de 8 mm \u00e0 90 mm, ce qui permet de travailler avec n&rsquo;importe quel objet, d&rsquo;un stylo \u00e0 un verre de 30 oz.<\/p>\n<p>&nbsp;<\/p>\n<div class=\"zak-oembed-container\"><iframe title=\"beamo - Rotary Add-on\" width=\"812\" height=\"457\" src=\"https:\/\/www.youtube.com\/embed\/FMX-WhGx23c?feature=oembed\" frameborder=\"0\" allow=\"accelerometer; autoplay; clipboard-write; encrypted-media; gyroscope; picture-in-picture; web-share\" referrerpolicy=\"strict-origin-when-cross-origin\" allowfullscreen><\/iframe><\/div>\n","protected":false},"excerpt":{"rendered":"<p>Cet accessoire vous permet de graver sur des objets circulaires avec votre <a href=\"https:\/\/fluxlasers.es\/producto\/beamo\/\">Beamo<\/a><\/p>\n","protected":false},"featured_media":6086,"template":"","meta":{"zakra_page_container_layout":"customizer","zakra_page_sidebar_layout":"customizer","zakra_remove_content_margin":false,"zakra_sidebar":"customizer","zakra_transparent_header":"customizer","zakra_logo":0,"zakra_main_header_style":"default","zakra_menu_item_color":"","zakra_menu_item_hover_color":"","zakra_menu_item_active_color":"","zakra_menu_active_style":"","zakra_page_header":true,"_eb_attr":""},"product_brand":[],"product_cat":[424,241],"product_tag":[],"class_list":{"0":"post-7757","1":"product","2":"type-product","3":"status-publish","4":"has-post-thumbnail","6":"product_cat-accessoires-pour-fluxlasers","7":"product_cat-fluxlasers-fr","9":"first","10":"instock","11":"featured","12":"taxable","13":"shipping-taxable","14":"purchasable","15":"product-type-simple"},"_links":{"self":[{"href":"https:\/\/bomedia.net\/fr\/wp-json\/wp\/v2\/product\/7757","targetHints":{"allow":["GET"]}}],"collection":[{"href":"https:\/\/bomedia.net\/fr\/wp-json\/wp\/v2\/product"}],"about":[{"href":"https:\/\/bomedia.net\/fr\/wp-json\/wp\/v2\/types\/product"}],"version-history":[{"count":0,"href":"https:\/\/bomedia.net\/fr\/wp-json\/wp\/v2\/product\/7757\/revisions"}],"wp:featuredmedia":[{"embeddable":true,"href":"https:\/\/bomedia.net\/fr\/wp-json\/wp\/v2\/media\/6086"}],"wp:attachment":[{"href":"https:\/\/bomedia.net\/fr\/wp-json\/wp\/v2\/media?parent=7757"}],"wp:term":[{"taxonomy":"product_brand","embeddable":true,"href":"https:\/\/bomedia.net\/fr\/wp-json\/wp\/v2\/product_brand?post=7757"},{"taxonomy":"product_cat","embeddable":true,"href":"https:\/\/bomedia.net\/fr\/wp-json\/wp\/v2\/product_cat?post=7757"},{"taxonomy":"product_tag","embeddable":true,"href":"https:\/\/bomedia.net\/fr\/wp-json\/wp\/v2\/product_tag?post=7757"}],"curies":[{"name":"wp","href":"https:\/\/api.w.org\/{rel}","templated":true}]}}