{"id":7762,"date":"2020-01-30T04:15:24","date_gmt":"2020-01-30T04:15:24","guid":{"rendered":"https:\/\/bomedia.net\/product\/module-rotatif-pour-beambox-et-beambox-pro"},"modified":"2020-01-30T04:15:24","modified_gmt":"2020-01-30T04:15:24","slug":"module-rotatif-pour-beambox-et-beambox-pro","status":"publish","type":"product","link":"https:\/\/bomedia.net\/fr\/produit\/module-rotatif-pour-beambox-et-beambox-pro","title":{"rendered":"Module rotatif pour Beambox et Beambox Pro"},"content":{"rendered":"<p>Cet accessoire permet de graver sur des objets circulaires tels que des verres, des tasses, des bougies, etc.<\/p>\n<p>Il est tr\u00e8s facile \u00e0 installer et \u00e0 utiliser pour la gravure sur des objets circulaires.<\/p>\n<p><strong>Sp\u00e9cifications :<\/strong><\/p>\n<p>Hauteur de l&rsquo;objet : 1-8 cm<br \/>\nPoids de l&rsquo;objet : 2 kg<br \/>\nLongueur maximale de l&rsquo;objet : 30 cm pour Beambox, 50 cm pour Pro (en fonction du centre de masse)<\/p>\n","protected":false},"excerpt":{"rendered":"<p>Cet accessoire permet de graver sur des objets circulaires tels que des verres, des tasses, des bougies, etc.<\/p>\n","protected":false},"featured_media":6080,"template":"","meta":{"zakra_page_container_layout":"customizer","zakra_page_sidebar_layout":"customizer","zakra_remove_content_margin":false,"zakra_sidebar":"customizer","zakra_transparent_header":"customizer","zakra_logo":0,"zakra_main_header_style":"default","zakra_menu_item_color":"","zakra_menu_item_hover_color":"","zakra_menu_item_active_color":"","zakra_menu_active_style":"","zakra_page_header":true,"_eb_attr":""},"product_brand":[],"product_cat":[424,241],"product_tag":[],"class_list":{"0":"post-7762","1":"product","2":"type-product","3":"status-publish","4":"has-post-thumbnail","6":"product_cat-accessoires-pour-fluxlasers","7":"product_cat-fluxlasers-fr","9":"first","10":"instock","11":"featured","12":"taxable","13":"shipping-taxable","14":"purchasable","15":"product-type-simple"},"_links":{"self":[{"href":"https:\/\/bomedia.net\/fr\/wp-json\/wp\/v2\/product\/7762","targetHints":{"allow":["GET"]}}],"collection":[{"href":"https:\/\/bomedia.net\/fr\/wp-json\/wp\/v2\/product"}],"about":[{"href":"https:\/\/bomedia.net\/fr\/wp-json\/wp\/v2\/types\/product"}],"version-history":[{"count":0,"href":"https:\/\/bomedia.net\/fr\/wp-json\/wp\/v2\/product\/7762\/revisions"}],"wp:featuredmedia":[{"embeddable":true,"href":"https:\/\/bomedia.net\/fr\/wp-json\/wp\/v2\/media\/6080"}],"wp:attachment":[{"href":"https:\/\/bomedia.net\/fr\/wp-json\/wp\/v2\/media?parent=7762"}],"wp:term":[{"taxonomy":"product_brand","embeddable":true,"href":"https:\/\/bomedia.net\/fr\/wp-json\/wp\/v2\/product_brand?post=7762"},{"taxonomy":"product_cat","embeddable":true,"href":"https:\/\/bomedia.net\/fr\/wp-json\/wp\/v2\/product_cat?post=7762"},{"taxonomy":"product_tag","embeddable":true,"href":"https:\/\/bomedia.net\/fr\/wp-json\/wp\/v2\/product_tag?post=7762"}],"curies":[{"name":"wp","href":"https:\/\/api.w.org\/{rel}","templated":true}]}}