{"id":7805,"date":"2017-11-21T11:59:23","date_gmt":"2017-11-21T11:59:23","guid":{"rendered":"https:\/\/bomedia.net\/product\/logiciel-dimpression-whiterip"},"modified":"2017-11-21T11:59:23","modified_gmt":"2017-11-21T11:59:23","slug":"logiciel-dimpression-whiterip","status":"publish","type":"product","link":"https:\/\/bomedia.net\/fr\/produit\/logiciel-dimpression-whiterip","title":{"rendered":"Logiciel d&rsquo;impression WhiteRIP"},"content":{"rendered":"<div class=\"rte\">\n<p>&nbsp;<\/p>\n<p>Le code de processus construit pour <strong>WhiteRip<\/strong> fournit diff\u00e9rents algorithmes de demi-teintes, y compris la r\u00e9gulation de l&rsquo;amplitude et de la fr\u00e9quence.<\/p>\n<p>La gestion des couleurs est bas\u00e9e sur les profils WICC. Outre les profils par d\u00e9faut, il est possible d&rsquo;utiliser de nouveaux profils adapt\u00e9s aux besoins individuels. Il est \u00e9galement possible de modifier intuitivement le rendu des couleurs des impressions en changeant les limites de l&rsquo;encre.<\/p>\n<p>Le logiciel est capable de g\u00e9rer, en plus des 6 couleurs de traitement, l&rsquo;impression avec du blanc. La g\u00e9n\u00e9ration de la couche blanche est enti\u00e8rement automatis\u00e9e et optimis\u00e9e pour diff\u00e9rents domaines d&rsquo;utilisation, s\u00e9lectif, global, pour fond noir ou pour des utilisations cr\u00e9atives. Il peut \u00e9galement \u00eatre g\u00e9n\u00e9r\u00e9 manuellement.<\/p>\n<p><strong>WhiteRip est \u00e9galement capable d&rsquo;imprimer les couches blanches et couleurs dans le m\u00eame passage, avec plus de pr\u00e9cision et de rapidit\u00e9. M\u00eame sur une table mal \u00e9quilibr\u00e9e, les deux couches seront parfaitement align\u00e9es.<\/strong><\/p>\n<blockquote>\n<ul>\n<li>R\u00e9duit de moiti\u00e9 le nombre de passes d&rsquo;impression.<\/li>\n<li>R\u00e9duit le temps de pr\u00e9paration de la table pour l&rsquo;impression de la deuxi\u00e8me couche.<\/li>\n<\/ul>\n<\/blockquote>\n<p><strong>La version UV vous permettra d&rsquo;imprimer jusqu&rsquo;\u00e0 trois couches simultan\u00e9ment sur n&rsquo;importe quel mat\u00e9riau, augmentant ainsi les avantages de l&rsquo;impression traditionnelle.<\/strong><\/p>\n<\/div>\n","protected":false},"excerpt":{"rendered":"<h6>WhiteRip peut \u00eatre appliqu\u00e9 dans diff\u00e9rents domaines, principalement :<\/h6>\n<p><strong>WhiteRip Textile, pour l&rsquo;impression textile<\/strong><\/p>\n<p><strong>WhiteRip UV pour les imprimantes \u00e0 plat multi-objets<\/strong><\/p>\n<p><strong>Le programme fonctionne avec la plupart des formats de fichiers graphiques, matriciels ou vectoriels, notamment JPG, TIFF, BMP, PSD. Il est \u00e9quip\u00e9 d&rsquo;un moteur de rendu 16 bits qui permet d&rsquo;obtenir une meilleure qualit\u00e9 de d\u00e9tails.<\/strong><\/p>\n<p><a class=\"fasc-button fasc-size-medium fasc-type-glossy fasc-rounded-medium fasc-ico-before dashicons-edit\" style=\"background-color: #33809e; color: #ffffff;\" href=\"\/contacto\/\">Demande d&rsquo;informations et de devis<\/a><\/p>\n","protected":false},"featured_media":5205,"template":"","meta":{"zakra_page_container_layout":"customizer","zakra_page_sidebar_layout":"customizer","zakra_remove_content_margin":false,"zakra_sidebar":"customizer","zakra_transparent_header":"customizer","zakra_logo":0,"zakra_main_header_style":"default","zakra_menu_item_color":"","zakra_menu_item_hover_color":"","zakra_menu_item_active_color":"","zakra_menu_active_style":"","zakra_page_header":true,"_eb_attr":""},"product_brand":[],"product_cat":[154],"product_tag":[],"class_list":{"0":"post-7805","1":"product","2":"type-product","3":"status-publish","4":"has-post-thumbnail","6":"product_cat-pieces-de-rechange-led-uv","8":"first","9":"instock","10":"taxable","11":"shipping-taxable","12":"product-type-simple"},"_links":{"self":[{"href":"https:\/\/bomedia.net\/fr\/wp-json\/wp\/v2\/product\/7805","targetHints":{"allow":["GET"]}}],"collection":[{"href":"https:\/\/bomedia.net\/fr\/wp-json\/wp\/v2\/product"}],"about":[{"href":"https:\/\/bomedia.net\/fr\/wp-json\/wp\/v2\/types\/product"}],"version-history":[{"count":0,"href":"https:\/\/bomedia.net\/fr\/wp-json\/wp\/v2\/product\/7805\/revisions"}],"wp:featuredmedia":[{"embeddable":true,"href":"https:\/\/bomedia.net\/fr\/wp-json\/wp\/v2\/media\/5205"}],"wp:attachment":[{"href":"https:\/\/bomedia.net\/fr\/wp-json\/wp\/v2\/media?parent=7805"}],"wp:term":[{"taxonomy":"product_brand","embeddable":true,"href":"https:\/\/bomedia.net\/fr\/wp-json\/wp\/v2\/product_brand?post=7805"},{"taxonomy":"product_cat","embeddable":true,"href":"https:\/\/bomedia.net\/fr\/wp-json\/wp\/v2\/product_cat?post=7805"},{"taxonomy":"product_tag","embeddable":true,"href":"https:\/\/bomedia.net\/fr\/wp-json\/wp\/v2\/product_tag?post=7805"}],"curies":[{"name":"wp","href":"https:\/\/api.w.org\/{rel}","templated":true}]}}