{"id":7808,"date":"2017-11-21T11:33:34","date_gmt":"2017-11-21T11:33:34","guid":{"rendered":"https:\/\/bomedia.net\/product\/damper-textile-et-ecos"},"modified":"2024-03-15T15:54:48","modified_gmt":"2024-03-15T15:54:48","slug":"damper-textile-et-ecos","status":"publish","type":"product","link":"https:\/\/bomedia.net\/fr\/produit\/damper-textile-et-ecos","title":{"rendered":"Damper Textile et EcoS"},"content":{"rendered":"","protected":false},"excerpt":{"rendered":"<h6>Amortisseur compatible avec les t\u00eates d&rsquo;impression Epson<\/h6>\n<p>Pi\u00e8ces d\u00e9tach\u00e9es pour les mod\u00e8les :<\/p>\n<p>Tous les mod\u00e8les <a href=\"http:\/\/artisjet-spain.es\/impresoras-textil-directa\/\">Artisjet Textile Direct<\/a> et pour les autres mod\u00e8les compatibles avec les t\u00eates d&rsquo;impression Epson.<\/p>\n<p><a class=\"fasc-button fasc-size-medium fasc-type-glossy fasc-rounded-medium fasc-ico-before dashicons-edit\" href=\"\/contacto\/\">Demander le prix et plus d&rsquo;informations<\/a><\/p>\n","protected":false},"featured_media":5201,"template":"","meta":{"zakra_page_container_layout":"customizer","zakra_page_sidebar_layout":"customizer","zakra_remove_content_margin":false,"zakra_sidebar":"customizer","zakra_transparent_header":"customizer","zakra_logo":0,"zakra_main_header_style":"default","zakra_menu_item_color":"","zakra_menu_item_hover_color":"","zakra_menu_item_active_color":"","zakra_menu_active_style":"","zakra_page_header":true,"_eb_attr":""},"product_brand":[],"product_cat":[154],"product_tag":[],"class_list":{"0":"post-7808","1":"product","2":"type-product","3":"status-publish","4":"has-post-thumbnail","6":"product_cat-pieces-de-rechange-led-uv","8":"first","9":"instock","10":"taxable","11":"shipping-taxable","12":"purchasable","13":"product-type-simple"},"_links":{"self":[{"href":"https:\/\/bomedia.net\/fr\/wp-json\/wp\/v2\/product\/7808","targetHints":{"allow":["GET"]}}],"collection":[{"href":"https:\/\/bomedia.net\/fr\/wp-json\/wp\/v2\/product"}],"about":[{"href":"https:\/\/bomedia.net\/fr\/wp-json\/wp\/v2\/types\/product"}],"version-history":[{"count":1,"href":"https:\/\/bomedia.net\/fr\/wp-json\/wp\/v2\/product\/7808\/revisions"}],"predecessor-version":[{"id":7826,"href":"https:\/\/bomedia.net\/fr\/wp-json\/wp\/v2\/product\/7808\/revisions\/7826"}],"wp:featuredmedia":[{"embeddable":true,"href":"https:\/\/bomedia.net\/fr\/wp-json\/wp\/v2\/media\/5201"}],"wp:attachment":[{"href":"https:\/\/bomedia.net\/fr\/wp-json\/wp\/v2\/media?parent=7808"}],"wp:term":[{"taxonomy":"product_brand","embeddable":true,"href":"https:\/\/bomedia.net\/fr\/wp-json\/wp\/v2\/product_brand?post=7808"},{"taxonomy":"product_cat","embeddable":true,"href":"https:\/\/bomedia.net\/fr\/wp-json\/wp\/v2\/product_cat?post=7808"},{"taxonomy":"product_tag","embeddable":true,"href":"https:\/\/bomedia.net\/fr\/wp-json\/wp\/v2\/product_tag?post=7808"}],"curies":[{"name":"wp","href":"https:\/\/api.w.org\/{rel}","templated":true}]}}