{"id":7813,"date":"2017-11-21T11:26:14","date_gmt":"2017-11-21T11:26:14","guid":{"rendered":"https:\/\/bomedia.net\/product\/modeles-et-moules-personnalises"},"modified":"2024-03-15T15:54:47","modified_gmt":"2024-03-15T15:54:47","slug":"modeles-et-moules-personnalises","status":"publish","type":"product","link":"https:\/\/bomedia.net\/fr\/produit\/modeles-et-moules-personnalises","title":{"rendered":"Mod\u00e8les et moules personnalis\u00e9s"},"content":{"rendered":"","protected":false},"excerpt":{"rendered":"<h6>Moules standard ou personnalis\u00e9s<\/h6>\n<p>Pour tous les types de produits et dans toutes les tailles.<\/p>\n<p>Nous disposons de mod\u00e8les g\u00e9n\u00e9riques pour les produits les plus courants et nous pouvons r\u00e9aliser des commandes sur mesure pour toutes sortes d&rsquo;objets.<\/p>\n<p>Y compris la configuration du mod\u00e8le dans le logiciel d&rsquo;impression.<\/p>\n<p><em>A partir de 80<\/em><\/p>\n<p><a class=\"fasc-button fasc-size-medium fasc-type-glossy fasc-rounded-medium fasc-ico-before dashicons-edit\" href=\"\/contacto\/\">Demander le prix et plus d&rsquo;informations<\/a><\/p>\n<p>&nbsp;<\/p>\n","protected":false},"featured_media":5197,"template":"","meta":{"zakra_page_container_layout":"customizer","zakra_page_sidebar_layout":"customizer","zakra_remove_content_margin":false,"zakra_sidebar":"customizer","zakra_transparent_header":"customizer","zakra_logo":0,"zakra_main_header_style":"default","zakra_menu_item_color":"","zakra_menu_item_hover_color":"","zakra_menu_item_active_color":"","zakra_menu_active_style":"","zakra_page_header":true,"_eb_attr":""},"product_brand":[],"product_cat":[154],"product_tag":[],"class_list":{"0":"post-7813","1":"product","2":"type-product","3":"status-publish","4":"has-post-thumbnail","6":"product_cat-pieces-de-rechange-led-uv","8":"first","9":"instock","10":"taxable","11":"shipping-taxable","12":"product-type-simple"},"_links":{"self":[{"href":"https:\/\/bomedia.net\/fr\/wp-json\/wp\/v2\/product\/7813","targetHints":{"allow":["GET"]}}],"collection":[{"href":"https:\/\/bomedia.net\/fr\/wp-json\/wp\/v2\/product"}],"about":[{"href":"https:\/\/bomedia.net\/fr\/wp-json\/wp\/v2\/types\/product"}],"version-history":[{"count":1,"href":"https:\/\/bomedia.net\/fr\/wp-json\/wp\/v2\/product\/7813\/revisions"}],"predecessor-version":[{"id":7821,"href":"https:\/\/bomedia.net\/fr\/wp-json\/wp\/v2\/product\/7813\/revisions\/7821"}],"wp:featuredmedia":[{"embeddable":true,"href":"https:\/\/bomedia.net\/fr\/wp-json\/wp\/v2\/media\/5197"}],"wp:attachment":[{"href":"https:\/\/bomedia.net\/fr\/wp-json\/wp\/v2\/media?parent=7813"}],"wp:term":[{"taxonomy":"product_brand","embeddable":true,"href":"https:\/\/bomedia.net\/fr\/wp-json\/wp\/v2\/product_brand?post=7813"},{"taxonomy":"product_cat","embeddable":true,"href":"https:\/\/bomedia.net\/fr\/wp-json\/wp\/v2\/product_cat?post=7813"},{"taxonomy":"product_tag","embeddable":true,"href":"https:\/\/bomedia.net\/fr\/wp-json\/wp\/v2\/product_tag?post=7813"}],"curies":[{"name":"wp","href":"https:\/\/api.w.org\/{rel}","templated":true}]}}